{"id":13,"date":"2024-11-20T22:22:28","date_gmt":"2024-11-21T01:22:28","guid":{"rendered":"https:\/\/exigreenseeds.com\/new\/?page_id=13"},"modified":"2024-11-20T23:02:07","modified_gmt":"2024-11-21T02:02:07","slug":"politica-de-reembolso-e-devolucoes","status":"publish","type":"page","link":"https:\/\/exigreen.com\/en\/politica-de-reembolso-e-devolucoes\/","title":{"rendered":"Refund and Returns Policy"},"content":{"rendered":"<div data-elementor-type=\"wp-page\" data-elementor-id=\"13\" class=\"elementor elementor-13\">\n\t\t\t\t<div class=\"elementor-element elementor-element-3e38d40e e-flex e-con-boxed e-con e-parent\" data-id=\"3e38d40e\" data-element_type=\"container\" data-e-type=\"container\">\r\n\t\t\t\t\t<div class=\"e-con-inner\">\r\n\t\t\t\t<div class=\"elementor-element elementor-element-4e4058e3 elementor-widget elementor-widget-text-editor\" data-id=\"4e4058e3\" data-element_type=\"widget\" data-e-type=\"widget\" data-widget_type=\"text-editor.default\">\n\t\t\t\t<div class=\"elementor-widget-container\">\n\t\t\t\t\t\t\t\t\t<p><\/p>\n<h3><strong>Refund and Returns Policy<\/strong><\/h3>\n<h5>Na Exi Green Seeds, nosso compromisso \u00e9 proporcionar uma experi\u00eancia de compra excepcional e satisfat\u00f3ria, oferecendo produtos de alta qualidade, incluindo sementes de cannabis de alto padr\u00e3o. Entendemos que, mesmo com nossa garantia de 99% de germina\u00e7\u00e3o, podem ocorrer falhas ocasionais devido \u00e0 natureza org\u00e2nica de nossos produtos. Estamos aqui para resolver qualquer problema que voc\u00ea possa enfrentar e garantir sua satisfa\u00e7\u00e3o.\u201d<\/h5>\n<h5>Dessa forma, o texto flui melhor ao destacar seu compromisso com a qualidade dos produtos e a resolu\u00e7\u00e3o de problemas para os clientes.<\/h5>\n<div><br><\/div>\n<h3><strong>Restri\u00e7\u00f5es de Idade:<\/strong><\/h3>\n<h5>Todos os produtos dispon\u00edveis em nosso site s\u00e3o proibidos para menores de 18 anos. Levamos a s\u00e9rio a responsabilidade de promover o uso respons\u00e1vel de nossos produtos.<\/h5>\n<div><br><\/div>\n<h3><strong>Sementes de Cannabis Colecion\u00e1veis:<\/strong><\/h3>\n<h5>Oferecemos sementes de cannabis como itens de cole\u00e7\u00e3o em pa\u00edses onde o cultivo de cannabis \u00e9 ilegal. No entanto, \u00e9 importante destacar que a germina\u00e7\u00e3o de sementes de cannabis pode ser ilegal em muitos pa\u00edses. As sementes de cannabis vendidas pela Exi Green Seeds destinam-se exclusivamente a fins colecion\u00e1veis e n\u00e3o devem ser utilizadas para promover atividades ilegais.<\/h5>\n<div><br><\/div>\n<h3><strong>Pol\u00edtica de N\u00e3o Devolu\u00e7\u00e3o:<\/strong><\/h3>\n<h5>Por favor, note que n\u00e3o aceitamos devolu\u00e7\u00f5es de sementes de cannabis, uma vez que s\u00e3o produtos org\u00e2nicos e n\u00e3o podem ser reutilizados. Em vez disso, estamos comprometidos em encontrar uma solu\u00e7\u00e3o satisfat\u00f3ria para voc\u00ea.<\/h5>\n<div><br><\/div>\n<h3><strong>Resolu\u00e7\u00e3o de Problemas:<\/strong><\/h3>\n<h5>Quando voc\u00ea entrar em contato conosco e explicar o problema encontrado, nossa equipe dedicada avaliar\u00e1 a situa\u00e7\u00e3o. Em muitos casos, enviaremos um pacote adicional de sementes sem custos adicionais, sem a necessidade de devolu\u00e7\u00e3o das sementes problem\u00e1ticas.<\/h5>\n<div><br><\/div>\n<h3><strong>Reembolsos:<\/strong><\/h3>\n<h5>Caso seu produto esteja defeituoso ou n\u00e3o atenda \u00e0s suas expectativas, entre em contato conosco dentro de 30 dias a partir da data da compra. Faremos uma avalia\u00e7\u00e3o e, se for eleg\u00edvel, processaremos o reembolso ou substitui\u00e7\u00e3o do produto, a crit\u00e9rio do cliente como descrevemos na cl\u00e1usula acima.<\/h5>\n<h5>Por favor, note que os reembolsos n\u00e3o s\u00e3o aplic\u00e1veis a produtos abertos ou danificados ap\u00f3s a entrega.<\/h5>\n<h5>A Exi Green Seeds est\u00e1 comprometida em cumprir todas as leis e regulamenta\u00e7\u00f5es aplic\u00e1veis. Encorajamos nossos clientes a fazer o mesmo e a usar nossos produtos de maneira respons\u00e1vel e de acordo com as leis locais em seu pa\u00eds.<\/h5><div><br><\/div>\n<h3>Agradecemos por escolher a Exi Green Seeds e estamos \u00e0 disposi\u00e7\u00e3o para ajud\u00e1-lo com qualquer d\u00favida ou preocupa\u00e7\u00e3o que possa ter.<\/h3>\n<p><\/p>\t\t\t\t\t\t\t\t<\/div>\n\t\t\t\t<\/div>\n\t\t\t\t\t<\/div>\n\t\t\t\t<\/div>\n\t\t\t\t<\/div>","protected":false},"excerpt":{"rendered":"<p>Pol\u00edtica de Reembolso e Devolu\u00e7\u00f5es Na Exi Green Seeds, nosso compromisso \u00e9 proporcionar uma experi\u00eancia de compra excepcional e satisfat\u00f3ria, oferecendo produtos de alta qualidade, incluindo sementes de cannabis de alto padr\u00e3o. Entendemos que, mesmo com nossa garantia de 99% de germina\u00e7\u00e3o, podem ocorrer falhas ocasionais devido \u00e0 natureza org\u00e2nica de nossos produtos. Estamos aqui [&hellip;]<\/p>\n","protected":false},"author":1,"featured_media":0,"parent":0,"menu_order":0,"comment_status":"closed","ping_status":"closed","template":"","meta":{"_acf_changed":false,"_joinchat":[],"footnotes":""},"class_list":["post-13","page","type-page","status-publish","hentry"],"acf":[],"_links":{"self":[{"href":"https:\/\/exigreen.com\/en\/wp-json\/wp\/v2\/pages\/13","targetHints":{"allow":["GET"]}}],"collection":[{"href":"https:\/\/exigreen.com\/en\/wp-json\/wp\/v2\/pages"}],"about":[{"href":"https:\/\/exigreen.com\/en\/wp-json\/wp\/v2\/types\/page"}],"author":[{"embeddable":true,"href":"https:\/\/exigreen.com\/en\/wp-json\/wp\/v2\/users\/1"}],"replies":[{"embeddable":true,"href":"https:\/\/exigreen.com\/en\/wp-json\/wp\/v2\/comments?post=13"}],"version-history":[{"count":4,"href":"https:\/\/exigreen.com\/en\/wp-json\/wp\/v2\/pages\/13\/revisions"}],"predecessor-version":[{"id":16544,"href":"https:\/\/exigreen.com\/en\/wp-json\/wp\/v2\/pages\/13\/revisions\/16544"}],"wp:attachment":[{"href":"https:\/\/exigreen.com\/en\/wp-json\/wp\/v2\/media?parent=13"}],"curies":[{"name":"wp","href":"https:\/\/api.w.org\/{rel}","templated":true}]}}