{"id":13804,"date":"2024-11-06T14:20:26","date_gmt":"2024-11-06T17:20:26","guid":{"rendered":"https:\/\/exigreenseeds.com\/new\/?post_type=product&#038;p=13804"},"modified":"2024-11-06T14:21:28","modified_gmt":"2024-11-06T17:21:28","slug":"og-324-feminizadas-5-unidades","status":"publish","type":"product","link":"https:\/\/exigreen.com\/en\/product\/og-324-feminizadas-5-unidades\/","title":{"rendered":"OG 324 Feminizadas \u2013 5 Unidades"},"content":{"rendered":"<p>A lend\u00e1ria OG KUSH 18, campe\u00e3 no velho e no novo continente, chegou \u00e0 Am\u00e9rica do Sul e ganhou nova for\u00e7a, gra\u00e7as \u00e0 sele\u00e7\u00e3o das duas melhores plantas de sementes selecionadas da OG 18 original, OG 18 x OG 18, o que significa OG Kush muito bem equilibrada em termos de estrutura, aroma e sabor.<\/p>\n<p>Algumas OG 18 de semente esticavam demais ou n\u00e3o tinham ramos suficientes. OG 324 tem dois pais OG 18 muito ramificados, de estatura baixa\/m\u00e9dia, com muito aroma em seus caules e flores, muita resina e buds duros, quase sem folhas, pura carne. O aroma e sabor s\u00e3o mais Sour ou \u00e1cidos do que o normal. \u00c9 muito vers\u00e1til, adaptando-se tanto ao cultivo interno quanto ao externo. Este fen\u00f3tipo extraordin\u00e1rio \u00e9 extremamente potente e \u00e9 um prazer v\u00ea-lo crescer e engordar. Parece ter um escudo protetor contra \u00e1caros vermelhos e mofo, pois sempre permanece intacto, tem as folhas necess\u00e1rias para uma boa fotoss\u00edntese e, quando floresce, parece ter apenas buds sem folhas.<\/p>\n<p>Aroma:<\/p>\n<p>A descri\u00e7\u00e3o do aroma muitas vezes \u00e9 subjetiva e pode variar de pessoa para pessoa. Geralmente, \u00e9 mais f\u00e1cil descrever uma OG Kush com palavras gen\u00e9ricas, mas sempre gostei de dar detalhes quando poss\u00edvel. OG 324 (e a maioria das OG-Chem) cheira a tinta de aquarela, tamb\u00e9m a espargos cozidos com um toque de mentol. Em menor escala, h\u00e1 um toque de combust\u00edvel, \u00e1cido e amargo. \u00c9 delicioso e muito dif\u00edcil de descrever. Um dia, enquanto estava usando tintas de aquarela, quando as misturei com \u00e1gua, senti um aroma semelhante ao OG 324, o mesmo aconteceu ao ferver espargos. Para capturar bem o aroma de uma planta, pegue um bud das partes inferiores com os dedos limpos e aperte-o levemente; o aroma nos dedos muitas vezes \u00e9 um registro mais oxigenado dos terpenos rec\u00e9m-liberados, assim como quando cheiramos um perfume na pele ap\u00f3s alguns segundos de aplica\u00e7\u00e3o.<\/p>\n<p>Sabor:<\/p>\n<p>Cozinhar folhas de louro no azeite d\u00e1 um sabor especial a molhos ou arrozes, oleoso e defumado, como uma deliciosa sopa de legumes com um toque de gasolina. Fumar \u00e9 uma experi\u00eancia sensacional; tem uma fuma\u00e7a que agrada todo o paladar, agridoce como uma bebida famosa \u00e0 base de alcachofra. Por algum motivo, \u00e9 agrad\u00e1vel em qualquer hora e nunca cansa, ao contr\u00e1rio de outras variedades do nosso banco que s\u00e3o frutadas. OG 324 \u00e9 mais como um vegetal delicioso na boca, com um rico e suave sabor mentolado ou defumado que perdura por muito tempo. Quando esta planta se tornou popular na costa oeste dos Estados Unidos, n\u00e3o foi apenas por seu aroma e sabor ex\u00f3ticos, mas tamb\u00e9m por seu impacto intenso que dura uma eternidade e deixa voc\u00ea em um estado de paz e relaxamento. N\u00e3o foi surpresa medir 25% de THC em uma planta.<\/p>\n<p>Pot\u00eancia:<\/p>\n<p>THC: 25% CBD: 0,4%<\/p>\n<p>Efeito:<\/p>\n<p>Fum\u00e1-la de manh\u00e3 n\u00e3o seria a melhor op\u00e7\u00e3o se tivermos que ser muito ativos. \u00d3tima para dores musculares, ansiedade e ins\u00f4nia, OG 324 deixa voc\u00ea muito tranquilo se n\u00e3o exagerar, pois n\u00e3o \u00e9 preciso muito para te derrubar. \u00c9 cl\u00e1ssico esquecer de tudo em todos os lugares. Em geral, provoca um bom humor estilo risada incontrol\u00e1vel que termina com uma sesta tranquilizante. Para iniciantes, pode ser um golpe muito forte, mas para aqueles que gostam de cannabis genu\u00edna e psicoativa, n\u00e3o podem deixar de cultivar OG 324.<\/p>","protected":false},"excerpt":{"rendered":"<div class=\"flex-1 overflow-hidden\">\n<div class=\"react-scroll-to-bottom--css-tofjz-79elbk h-full dark:bg-gray-800\">\n<div class=\"react-scroll-to-bottom--css-tofjz-1n7m0yu\">\n<div class=\"flex flex-col text-sm dark:bg-gray-800\">\n<div class=\"group w-full text-token-text-primary border-b border-black\/10 gizmo:border-0 dark:border-gray-900\/50 gizmo:dark:border-0 bg-gray-50 gizmo:bg-transparent dark:bg-[#444654] gizmo:dark:bg-transparent\" data-testid=\"conversation-turn-17\">\n<div class=\"p-4 justify-center text-base md:gap-6 md:py-6 m-auto\">\n<div class=\"flex flex-1 gap-4 text-base mx-auto md:gap-6 gizmo:gap-3 gizmo:md:px-5 gizmo:lg:px-1 gizmo:xl:px-5 md:max-w-2xl lg:max-w-[38rem] gizmo:md:max-w-3xl gizmo:lg:max-w-[40rem] gizmo:xl:max-w-[48rem] xl:max-w-3xl }\">\n<div class=\"relative flex w-[calc(100%-50px)] flex-col gap-1 gizmo:w-full md:gap-3 lg:w-[calc(100%-115px)] agent-turn\">\n<div class=\"flex flex-grow flex-col gap-3 max-w-full\">\n<div class=\"min-h-[20px] flex flex-col items-start gap-3 overflow-x-auto whitespace-pre-wrap break-words\">\n<div class=\"markdown prose w-full break-words dark:prose-invert light\">\n<h3><strong>Ficha T\u00e9cnica<\/strong><\/h3>\n<hr \/>\n<p>GEN\u00c9TICA: OG 18 X OG 18 FLORACI\u00d3N: 60 d\u00edas<\/p>\n<p>AROMA: Lembrando tinta de aquarela com toques de espargos cozidos e mentol.<\/p>\n<p>SABOR: Sabor de louro em \u00f3leo, lembrando sopa de legumes com um toque de gasolina.<\/p>\n<p>Sativa 20% INDICA 80%<\/p>\n<p>ALTURA: Indoor: 1,65m | Exterior: 2,80m<\/p>\n<p>PRODUCCION: Indoor: 550g\/m2 | Exterior: 950g por planta<\/p>\n<p>THC: 25% CBD: 0,4%<\/p>\n<hr \/>\n<p>&nbsp;<\/p>\n<\/div>\n<\/div>\n<\/div>\n<\/div>\n<\/div>\n<\/div>\n<\/div>\n<\/div>\n<\/div>\n<\/div>\n<\/div>\n","protected":false},"featured_media":13860,"template":"","meta":{"_acf_changed":false,"_joinchat":[]},"product_brand":[],"product_cat":[90,81],"product_tag":[],"class_list":{"0":"post-13804","1":"product","2":"type-product","3":"status-publish","4":"has-post-thumbnail","6":"product_cat-feminizadas-fotos","7":"product_cat-indica","9":"first","10":"outofstock","11":"sale","12":"shipping-taxable","13":"purchasable","14":"product-type-simple"},"acf":[],"_links":{"self":[{"href":"https:\/\/exigreen.com\/en\/wp-json\/wp\/v2\/product\/13804","targetHints":{"allow":["GET"]}}],"collection":[{"href":"https:\/\/exigreen.com\/en\/wp-json\/wp\/v2\/product"}],"about":[{"href":"https:\/\/exigreen.com\/en\/wp-json\/wp\/v2\/types\/product"}],"wp:featuredmedia":[{"embeddable":true,"href":"https:\/\/exigreen.com\/en\/wp-json\/wp\/v2\/media\/13860"}],"wp:attachment":[{"href":"https:\/\/exigreen.com\/en\/wp-json\/wp\/v2\/media?parent=13804"}],"wp:term":[{"taxonomy":"product_brand","embeddable":true,"href":"https:\/\/exigreen.com\/en\/wp-json\/wp\/v2\/product_brand?post=13804"},{"taxonomy":"product_cat","embeddable":true,"href":"https:\/\/exigreen.com\/en\/wp-json\/wp\/v2\/product_cat?post=13804"},{"taxonomy":"product_tag","embeddable":true,"href":"https:\/\/exigreen.com\/en\/wp-json\/wp\/v2\/product_tag?post=13804"}],"curies":[{"name":"wp","href":"https:\/\/api.w.org\/{rel}","templated":true}]}}