{"id":13805,"date":"2024-11-06T14:20:26","date_gmt":"2024-11-06T17:20:26","guid":{"rendered":"https:\/\/exigreenseeds.com\/new\/?post_type=product&#038;p=13805"},"modified":"2024-11-06T14:21:34","modified_gmt":"2024-11-06T17:21:34","slug":"mohan-thai-feminizadas-5-unidades","status":"publish","type":"product","link":"https:\/\/exigreen.com\/en\/product\/mohan-thai-feminizadas-5-unidades\/","title":{"rendered":"Mohan Thai Feminizadas \u2013 5 Unidades"},"content":{"rendered":"<p>Mohan Thai, tamb\u00e9m conhecida em seus prim\u00f3rdios como Desram, \u00e9 uma planta cheia de energia e vigor h\u00edbrido. Ambos os pais, esqueletos multicampe\u00f5es da \u00faltima d\u00e9cada na Am\u00e9rica do Sul, contribuem para um equil\u00edbrio extraordin\u00e1rio nessa cruz. Sua m\u00e3e, Mohan, \u00e9 um exemplar muito \u00edndico, enquanto a Destro \u00e9 o oposto, sendo sativa, e est\u00e1 pronta para brilhar em cultivos internos sem se esticar mais do que o necess\u00e1rio. O esqueleto denominado Desram A, que mantemos, tem uma forte influ\u00eancia tailandesa, o que motivou seu renome como Mohan Thai. Ela herdou da m\u00e3e, Mohan, a forma do cogumelo, grande parte do aroma de salame com cereja e contribuiu para um florescimento r\u00e1pido e um efeito mais contundente. Da Destro, herdou sua estrutura, e ao ar livre, nota-se que \u00e9 um pouco mais sativa do que indica, com folhas mais compridas do que largas e capaz de crescer muito alto sob a luz solar. Apresenta grande estabilidade, assim como todas as cruzes feitas com o famoso esqueleto original do Desfr\u00e1n. \u00c9 de f\u00e1cil cultivo e n\u00e3o requer muito nitrog\u00eanio, especialmente durante a flora\u00e7\u00e3o. Forma cogollos redondos em suas pontas, compactos e duros como pedras preciosas.<\/p>\n<p>Aroma:<\/p>\n<p>Tem um aroma de salame picado fino, com toques de desinfetante de piso, cereja e pinho \u00e1cido. A fragr\u00e2ncia que essa planta emana \u00e9 intensa. Em muitas cruzes com Destroyer, essa cepa costuma dominar, mas neste caso, o aroma \u00e9 muito semelhante ao caramelo \u00e1cido de cereja, mais no estilo do famoso esqueleto de Mohan, mas com um toque de uma loja de bairro, na dire\u00e7\u00e3o de lingui\u00e7a ou salame. \u00c9 um aroma intenso e, por vezes, incontrol\u00e1vel.<\/p>\n<p>Sabor:<\/p>\n<p>Seu sabor come\u00e7a com notas de ma\u00e7\u00e3 verde extremamente \u00e1cida e evolui para um sabor de cereja muito pronunciado. Tem um leve toque mentolado ou anisado, semelhante ao da lingui\u00e7a, misturado com maracuj\u00e1. No geral, seu sabor \u00e9 muito frutado e \u00e1cido, uma del\u00edcia que se espalha por todo o paladar e fica impregnada nas gengivas.<\/p>\n<p>Pot\u00eancia:<\/p>\n<p>THC: 22% &#8211; 24% CBD: 0,7%<\/p>\n<p>A combina\u00e7\u00e3o dessas duas rainhas da pot\u00eancia criou um h\u00edbrido com a capacidade de derrubar. \u00c9 uma planta extremamente poderosa; \u00e9 imposs\u00edvel n\u00e3o sentir a contund\u00eancia de Mohan Thai instantaneamente.<\/p>\n<p>\u00c9 como um m\u00edssil que \u00e9 lan\u00e7ado na primeira tragada. Fumar um baseado inteiro \u00e9 para fumantes experientes.<\/p>\n<p>Efeito:<\/p>\n<p>Oferece uma excelente viagem \u00e0s estrelas em uma nave espacial sem escalas. O forte efeito da Destro n\u00e3o pode ser contrariado pelo toque suave de uma White com S.A.D; em vez disso, eles embarcam juntos em uma jornada com um combust\u00edvel pesado para processar em nosso c\u00e9rebro. Desfrutar de uma planta t\u00e3o poderosa e saber como manej\u00e1-la \u00e9 uma sensa\u00e7\u00e3o \u00fanica e indescrit\u00edvel. Para iniciantes, pode ser como um trem-fantasma que nunca termina.<\/p>","protected":false},"excerpt":{"rendered":"<h3><strong>Ficha T\u00e9cnica<\/strong><\/h3>\n<hr \/>\n<p>Gen\u00e9tica: Mohan Ram x Destroyer<\/p>\n<p>Flora\u00e7\u00e3o: 62 dias<\/p>\n<p>Aroma: Remete a salame picado fino, com notas de desinfetante de piso, cereja e toques de pinheiro \u00e1cido.<\/p>\n<p>Sabores: Sabor de ma\u00e7\u00e3 verde com nuances c\u00edtricas e notas de amoras silvestres.<\/p>\n<p>Sativa 60% Indica 40%<\/p>\n<p>Altura: Interior: 1,70 metros<\/p>\n<p>Exterior: 3,5 metros<\/p>\n<p>Produ\u00e7\u00e3o: Interior: 450\/550g por metro quadrado<\/p>\n<p>Exterior: 900g por planta<\/p>\n<p>THC: 22%\/24% CBD: 0,7%<\/p>\n<hr \/>\n<p>&nbsp;<\/p>","protected":false},"featured_media":13862,"template":"","meta":{"_acf_changed":false,"_joinchat":[]},"product_brand":[],"product_cat":[90,79],"product_tag":[],"class_list":{"0":"post-13805","1":"product","2":"type-product","3":"status-publish","4":"has-post-thumbnail","6":"product_cat-feminizadas-fotos","7":"product_cat-hibrida","9":"first","10":"outofstock","11":"sale","12":"shipping-taxable","13":"purchasable","14":"product-type-simple"},"acf":[],"_links":{"self":[{"href":"https:\/\/exigreen.com\/en\/wp-json\/wp\/v2\/product\/13805","targetHints":{"allow":["GET"]}}],"collection":[{"href":"https:\/\/exigreen.com\/en\/wp-json\/wp\/v2\/product"}],"about":[{"href":"https:\/\/exigreen.com\/en\/wp-json\/wp\/v2\/types\/product"}],"wp:featuredmedia":[{"embeddable":true,"href":"https:\/\/exigreen.com\/en\/wp-json\/wp\/v2\/media\/13862"}],"wp:attachment":[{"href":"https:\/\/exigreen.com\/en\/wp-json\/wp\/v2\/media?parent=13805"}],"wp:term":[{"taxonomy":"product_brand","embeddable":true,"href":"https:\/\/exigreen.com\/en\/wp-json\/wp\/v2\/product_brand?post=13805"},{"taxonomy":"product_cat","embeddable":true,"href":"https:\/\/exigreen.com\/en\/wp-json\/wp\/v2\/product_cat?post=13805"},{"taxonomy":"product_tag","embeddable":true,"href":"https:\/\/exigreen.com\/en\/wp-json\/wp\/v2\/product_tag?post=13805"}],"curies":[{"name":"wp","href":"https:\/\/api.w.org\/{rel}","templated":true}]}}