{"id":13999,"date":"2024-11-06T14:24:58","date_gmt":"2024-11-06T17:24:58","guid":{"rendered":"https:\/\/exigreenseeds.com\/new\/?post_type=product&#038;p=13999"},"modified":"2024-11-06T14:25:30","modified_gmt":"2024-11-06T17:25:30","slug":"gorilla-cookies-feminizadas-3-unidades","status":"publish","type":"product","link":"https:\/\/exigreen.com\/en\/product\/gorilla-cookies-feminizadas-3-unidades\/","title":{"rendered":"Gorilla Cookies Feminizadas \u2013 3 Unidades"},"content":{"rendered":"<p>Sem d\u00favida uma das combina\u00e7\u00f5es mais deliciosas e poderosas tamb\u00e9m, a Gorilla Cookies traz as melhores caracter\u00edsticas de sua linhagem. Seus terpenos mais presentes mostram tons de lim\u00e3o em uma predomin\u00e2ncia terrosa, ainda deixando passar um leve toque de pinho, com certeza uma prazerosa experi\u00eancia ao paladar.<\/p>\n<p>Essa h\u00edbrida quase perfeitamente equilibrada (Sativa 45% \/ Indica 55%) vai te proporcionar uma intensa onda cerebral que te deixar\u00e1 euf\u00f3rico e sorridente logo no in\u00edcio da sess\u00e3o. Lentamente esses efeitos iniciais dar\u00e3o espa\u00e7o a uma sensa\u00e7\u00e3o de leveza corporal e um relaxamento profundo, detalhes que fazem dela, uma das gen\u00e9ticas mais recomendadas para um deguste ap\u00f3s um longo dia cansativo.<\/p>\n<p>Espere por plantas de estruturas mais baixas e compactas (at\u00e9 100cm em m\u00e9dia), por\u00e9m ainda assim bastante robustas e com ramifica\u00e7\u00f5es por todos os lados. Oferecem grandes rendimentos de at\u00e9 540g\/m\u00b2 em cultivos indoor, dentro das suas quase 11 semanas de ciclo. Dica importante para que n\u00e3o comprometa suas capacidades \u00e9 sempre manter o olho no pH. Treinamentos de baixo stress como podas leves e amarras s\u00e3o muito bem vindos tamb\u00e9m como auxilio para chegar a rendimentos mais altos.<\/p>","protected":false},"excerpt":{"rendered":"<p>Sem d\u00favida uma das combina\u00e7\u00f5es mais deliciosas e poderosas tamb\u00e9m, a Gorilla Cookies traz as melhores caracter\u00edsticas de sua linhagem. Seus terpenos mais presentes mostram tons de lim\u00e3o em uma predomin\u00e2ncia terrosa, ainda deixando passar um leve toque de pinho, com certeza uma prazerosa experi\u00eancia ao paladar. Essa h\u00edbrida quase perfeitamente equilibrada (Sativa 45% \/ [&hellip;]<\/p>\n","protected":false},"featured_media":13979,"template":"","meta":{"_acf_changed":false,"_joinchat":[]},"product_brand":[],"product_cat":[89,90,81],"product_tag":[],"class_list":{"0":"post-13999","1":"product","2":"type-product","3":"status-publish","4":"has-post-thumbnail","6":"product_cat-exi-green","7":"product_cat-feminizadas-fotos","8":"product_cat-indica","10":"first","11":"outofstock","12":"sale","13":"shipping-taxable","14":"purchasable","15":"product-type-simple"},"acf":[],"_links":{"self":[{"href":"https:\/\/exigreen.com\/en\/wp-json\/wp\/v2\/product\/13999","targetHints":{"allow":["GET"]}}],"collection":[{"href":"https:\/\/exigreen.com\/en\/wp-json\/wp\/v2\/product"}],"about":[{"href":"https:\/\/exigreen.com\/en\/wp-json\/wp\/v2\/types\/product"}],"wp:featuredmedia":[{"embeddable":true,"href":"https:\/\/exigreen.com\/en\/wp-json\/wp\/v2\/media\/13979"}],"wp:attachment":[{"href":"https:\/\/exigreen.com\/en\/wp-json\/wp\/v2\/media?parent=13999"}],"wp:term":[{"taxonomy":"product_brand","embeddable":true,"href":"https:\/\/exigreen.com\/en\/wp-json\/wp\/v2\/product_brand?post=13999"},{"taxonomy":"product_cat","embeddable":true,"href":"https:\/\/exigreen.com\/en\/wp-json\/wp\/v2\/product_cat?post=13999"},{"taxonomy":"product_tag","embeddable":true,"href":"https:\/\/exigreen.com\/en\/wp-json\/wp\/v2\/product_tag?post=13999"}],"curies":[{"name":"wp","href":"https:\/\/api.w.org\/{rel}","templated":true}]}}