{"id":14021,"date":"2024-11-06T14:25:32","date_gmt":"2024-11-06T17:25:32","guid":{"rendered":"https:\/\/exigreenseeds.com\/new\/?post_type=product&#038;p=14021"},"modified":"2025-09-01T22:24:13","modified_gmt":"2025-09-02T01:24:13","slug":"gorila-glue-feminizadas-5-unidades","status":"publish","type":"product","link":"https:\/\/exigreen.com\/en\/product\/gorila-glue-feminizadas-5-unidades\/","title":{"rendered":"Gorila Glue  Feminizadas \u2013 5 Unidades"},"content":{"rendered":"<p>Precisamos come\u00e7ar falando sobre os muitos &#8220;nomes&#8221; da Gorilla Glue, pois a variedade que foi inicialmente desenvolvida pela GG Strains LLC \u00e9 conhecida como GG4, Gorila Glue ou Original Glue, sendo seu nome comercial nos EUA, a Original Glue, depois que o banco de sementes conseguiu provar que era seu criador original.<\/p>\n<p>A GG4 ou Gorilla Glue foi desenvolvida a partir de um cruzamento gen\u00e9tico entre as variedades Chem&#8217;s Sister, Sour Dubb e Chocolate Diesel, e nenhuma dessas variedades \u00e9 muito conhecida por si s\u00f3 no mercado de cannabis. No entanto, o cruzamento delas resultou em uma gen\u00e9tica extremamente popular.<\/p>\n<p>A gen\u00e9tica \u00e9 predominantemente indica, com cerca de 63% de indica e 37% de sativa, o que torna seus efeitos geralmente equilibrados. Sua caracter\u00edstica mais marcante \u00e9 a alta concentra\u00e7\u00e3o de resina pegajosa em suas flores, que \u00e9 de onde veio o nome. A variedade possui uma pot\u00eancia significativa, com teores de THC variando de 18% a 25%. Isso a torna uma escolha popular entre consumidores experientes de cannabis.<\/p>","protected":false},"excerpt":{"rendered":"<p>Precisamos come\u00e7ar falando sobre os muitos &#8220;nomes&#8221; da Gorilla Glue, pois a variedade que foi inicialmente desenvolvida pela GG Strains LLC \u00e9 conhecida como GG4, Gorila Glue ou Original Glue, sendo seu nome comercial nos EUA, a Original Glue, depois que o banco de sementes conseguiu provar que era seu criador original. A GG4 ou [&hellip;]<\/p>\n","protected":false},"featured_media":13966,"template":"","meta":{"_acf_changed":false,"_joinchat":[]},"product_brand":[],"product_cat":[89,90,79],"product_tag":[],"class_list":{"0":"post-14021","1":"product","2":"type-product","3":"status-publish","4":"has-post-thumbnail","6":"product_cat-exi-green","7":"product_cat-feminizadas-fotos","8":"product_cat-hibrida","10":"first","11":"outofstock","12":"sale","13":"shipping-taxable","14":"purchasable","15":"product-type-simple"},"acf":[],"_links":{"self":[{"href":"https:\/\/exigreen.com\/en\/wp-json\/wp\/v2\/product\/14021","targetHints":{"allow":["GET"]}}],"collection":[{"href":"https:\/\/exigreen.com\/en\/wp-json\/wp\/v2\/product"}],"about":[{"href":"https:\/\/exigreen.com\/en\/wp-json\/wp\/v2\/types\/product"}],"wp:featuredmedia":[{"embeddable":true,"href":"https:\/\/exigreen.com\/en\/wp-json\/wp\/v2\/media\/13966"}],"wp:attachment":[{"href":"https:\/\/exigreen.com\/en\/wp-json\/wp\/v2\/media?parent=14021"}],"wp:term":[{"taxonomy":"product_brand","embeddable":true,"href":"https:\/\/exigreen.com\/en\/wp-json\/wp\/v2\/product_brand?post=14021"},{"taxonomy":"product_cat","embeddable":true,"href":"https:\/\/exigreen.com\/en\/wp-json\/wp\/v2\/product_cat?post=14021"},{"taxonomy":"product_tag","embeddable":true,"href":"https:\/\/exigreen.com\/en\/wp-json\/wp\/v2\/product_tag?post=14021"}],"curies":[{"name":"wp","href":"https:\/\/api.w.org\/{rel}","templated":true}]}}