{"id":14023,"date":"2024-11-06T14:25:32","date_gmt":"2024-11-06T17:25:32","guid":{"rendered":"https:\/\/exigreenseeds.com\/new\/?post_type=product&#038;p=14023"},"modified":"2024-11-06T14:25:34","modified_gmt":"2024-11-06T17:25:34","slug":"purple-kush-feminizadas-5-unidades","status":"publish","type":"product","link":"https:\/\/exigreen.com\/en\/product\/purple-kush-feminizadas-5-unidades\/","title":{"rendered":"Purple Kush Feminizadas \u2013 5 Unidades"},"content":{"rendered":"<p>A Purple Kush \u00e9 uma strain f\u00e1cil de reconhecer devido a sua tonalidade. A colora\u00e7\u00e3o roxa da gen\u00e9tica \u00e9 um aspecto que chama muita aten\u00e7\u00e3o e ocorre em fun\u00e7\u00e3o da presen\u00e7a de antocianinas, uma propriedade respons\u00e1vel pela sua colora\u00e7\u00e3o diferenciada de alguns vegetais, como por exemplo, o mirtilo e a berinjela. Um n\u00famero baixo de antocianinas resulta em uma colora\u00e7\u00e3o mais amarelada, enquanto uma quantidade mais elevada gera tons que v\u00e3o de azul a roxo.<\/p>\n<p>Possui um aroma terroso e um sabor um pouco mais doce, que pode lembrar uva ou frutas vermelhas, e al\u00e9m disso, produzem bastante resina.<\/p>\n<p>Os efeitos dessa cepa se deve a quantidade de canabinoides e terpenos presentes na sua composi\u00e7\u00e3o. Al\u00e9m do alto n\u00edvel de THC, e a disponibilidade de\u00a0CBG\u00a0e CBD em menores quantidades, a strain tamb\u00e9m conta com os\u00a0terpenos\u00a0como Humuleno, Pineno, Cariofileno e Mirceno em n\u00edveis superiores a 0,5%, que podem chegar at\u00e9 0,50%.<\/p>","protected":false},"excerpt":{"rendered":"<p>A Purple Kush \u00e9 uma strain f\u00e1cil de reconhecer devido a sua tonalidade. A colora\u00e7\u00e3o roxa da gen\u00e9tica \u00e9 um aspecto que chama muita aten\u00e7\u00e3o e ocorre em fun\u00e7\u00e3o da presen\u00e7a de antocianinas, uma propriedade respons\u00e1vel pela sua colora\u00e7\u00e3o diferenciada de alguns vegetais, como por exemplo, o mirtilo e a berinjela. Um n\u00famero baixo de [&hellip;]<\/p>\n","protected":false},"featured_media":13967,"template":"","meta":{"_acf_changed":false,"_joinchat":[]},"product_brand":[],"product_cat":[89,90,81,85],"product_tag":[],"class_list":{"0":"post-14023","1":"product","2":"type-product","3":"status-publish","4":"has-post-thumbnail","6":"product_cat-exi-green","7":"product_cat-feminizadas-fotos","8":"product_cat-indica","9":"product_cat-purple","11":"first","12":"outofstock","13":"sale","14":"shipping-taxable","15":"purchasable","16":"product-type-simple"},"acf":[],"_links":{"self":[{"href":"https:\/\/exigreen.com\/en\/wp-json\/wp\/v2\/product\/14023","targetHints":{"allow":["GET"]}}],"collection":[{"href":"https:\/\/exigreen.com\/en\/wp-json\/wp\/v2\/product"}],"about":[{"href":"https:\/\/exigreen.com\/en\/wp-json\/wp\/v2\/types\/product"}],"wp:featuredmedia":[{"embeddable":true,"href":"https:\/\/exigreen.com\/en\/wp-json\/wp\/v2\/media\/13967"}],"wp:attachment":[{"href":"https:\/\/exigreen.com\/en\/wp-json\/wp\/v2\/media?parent=14023"}],"wp:term":[{"taxonomy":"product_brand","embeddable":true,"href":"https:\/\/exigreen.com\/en\/wp-json\/wp\/v2\/product_brand?post=14023"},{"taxonomy":"product_cat","embeddable":true,"href":"https:\/\/exigreen.com\/en\/wp-json\/wp\/v2\/product_cat?post=14023"},{"taxonomy":"product_tag","embeddable":true,"href":"https:\/\/exigreen.com\/en\/wp-json\/wp\/v2\/product_tag?post=14023"}],"curies":[{"name":"wp","href":"https:\/\/api.w.org\/{rel}","templated":true}]}}