{"id":14033,"date":"2024-11-06T14:25:32","date_gmt":"2024-11-06T17:25:32","guid":{"rendered":"https:\/\/exigreenseeds.com\/new\/?post_type=product&#038;p=14033"},"modified":"2024-11-06T14:25:38","modified_gmt":"2024-11-06T17:25:38","slug":"somango-47-feminizadas-5-unidades","status":"publish","type":"product","link":"https:\/\/exigreen.com\/en\/product\/somango-47-feminizadas-5-unidades\/","title":{"rendered":"Somango 47 Feminizadas \u2013 5 Unidades"},"content":{"rendered":"<p>Somango #47 \u00e9 uma variedade de maconha indica, uma planta que rapidamente se tornou um cl\u00e1ssico no mundo da cannabis. \u00c9 por isso que ela j\u00e1 foi apelidada de &#8220;A Besta&#8221; em f\u00f3runs de cannabis e redes sociais: Somango 47 combina genes de Somango e Critical 47, duas das plantas mais produtivas, vigorosas e resistentes de todos os tempos, resultando em uma planta verdadeiramente excepcional, super produtiva, forte e deliciosa.<\/p>\n<p>Somango #47 foi inicialmente testada pela revista Yerba, e seu sucesso convenceu a Positronics a comercializ\u00e1-la. Desde o in\u00edcio de seu crescimento, ela se mostra muito compacta, mas se desenvolve de maneira interessante. Os ramos crescem de forma a fazer a planta atingir um volume muito grande em pouco tempo, acabando por ter uma forma oval ou esf\u00e9rica.<\/p>\n<p>A curta dist\u00e2ncia entre os n\u00f3s de seus caules \u00e9 a base de uma estrutura forte capaz de suportar o peso de suas flores sem problemas, tornando-a uma planta pequena, mas preciosa, com uma bela cor das folhas. No entanto, \u00e9 importante ter cuidado, pois devido ao tamanho de suas flores e cabe\u00e7as, ela tem tend\u00eancia a desenvolver botrytis, que \u00e9 o mesmo que mofo nos frutos!<\/p>\n<p>No cultivo indoor, ela funciona de forma ideal devido ao seu tamanho, que permite o cultivo de at\u00e9 16 plantas por metro quadrado. Al\u00e9m disso, \u00e9 uma planta perfeita para ser submetida a um regime de 12 horas de luz desde a germina\u00e7\u00e3o. Nessas condi\u00e7\u00f5es, ap\u00f3s 65-68 dias, ela oferecer\u00e1 rendimentos fant\u00e1sticos de mais de meio quilo por metro quadrado.<\/p>\n<p>Mas \u00e9 no jardim que a Somango 47 realmente se destaca, e voc\u00ea entender\u00e1 por que ela \u00e9 chamada de &#8220;A Besta&#8221;. No in\u00edcio de setembro, voc\u00ea pode colher entre 600 e 800 gramas por planta de flores incr\u00edveis, cheias de resina. Se voc\u00ea deseja real\u00e7ar seu aroma e sabor, recomendamos o cultivo org\u00e2nico.<\/p>\n<p>Quanto ao seu efeito, \u00e9 bastante potente e, surpreendentemente, energ\u00e9tico e euf\u00f3rico para uma variedade indica. No entanto, como uma boa indica, a planta proporciona uma experi\u00eancia duradoura. Sua gen\u00e9tica Somango \u00e9 evidente principalmente no delicioso sabor frutado que enche a boca, acompanhado por um intenso aroma de licor de frutas com toques terrosos e tostados &#8211; uma verdadeira del\u00edcia para os sentidos.<\/p>","protected":false},"excerpt":{"rendered":"<p>Somango #47 \u00e9 uma variedade de maconha indica, uma planta que rapidamente se tornou um cl\u00e1ssico no mundo da cannabis. \u00c9 por isso que ela j\u00e1 foi apelidada de &#8220;A Besta&#8221; em f\u00f3runs de cannabis e redes sociais: Somango 47 combina genes de Somango e Critical 47, duas das plantas mais produtivas, vigorosas e resistentes [&hellip;]<\/p>\n","protected":false},"featured_media":13964,"template":"","meta":{"_acf_changed":false,"_joinchat":[]},"product_brand":[],"product_cat":[89,90,79],"product_tag":[],"class_list":{"0":"post-14033","1":"product","2":"type-product","3":"status-publish","4":"has-post-thumbnail","6":"product_cat-exi-green","7":"product_cat-feminizadas-fotos","8":"product_cat-hibrida","10":"first","11":"outofstock","12":"sale","13":"shipping-taxable","14":"purchasable","15":"product-type-simple"},"acf":[],"_links":{"self":[{"href":"https:\/\/exigreen.com\/en\/wp-json\/wp\/v2\/product\/14033","targetHints":{"allow":["GET"]}}],"collection":[{"href":"https:\/\/exigreen.com\/en\/wp-json\/wp\/v2\/product"}],"about":[{"href":"https:\/\/exigreen.com\/en\/wp-json\/wp\/v2\/types\/product"}],"wp:featuredmedia":[{"embeddable":true,"href":"https:\/\/exigreen.com\/en\/wp-json\/wp\/v2\/media\/13964"}],"wp:attachment":[{"href":"https:\/\/exigreen.com\/en\/wp-json\/wp\/v2\/media?parent=14033"}],"wp:term":[{"taxonomy":"product_brand","embeddable":true,"href":"https:\/\/exigreen.com\/en\/wp-json\/wp\/v2\/product_brand?post=14033"},{"taxonomy":"product_cat","embeddable":true,"href":"https:\/\/exigreen.com\/en\/wp-json\/wp\/v2\/product_cat?post=14033"},{"taxonomy":"product_tag","embeddable":true,"href":"https:\/\/exigreen.com\/en\/wp-json\/wp\/v2\/product_tag?post=14033"}],"curies":[{"name":"wp","href":"https:\/\/api.w.org\/{rel}","templated":true}]}}