{"id":14050,"date":"2024-11-06T14:25:58","date_gmt":"2024-11-06T17:25:58","guid":{"rendered":"https:\/\/exigreenseeds.com\/new\/?post_type=product&#038;p=14050"},"modified":"2024-11-06T14:26:34","modified_gmt":"2024-11-06T17:26:34","slug":"cindy-99-automatica-3-unidades","status":"publish","type":"product","link":"https:\/\/exigreen.com\/en\/product\/cindy-99-automatica-3-unidades\/","title":{"rendered":"Cindy 99 Autom\u00e1tica &#8211; 3 Unidades"},"content":{"rendered":"<p>Esta variedade de maconha medicinal, muitas vezes chamada de C99, foi originalmente desenvolvida pelos &#8216;Irm\u00e3os Grimm&#8217;.\u00a0Esta \u00e9 uma das variedades h\u00edbridas que foi criada pelo cruzamento de Jack Herer com Shiva Skunk\u00a0.\u00a0Esta \u00e9 uma cepa com predomin\u00e2ncia sativa e sua propor\u00e7\u00e3o indica\/sativa \u00e9 de 15:85.\u00a0O n\u00edvel de THC desta cepa \u00e9 de cerca de 22%.\u00a0Esta estava entre a lista das &#8217;10 principais cepas de 2009&#8242; no High Times.\u00a0A planta parece ser de cor verde claro com p\u00ealos laranja por toda parte.\u00a0Numerosos cristais podem ser encontrados em todas as partes do bot\u00e3o denso.\u00a0Esta variedade \u00e9 famosa pelos seus suaves aromas c\u00edtricos\/tropicais.\u00a0Quando usada, esta variedade exala um sabor de pinho com notas frutadas.\u00a0Cinderela 99 \u00e9 bom para uso diurno, com efeitos que duram at\u00e9 90 minutos.\u00a0Os usu\u00e1rios desta cepa descobriram que ela ajudaria a lidar com problemas de dores, estresse, ansiedade, depress\u00e3o e at\u00e9 enxaquecas.\u00a0Esta variedade de maconha tamb\u00e9m \u00e9 \u00fatil para aliviar a inflama\u00e7\u00e3o, aumentar a fome e combater as n\u00e1useas.\u00a0Isto tamb\u00e9m \u00e9 considerado um impulsionador de energia eficaz para pacientes com fadiga.<\/p>","protected":false},"excerpt":{"rendered":"<p>Esta variedade de maconha medicinal, muitas vezes chamada de C99, foi originalmente desenvolvida pelos &#8216;Irm\u00e3os Grimm&#8217;.\u00a0Esta \u00e9 uma das variedades h\u00edbridas que foi criada pelo cruzamento de Jack Herer com Shiva Skunk\u00a0.\u00a0Esta \u00e9 uma cepa com predomin\u00e2ncia sativa e sua propor\u00e7\u00e3o indica\/sativa \u00e9 de 15:85.\u00a0O n\u00edvel de THC desta cepa \u00e9 de cerca de 22%.\u00a0Esta [&hellip;]<\/p>\n","protected":false},"featured_media":14082,"template":"","meta":{"_acf_changed":false,"_joinchat":[]},"product_brand":[],"product_cat":[72,89,79],"product_tag":[],"class_list":{"0":"post-14050","1":"product","2":"type-product","3":"status-publish","4":"has-post-thumbnail","6":"product_cat-automatica","7":"product_cat-exi-green","8":"product_cat-hibrida","10":"first","11":"outofstock","12":"sale","13":"shipping-taxable","14":"purchasable","15":"product-type-simple"},"acf":[],"_links":{"self":[{"href":"https:\/\/exigreen.com\/en\/wp-json\/wp\/v2\/product\/14050","targetHints":{"allow":["GET"]}}],"collection":[{"href":"https:\/\/exigreen.com\/en\/wp-json\/wp\/v2\/product"}],"about":[{"href":"https:\/\/exigreen.com\/en\/wp-json\/wp\/v2\/types\/product"}],"wp:featuredmedia":[{"embeddable":true,"href":"https:\/\/exigreen.com\/en\/wp-json\/wp\/v2\/media\/14082"}],"wp:attachment":[{"href":"https:\/\/exigreen.com\/en\/wp-json\/wp\/v2\/media?parent=14050"}],"wp:term":[{"taxonomy":"product_brand","embeddable":true,"href":"https:\/\/exigreen.com\/en\/wp-json\/wp\/v2\/product_brand?post=14050"},{"taxonomy":"product_cat","embeddable":true,"href":"https:\/\/exigreen.com\/en\/wp-json\/wp\/v2\/product_cat?post=14050"},{"taxonomy":"product_tag","embeddable":true,"href":"https:\/\/exigreen.com\/en\/wp-json\/wp\/v2\/product_tag?post=14050"}],"curies":[{"name":"wp","href":"https:\/\/api.w.org\/{rel}","templated":true}]}}