{"id":14096,"date":"2024-11-06T14:26:47","date_gmt":"2024-11-06T17:26:47","guid":{"rendered":"https:\/\/exigreenseeds.com\/new\/?post_type=product&#038;p=14096"},"modified":"2024-11-06T14:27:10","modified_gmt":"2024-11-06T17:27:10","slug":"red-skunk-automatica-3-unidades","status":"publish","type":"product","link":"https:\/\/exigreen.com\/en\/product\/red-skunk-automatica-3-unidades\/","title":{"rendered":"Red Skunk Autom\u00e1tica \u2013 3 Unidades"},"content":{"rendered":"<p>Esta cepa autom\u00e1tica h\u00edbrida \u00e9 conhecida por sua cor vermelha impressionante, seus efeitos potentes e seu sabor marcante. Prepare-se para uma experi\u00eancia cativante e revigorante.<\/p>\n<p>Um cl\u00e1ssico renovado, desta vez o Red Skunk Auto, uma vers\u00e3o avermelhada especial, resultado de um cruzamento entre um homem da nossa reserva especial, que d\u00e1 um tom vermelho ao nosso clone de elite Skunk, obten\u00e7\u00e3o de uma variedade com sabores florais que produz em 90% dos casos exemplares de rosa violeta ou multicolorida.<\/p>\n<p>Red Skunk Auto \u00e9 uma planta autom\u00e1tica com um tratamento muito f\u00e1cil e alta produ\u00e7\u00e3o, com o aspecto cl\u00e1ssico de pinheiro, bra\u00e7os centrais muito grandes e galhos cheios de flores. Uma variedade com um aroma e sabor muito particular, semelhante a bagas e frutos doces, com a peculiaridade narc\u00f3tica-sedativa do Skunk original, o que o torna a escolha perfeita para esse amante de variedades. Recomendado para iniciantes e colecionadores experientes, gra\u00e7as \u00e0 sua combina\u00e7\u00e3o perfeita de cores maravilhosas e um efeito forte, para que voc\u00ea n\u00e3o acredite que seja uma variedade autom\u00e1tica.<\/p>","protected":false},"excerpt":{"rendered":"<p>Esta cepa autom\u00e1tica h\u00edbrida \u00e9 conhecida por sua cor vermelha impressionante, seus efeitos potentes e seu sabor marcante. Prepare-se para uma experi\u00eancia cativante e revigorante. Um cl\u00e1ssico renovado, desta vez o Red Skunk Auto, uma vers\u00e3o avermelhada especial, resultado de um cruzamento entre um homem da nossa reserva especial, que d\u00e1 um tom vermelho ao [&hellip;]<\/p>\n","protected":false},"featured_media":14118,"template":"","meta":{"_acf_changed":false,"_joinchat":[]},"product_brand":[],"product_cat":[72,89,79],"product_tag":[],"class_list":{"0":"post-14096","1":"product","2":"type-product","3":"status-publish","4":"has-post-thumbnail","6":"product_cat-automatica","7":"product_cat-exi-green","8":"product_cat-hibrida","10":"first","11":"outofstock","12":"sale","13":"shipping-taxable","14":"purchasable","15":"product-type-simple"},"acf":[],"_links":{"self":[{"href":"https:\/\/exigreen.com\/en\/wp-json\/wp\/v2\/product\/14096","targetHints":{"allow":["GET"]}}],"collection":[{"href":"https:\/\/exigreen.com\/en\/wp-json\/wp\/v2\/product"}],"about":[{"href":"https:\/\/exigreen.com\/en\/wp-json\/wp\/v2\/types\/product"}],"wp:featuredmedia":[{"embeddable":true,"href":"https:\/\/exigreen.com\/en\/wp-json\/wp\/v2\/media\/14118"}],"wp:attachment":[{"href":"https:\/\/exigreen.com\/en\/wp-json\/wp\/v2\/media?parent=14096"}],"wp:term":[{"taxonomy":"product_brand","embeddable":true,"href":"https:\/\/exigreen.com\/en\/wp-json\/wp\/v2\/product_brand?post=14096"},{"taxonomy":"product_cat","embeddable":true,"href":"https:\/\/exigreen.com\/en\/wp-json\/wp\/v2\/product_cat?post=14096"},{"taxonomy":"product_tag","embeddable":true,"href":"https:\/\/exigreen.com\/en\/wp-json\/wp\/v2\/product_tag?post=14096"}],"curies":[{"name":"wp","href":"https:\/\/api.w.org\/{rel}","templated":true}]}}