{"id":14105,"date":"2024-11-06T14:26:47","date_gmt":"2024-11-06T17:26:47","guid":{"rendered":"https:\/\/exigreenseeds.com\/new\/?post_type=product&#038;p=14105"},"modified":"2024-11-06T14:27:23","modified_gmt":"2024-11-06T17:27:23","slug":"haribo-feminizadas-3-unidades","status":"publish","type":"product","link":"https:\/\/exigreen.com\/en\/product\/haribo-feminizadas-3-unidades\/","title":{"rendered":"Haribo Feminizadas \u2013 3 Unidades"},"content":{"rendered":"<p>Haribo \u00e9 uma cepa dominante indica e o resultado do cruzamento de uma sele\u00e7\u00e3o end\u00eamica afeg\u00e3 e um clone de elite Skittles dos EUA.<\/p>\n<p>A planta demonstra pot\u00eancia superior e resultados excelentes e r\u00e1pidos em todas as climatologias e meios de crescimento. Haribo desenvolve galhos grossos cobertos com grandes flores pegajosas.<\/p>\n<p>A planta \u00e9 ideal para o cultivo interno e externo. A flora\u00e7\u00e3o leva cerca de 8 semanas e a colheita traz 600 g\/m2.<\/p>\n<p>G\u00eanero:<\/p>\n<p>Feminizado<\/p>\n<p>Origens:<\/p>\n<p>Skittles x Afeg\u00e3o<\/p>\n<p>Per\u00edodo de Flora\u00e7\u00e3o:<\/p>\n<p>8 semanas &#8211; 600 g\/m2 Rendimento<\/p>\n<p>Indica\/Sativa:<\/p>\n<p>Principalmente indica<\/p>","protected":false},"excerpt":{"rendered":"<p>Haribo \u00e9 uma cepa dominante indica e o resultado do cruzamento de uma sele\u00e7\u00e3o end\u00eamica afeg\u00e3 e um clone de elite Skittles dos EUA. A planta demonstra pot\u00eancia superior e resultados excelentes e r\u00e1pidos em todas as climatologias e meios de crescimento. Haribo desenvolve galhos grossos cobertos com grandes flores pegajosas. A planta \u00e9 ideal [&hellip;]<\/p>\n","protected":false},"featured_media":14142,"template":"","meta":{"_acf_changed":false,"_joinchat":[]},"product_brand":[],"product_cat":[89,90,79],"product_tag":[],"class_list":{"0":"post-14105","1":"product","2":"type-product","3":"status-publish","4":"has-post-thumbnail","6":"product_cat-exi-green","7":"product_cat-feminizadas-fotos","8":"product_cat-hibrida","10":"first","11":"outofstock","12":"sale","13":"shipping-taxable","14":"purchasable","15":"product-type-simple"},"acf":[],"_links":{"self":[{"href":"https:\/\/exigreen.com\/en\/wp-json\/wp\/v2\/product\/14105","targetHints":{"allow":["GET"]}}],"collection":[{"href":"https:\/\/exigreen.com\/en\/wp-json\/wp\/v2\/product"}],"about":[{"href":"https:\/\/exigreen.com\/en\/wp-json\/wp\/v2\/types\/product"}],"wp:featuredmedia":[{"embeddable":true,"href":"https:\/\/exigreen.com\/en\/wp-json\/wp\/v2\/media\/14142"}],"wp:attachment":[{"href":"https:\/\/exigreen.com\/en\/wp-json\/wp\/v2\/media?parent=14105"}],"wp:term":[{"taxonomy":"product_brand","embeddable":true,"href":"https:\/\/exigreen.com\/en\/wp-json\/wp\/v2\/product_brand?post=14105"},{"taxonomy":"product_cat","embeddable":true,"href":"https:\/\/exigreen.com\/en\/wp-json\/wp\/v2\/product_cat?post=14105"},{"taxonomy":"product_tag","embeddable":true,"href":"https:\/\/exigreen.com\/en\/wp-json\/wp\/v2\/product_tag?post=14105"}],"curies":[{"name":"wp","href":"https:\/\/api.w.org\/{rel}","templated":true}]}}