{"id":14193,"date":"2024-11-06T14:27:54","date_gmt":"2024-11-06T17:27:54","guid":{"rendered":"https:\/\/exigreenseeds.com\/new\/?post_type=product&#038;p=14193"},"modified":"2024-11-06T14:28:46","modified_gmt":"2024-11-06T17:28:46","slug":"red-gorilla-girl-xxl-automatica-5-unidades","status":"publish","type":"product","link":"https:\/\/exigreen.com\/en\/product\/red-gorilla-girl-xxl-automatica-5-unidades\/","title":{"rendered":"Red Gorilla Girl XXL Autom\u00e1tica \u2013 5 Unidades"},"content":{"rendered":"<p>Vers\u00e3o autoflorescente de tamanho grande e flor vermelha da nossa apreciada variedade \u201cSuper Strong\u201d Gorilla Girl\u00ae (SWS74). Resultado do cruzamento entre a nossa variedade Gorilla Girl XL Auto\u00ae (SWS82) [Gorilla Girl\u00ae x Sweet Gelato Auto\u00ae (SWS76)] e a nossa variedade autoflorescente de flor vermelha, Bloody Skunk Auto\u00ae (SWS44).<\/p>\n<p>Efeito potente e excitante, com n\u00edveis altos de THC que podem alcan\u00e7ar os 21%, chegando algumas plantas a superar inclusivamente esse n\u00edvel. Aromas e sabores intensos, doces e com matizes de especiarias, com toques c\u00edtricos de lim\u00e3o e um fundo fresco de ciprestes.<\/p>\n<p>Produz flores densas e muito resinosas que est\u00e3o prontas para a colheita em apenas 9 semanas depois do surgimento dos cotil\u00e9dones. Aproximadamente 85% das plantas produzem flores roxas ou vermelhas.<\/p>\n","protected":false},"excerpt":{"rendered":"<p>Vers\u00e3o autoflorescente de tamanho grande e flor vermelha da nossa apreciada variedade \u201cSuper Strong\u201d Gorilla Girl\u00ae (SWS74). Resultado do cruzamento entre a nossa variedade Gorilla Girl XL Auto\u00ae (SWS82) [Gorilla Girl\u00ae x Sweet Gelato Auto\u00ae (SWS76)] e a nossa variedade autoflorescente de flor vermelha, Bloody Skunk Auto\u00ae (SWS44). Efeito potente e excitante, com n\u00edveis altos [&hellip;]<\/p>\n","protected":false},"featured_media":14220,"template":"","meta":{"_acf_changed":false,"_joinchat":[]},"product_brand":[],"product_cat":[72,89,79,85],"product_tag":[],"class_list":{"0":"post-14193","1":"product","2":"type-product","3":"status-publish","4":"has-post-thumbnail","6":"product_cat-automatica","7":"product_cat-exi-green","8":"product_cat-hibrida","9":"product_cat-purple","11":"first","12":"outofstock","13":"sale","14":"shipping-taxable","15":"purchasable","16":"product-type-simple"},"acf":[],"_links":{"self":[{"href":"https:\/\/exigreen.com\/en\/wp-json\/wp\/v2\/product\/14193","targetHints":{"allow":["GET"]}}],"collection":[{"href":"https:\/\/exigreen.com\/en\/wp-json\/wp\/v2\/product"}],"about":[{"href":"https:\/\/exigreen.com\/en\/wp-json\/wp\/v2\/types\/product"}],"wp:featuredmedia":[{"embeddable":true,"href":"https:\/\/exigreen.com\/en\/wp-json\/wp\/v2\/media\/14220"}],"wp:attachment":[{"href":"https:\/\/exigreen.com\/en\/wp-json\/wp\/v2\/media?parent=14193"}],"wp:term":[{"taxonomy":"product_brand","embeddable":true,"href":"https:\/\/exigreen.com\/en\/wp-json\/wp\/v2\/product_brand?post=14193"},{"taxonomy":"product_cat","embeddable":true,"href":"https:\/\/exigreen.com\/en\/wp-json\/wp\/v2\/product_cat?post=14193"},{"taxonomy":"product_tag","embeddable":true,"href":"https:\/\/exigreen.com\/en\/wp-json\/wp\/v2\/product_tag?post=14193"}],"curies":[{"name":"wp","href":"https:\/\/api.w.org\/{rel}","templated":true}]}}