{"id":14207,"date":"2024-11-06T14:28:19","date_gmt":"2024-11-06T17:28:19","guid":{"rendered":"https:\/\/exigreenseeds.com\/new\/?post_type=product&#038;p=14207"},"modified":"2024-11-21T12:57:24","modified_gmt":"2024-11-21T15:57:24","slug":"gorilla-runtz-automatica-3-unidades","status":"publish","type":"product","link":"https:\/\/exigreen.com\/en\/product\/gorilla-runtz-automatica-3-unidades\/","title":{"rendered":"Gorilla Runtz Automatic \u2013 3 Units"},"content":{"rendered":"<p>Essa \u00e9 uma variedade Sativa dominante, um encontro entre Gorilla Glue #4 e Runtz, duas variedades muito apreciadas nos EUA e na Europa. Gorilla Glue #4 \u00e9 uma planta praticamente considerada uma lenda pelo forte aroma liberado por seus grandes bot\u00f5es, grande produtividade e alto teor de THC.<\/p>\n<p>\u00c9 uma variedade muito procurada pelos extratores profissionais devido \u00e0 sua alta qualidade de gl\u00e2ndula e grande retorno na elabora\u00e7\u00e3o de extratos. Possui um not\u00e1vel aroma gasoso e \u00famido de floresta. Gorilla Glue #4 foi polinizada com Runtz, um clone de elite ,altamente apreciado, cruzado entre Zkitlezz e Gelato. Contribui com seu distinto aroma tropical frutado com notas c\u00edtricas e \u00e1cidas e final de boca de abacaxi.<\/p>","protected":false},"excerpt":{"rendered":"<p>Essa \u00e9 uma variedade Sativa dominante, um encontro entre Gorilla Glue #4 e Runtz, duas variedades muito apreciadas nos EUA e na Europa. Gorilla Glue #4 \u00e9 uma planta praticamente considerada uma lenda pelo forte aroma liberado por seus grandes bot\u00f5es, grande produtividade e alto teor de THC. \u00c9 uma variedade muito procurada pelos extratores [&hellip;]<\/p>\n","protected":false},"featured_media":14224,"template":"","meta":{"_acf_changed":false,"_joinchat":[]},"product_brand":[],"product_cat":[72,89,87],"product_tag":[],"class_list":{"0":"post-14207","1":"product","2":"type-product","3":"status-publish","4":"has-post-thumbnail","6":"product_cat-automatica","7":"product_cat-exi-green","8":"product_cat-sativa","10":"first","11":"outofstock","12":"sale","13":"shipping-taxable","14":"purchasable","15":"product-type-simple"},"acf":[],"_links":{"self":[{"href":"https:\/\/exigreen.com\/en\/wp-json\/wp\/v2\/product\/14207","targetHints":{"allow":["GET"]}}],"collection":[{"href":"https:\/\/exigreen.com\/en\/wp-json\/wp\/v2\/product"}],"about":[{"href":"https:\/\/exigreen.com\/en\/wp-json\/wp\/v2\/types\/product"}],"wp:featuredmedia":[{"embeddable":true,"href":"https:\/\/exigreen.com\/en\/wp-json\/wp\/v2\/media\/14224"}],"wp:attachment":[{"href":"https:\/\/exigreen.com\/en\/wp-json\/wp\/v2\/media?parent=14207"}],"wp:term":[{"taxonomy":"product_brand","embeddable":true,"href":"https:\/\/exigreen.com\/en\/wp-json\/wp\/v2\/product_brand?post=14207"},{"taxonomy":"product_cat","embeddable":true,"href":"https:\/\/exigreen.com\/en\/wp-json\/wp\/v2\/product_cat?post=14207"},{"taxonomy":"product_tag","embeddable":true,"href":"https:\/\/exigreen.com\/en\/wp-json\/wp\/v2\/product_tag?post=14207"}],"curies":[{"name":"wp","href":"https:\/\/api.w.org\/{rel}","templated":true}]}}