{"id":14307,"date":"2024-11-06T14:29:46","date_gmt":"2024-11-06T17:29:46","guid":{"rendered":"https:\/\/exigreenseeds.com\/new\/?post_type=product&#038;p=14307"},"modified":"2024-11-06T14:29:53","modified_gmt":"2024-11-06T17:29:53","slug":"cbd-candy-dream-automaticas-3-unidades","status":"publish","type":"product","link":"https:\/\/exigreen.com\/en\/product\/cbd-candy-dream-automaticas-3-unidades\/","title":{"rendered":"CBD Candy Dream Autom\u00e1ticas \u2013 3 Unidades"},"content":{"rendered":"<p>A strain Candy Dream CBD \u00e9 uma variedade de maconha h\u00edbrida com um equil\u00edbrio quase igual de gen\u00e9tica Sativa e Indica, contendo altos n\u00edveis de CBD e baixos n\u00edveis de THC. A CBD \u00e9 um canabin\u00f3ide n\u00e3o psicoativo, que pode proporcionar efeitos terap\u00eauticos para algumas pessoas, enquanto o THC \u00e9 o canabin\u00f3ide psicoativo respons\u00e1vel pelos efeitos &#8220;baratos&#8221; da maconha.<\/p>\n<p>A Candy Dream CBD foi criada pela cruzamento das cepas Blue Dream e a Dieseltonic. A Blue Dream \u00e9 uma cepa Sativa-dominante conhecida por seu efeito cerebral energizante e criativo, enquanto a Dieseltonic \u00e9 uma cepa h\u00edbrida Indica-Sativa que tem um efeito calmante e sedativo.<\/p>\n<p>A Candy Dream CBD \u00e9 uma cepa popular entre os usu\u00e1rios medicinais de maconha por causa de seu alto teor de CBD. Ela pode ter um efeito relaxante e calmante no corpo, sem afetar a fun\u00e7\u00e3o cognitiva, tornando-a uma boa escolha para aqueles que procuram al\u00edvio do estresse, ansiedade e dor cr\u00f4nica. Tamb\u00e9m pode ter um efeito positivo no sono e no apetite.<\/p>\n<p>O tempo de flora\u00e7\u00e3o e rendimento da Candy Dream CBD pode variar dependendo das condi\u00e7\u00f5es de cultivo, como a luz, o solo e os nutrientes fornecidos \u00e0s plantas. No entanto, em m\u00e9dia, espera-se que a Candy Dream CBD flores\u00e7a em cerca de 8 a 9 semanas, o que \u00e9 relativamente r\u00e1pido em compara\u00e7\u00e3o com outras cepas de maconha.<\/p>\n<p>Em termos de rendimento, a Candy Dream CBD \u00e9 considerada uma cepa de rendimento moderado. Em um ambiente interno com boas condi\u00e7\u00f5es de crescimento, \u00e9 poss\u00edvel obter um rendimento m\u00e9dio de cerca de 350 a 450 gramas por metro quadrado. J\u00e1 em um ambiente externo, o rendimento m\u00e9dio pode variar de 400 a 600 gramas por planta, dependendo do clima e do cuidado adequado.<\/p>\n<p>Vale ressaltar que esses n\u00fameros s\u00e3o apenas estimativas e que o rendimento real pode variar bastante de acordo com as condi\u00e7\u00f5es de cultivo. A gen\u00e9tica da Candy Dream CBD \u00e9 relativamente nova e ainda n\u00e3o \u00e9 t\u00e3o amplamente cultivada como outras cepas, portanto, pode haver varia\u00e7\u00f5es em sua produ\u00e7\u00e3o e rendimento de acordo com a experi\u00eancia do cultivador e as condi\u00e7\u00f5es de crescimento.<\/p>","protected":false},"excerpt":{"rendered":"<p>A strain Candy Dream CBD \u00e9 uma variedade de maconha h\u00edbrida com um equil\u00edbrio quase igual de gen\u00e9tica Sativa e Indica, contendo altos n\u00edveis de CBD e baixos n\u00edveis de THC. A CBD \u00e9 um canabin\u00f3ide n\u00e3o psicoativo, que pode proporcionar efeitos terap\u00eauticos para algumas pessoas, enquanto o THC \u00e9 o canabin\u00f3ide psicoativo respons\u00e1vel pelos [&hellip;]<\/p>\n","protected":false},"featured_media":14329,"template":"","meta":{"_acf_changed":false,"_joinchat":[]},"product_brand":[],"product_cat":[72,73,89,76],"product_tag":[],"class_list":{"0":"post-14307","1":"product","2":"type-product","3":"status-publish","4":"has-post-thumbnail","6":"product_cat-automatica","7":"product_cat-cbd","8":"product_cat-exi-green","9":"product_cat-exi-green-exotics","11":"first","12":"outofstock","13":"sale","14":"shipping-taxable","15":"purchasable","16":"product-type-simple"},"acf":[],"_links":{"self":[{"href":"https:\/\/exigreen.com\/en\/wp-json\/wp\/v2\/product\/14307","targetHints":{"allow":["GET"]}}],"collection":[{"href":"https:\/\/exigreen.com\/en\/wp-json\/wp\/v2\/product"}],"about":[{"href":"https:\/\/exigreen.com\/en\/wp-json\/wp\/v2\/types\/product"}],"wp:featuredmedia":[{"embeddable":true,"href":"https:\/\/exigreen.com\/en\/wp-json\/wp\/v2\/media\/14329"}],"wp:attachment":[{"href":"https:\/\/exigreen.com\/en\/wp-json\/wp\/v2\/media?parent=14307"}],"wp:term":[{"taxonomy":"product_brand","embeddable":true,"href":"https:\/\/exigreen.com\/en\/wp-json\/wp\/v2\/product_brand?post=14307"},{"taxonomy":"product_cat","embeddable":true,"href":"https:\/\/exigreen.com\/en\/wp-json\/wp\/v2\/product_cat?post=14307"},{"taxonomy":"product_tag","embeddable":true,"href":"https:\/\/exigreen.com\/en\/wp-json\/wp\/v2\/product_tag?post=14307"}],"curies":[{"name":"wp","href":"https:\/\/api.w.org\/{rel}","templated":true}]}}