{"id":14318,"date":"2024-11-06T14:29:47","date_gmt":"2024-11-06T17:29:47","guid":{"rendered":"https:\/\/exigreenseeds.com\/new\/?post_type=product&#038;p=14318"},"modified":"2025-04-29T17:57:52","modified_gmt":"2025-04-29T20:57:52","slug":"mass-kush-automatica-3-unidades","status":"publish","type":"product","link":"https:\/\/exigreen.com\/en\/product\/mass-kush-automatica-3-unidades\/","title":{"rendered":"Mass Kush Fotoperiodo \u2013 3 Unidades"},"content":{"rendered":"<p>Masskush \u00e9 uma cepa h\u00edbrida que resulta do cruzamento entre duas cepas populares: OG Kush e Critical Mass. Esta combina\u00e7\u00e3o gen\u00e9tica funde as caracter\u00edsticas \u00fanicas de ambas as cepas para criar uma nova variedade com perfis e efeitos de sabor excepcionais.<br \/>\nTamanho e estrutura: Esta planta de cannabis tende a desenvolver uma estrutura de tamanho m\u00e9dio a grande, com ramos laterais fortes e bem desenvolvidos. Tende a crescer vigorosamente e pode necessitar de algum apoio durante a fase de flora\u00e7\u00e3o devido ao peso dos seus bot\u00f5es densos.<\/p>","protected":false},"excerpt":{"rendered":"<p>Masskush \u00e9 uma cepa h\u00edbrida que resulta do cruzamento entre duas cepas populares: OG Kush e Critical Mass. Esta combina\u00e7\u00e3o gen\u00e9tica funde as caracter\u00edsticas \u00fanicas de ambas as cepas para criar uma nova variedade com perfis e efeitos de sabor excepcionais. Tamanho e estrutura: Esta planta de cannabis tende a desenvolver uma estrutura de tamanho [&hellip;]<\/p>\n","protected":false},"featured_media":14333,"template":"","meta":{"_acf_changed":false,"_joinchat":[]},"product_brand":[],"product_cat":[90,79,192],"product_tag":[],"class_list":{"0":"post-14318","1":"product","2":"type-product","3":"status-publish","4":"has-post-thumbnail","6":"product_cat-feminizadas-fotos","7":"product_cat-hibrida","8":"product_cat-the-kush-brothers","10":"first","11":"outofstock","12":"sale","13":"shipping-taxable","14":"purchasable","15":"product-type-simple"},"acf":[],"_links":{"self":[{"href":"https:\/\/exigreen.com\/en\/wp-json\/wp\/v2\/product\/14318","targetHints":{"allow":["GET"]}}],"collection":[{"href":"https:\/\/exigreen.com\/en\/wp-json\/wp\/v2\/product"}],"about":[{"href":"https:\/\/exigreen.com\/en\/wp-json\/wp\/v2\/types\/product"}],"wp:featuredmedia":[{"embeddable":true,"href":"https:\/\/exigreen.com\/en\/wp-json\/wp\/v2\/media\/14333"}],"wp:attachment":[{"href":"https:\/\/exigreen.com\/en\/wp-json\/wp\/v2\/media?parent=14318"}],"wp:term":[{"taxonomy":"product_brand","embeddable":true,"href":"https:\/\/exigreen.com\/en\/wp-json\/wp\/v2\/product_brand?post=14318"},{"taxonomy":"product_cat","embeddable":true,"href":"https:\/\/exigreen.com\/en\/wp-json\/wp\/v2\/product_cat?post=14318"},{"taxonomy":"product_tag","embeddable":true,"href":"https:\/\/exigreen.com\/en\/wp-json\/wp\/v2\/product_tag?post=14318"}],"curies":[{"name":"wp","href":"https:\/\/api.w.org\/{rel}","templated":true}]}}