{"id":14345,"date":"2024-11-06T14:30:06","date_gmt":"2024-11-06T17:30:06","guid":{"rendered":"https:\/\/exigreenseeds.com\/new\/?post_type=product&#038;p=14345"},"modified":"2024-11-06T14:30:27","modified_gmt":"2024-11-06T17:30:27","slug":"tropicanna-peach-feminizadas-3-unidades","status":"publish","type":"product","link":"https:\/\/exigreen.com\/en\/product\/tropicanna-peach-feminizadas-3-unidades\/","title":{"rendered":"Tropicanna Peach Feminizadas \u2013 3 Unidades"},"content":{"rendered":"<p>Tropicanna Peach de Crazyseeds_org \u00e9 uma gen\u00e9tica gourmet que sai do cruzamento de Tropicana cookies e Peach Ozz o que a converte numa gen\u00e9tica com um grande sabor a p\u00eassego, caramelo c\u00edtrico, com toques de cookies acompanhado de uma grande pot\u00eancia psicoativa alegre e euf\u00f3rica.<\/p>\n<p>O cultivo e crescimento da Tropicanna Peach n\u00e3o \u00e9 complicado, adapta-se bem tanto ao interior como ao exterior, podendo ser cultivado tanto em terra como em sistemas de cultura hidrop\u00f3nica.<\/p>\n<p>Em flora\u00e7\u00e3o \u00e9 quando se pode apreciar a qualidade da Tropicanna Peach com umas plantas cheias de cabe\u00e7as cheias de resina o que a converte em uma boa candidata para os amantes das extra\u00e7\u00f5es de resina de todo tipo. Suas cabe\u00e7as grandes e grande quantidade de resina transbordando em todas as suas flores. Cabe dizer que h\u00e1 dois fen\u00f3tipos facilmente diferenci\u00e1veis a n\u00edvel de cor, um de folhas avermelhadas e outro de verde, ambos de qualidade mas destacamos a\u00a0pot\u00eancia deste h\u00edbrido de cannabis \u00e9 elevada, recriando um efeito alegre, euf\u00f3rico que traz uma grande sensa\u00e7\u00e3o de bem estar de longa dura\u00e7\u00e3o com toques psicod\u00e9licos, um efeito muito completo.<\/p>","protected":false},"excerpt":{"rendered":"<p>Tropicanna Peach de Crazyseeds_org \u00e9 uma gen\u00e9tica gourmet que sai do cruzamento de Tropicana cookies e Peach Ozz o que a converte numa gen\u00e9tica com um grande sabor a p\u00eassego, caramelo c\u00edtrico, com toques de cookies acompanhado de uma grande pot\u00eancia psicoativa alegre e euf\u00f3rica. O cultivo e crescimento da Tropicanna Peach n\u00e3o \u00e9 complicado, [&hellip;]<\/p>\n","protected":false},"featured_media":14374,"template":"","meta":{"_acf_changed":false,"_joinchat":[]},"product_brand":[],"product_cat":[90,79],"product_tag":[],"class_list":{"0":"post-14345","1":"product","2":"type-product","3":"status-publish","4":"has-post-thumbnail","6":"product_cat-feminizadas-fotos","7":"product_cat-hibrida","9":"first","10":"outofstock","11":"sale","12":"shipping-taxable","13":"purchasable","14":"product-type-simple"},"acf":[],"_links":{"self":[{"href":"https:\/\/exigreen.com\/en\/wp-json\/wp\/v2\/product\/14345","targetHints":{"allow":["GET"]}}],"collection":[{"href":"https:\/\/exigreen.com\/en\/wp-json\/wp\/v2\/product"}],"about":[{"href":"https:\/\/exigreen.com\/en\/wp-json\/wp\/v2\/types\/product"}],"wp:featuredmedia":[{"embeddable":true,"href":"https:\/\/exigreen.com\/en\/wp-json\/wp\/v2\/media\/14374"}],"wp:attachment":[{"href":"https:\/\/exigreen.com\/en\/wp-json\/wp\/v2\/media?parent=14345"}],"wp:term":[{"taxonomy":"product_brand","embeddable":true,"href":"https:\/\/exigreen.com\/en\/wp-json\/wp\/v2\/product_brand?post=14345"},{"taxonomy":"product_cat","embeddable":true,"href":"https:\/\/exigreen.com\/en\/wp-json\/wp\/v2\/product_cat?post=14345"},{"taxonomy":"product_tag","embeddable":true,"href":"https:\/\/exigreen.com\/en\/wp-json\/wp\/v2\/product_tag?post=14345"}],"curies":[{"name":"wp","href":"https:\/\/api.w.org\/{rel}","templated":true}]}}