{"id":14382,"date":"2024-11-06T14:30:28","date_gmt":"2024-11-06T17:30:28","guid":{"rendered":"https:\/\/exigreenseeds.com\/new\/?post_type=product&#038;p=14382"},"modified":"2024-11-06T14:31:21","modified_gmt":"2024-11-06T17:31:21","slug":"grape-stromper-feminizada-1-unidade","status":"publish","type":"product","link":"https:\/\/exigreen.com\/en\/product\/grape-stromper-feminizada-1-unidade\/","title":{"rendered":"Grape Stromper Feminizada \u2013 1 Unidade"},"content":{"rendered":"<p>Grape Stomper, tamb\u00e9m conhecida como \u201cSour Grapes\u201d, \u00e9 uma cepa h\u00edbrida sativa dominante criada cruzando as variedades cl\u00e1ssicas Purple Elephant X Chemdawg Sour Diesel. Com seu sabor azedo e efeitos pesados de sativa doce, o Grape Stomper far\u00e1 voc\u00ea implorar por mais depois de apenas um toke. Seu sabor doce de uva agridoce \u00e9 enganosamente delicioso e muitas vezes leva os usu\u00e1rios a terem um pouco demais de uma s\u00f3 vez, especialmente considerando que seu n\u00edvel de THC cai entre 18-26% em m\u00e9dia. O aroma \u00e9 t\u00e3o doce quanto, com um tom azedo super forte e um efeito de doce frutado que \u00e9 complementado por uma potente terra que \u00e9 liberada \u00e0 medida que as pepitas s\u00e3o quebradas. O Grape Stomper high \u00e9 uma experi\u00eancia quase imediata de corpo inteiro que \u00e9 edificante, mas relaxante na natureza. A alta atinge voc\u00ea com for\u00e7a com um soco na cabe\u00e7a, puxando sua mente para a felicidade total e infundindo-a com uma leve sensa\u00e7\u00e3o de energia social. Esse formigamento se espalhar\u00e1 pelo resto do seu corpo lentamente, deixando voc\u00ea completamente relaxado e \u00e0 vontade, embora n\u00e3o sobrecarregado no menor sentido. Devido a esses efeitos, o Grape Stomper \u00e9 frequentemente escolhido para tratar dor cr\u00f4nica, mudan\u00e7as de humor, depress\u00e3o, fadiga cr\u00f4nica e estresse cr\u00f4nico. Este bot\u00e3o tem pepitas densas em forma de p\u00e1s verdes da floresta com cabelos laranja brilhantes e um revestimento gelado de tricomas de cristal branco grosso de grandes dimens\u00f5es.<\/p>","protected":false},"excerpt":{"rendered":"<p>Grape Stomper, tamb\u00e9m conhecida como \u201cSour Grapes\u201d, \u00e9 uma cepa h\u00edbrida sativa dominante criada cruzando as variedades cl\u00e1ssicas Purple Elephant X Chemdawg Sour Diesel. Com seu sabor azedo e efeitos pesados de sativa doce, o Grape Stomper far\u00e1 voc\u00ea implorar por mais depois de apenas um toke. Seu sabor doce de uva agridoce \u00e9 enganosamente [&hellip;]<\/p>\n","protected":false},"featured_media":14423,"template":"","meta":{"_acf_changed":false,"_joinchat":[]},"product_brand":[],"product_cat":[89,76,90,87],"product_tag":[],"class_list":{"0":"post-14382","1":"product","2":"type-product","3":"status-publish","4":"has-post-thumbnail","6":"product_cat-exi-green","7":"product_cat-exi-green-exotics","8":"product_cat-feminizadas-fotos","9":"product_cat-sativa","11":"first","12":"outofstock","13":"sale","14":"shipping-taxable","15":"purchasable","16":"product-type-simple"},"acf":[],"_links":{"self":[{"href":"https:\/\/exigreen.com\/en\/wp-json\/wp\/v2\/product\/14382","targetHints":{"allow":["GET"]}}],"collection":[{"href":"https:\/\/exigreen.com\/en\/wp-json\/wp\/v2\/product"}],"about":[{"href":"https:\/\/exigreen.com\/en\/wp-json\/wp\/v2\/types\/product"}],"wp:featuredmedia":[{"embeddable":true,"href":"https:\/\/exigreen.com\/en\/wp-json\/wp\/v2\/media\/14423"}],"wp:attachment":[{"href":"https:\/\/exigreen.com\/en\/wp-json\/wp\/v2\/media?parent=14382"}],"wp:term":[{"taxonomy":"product_brand","embeddable":true,"href":"https:\/\/exigreen.com\/en\/wp-json\/wp\/v2\/product_brand?post=14382"},{"taxonomy":"product_cat","embeddable":true,"href":"https:\/\/exigreen.com\/en\/wp-json\/wp\/v2\/product_cat?post=14382"},{"taxonomy":"product_tag","embeddable":true,"href":"https:\/\/exigreen.com\/en\/wp-json\/wp\/v2\/product_tag?post=14382"}],"curies":[{"name":"wp","href":"https:\/\/api.w.org\/{rel}","templated":true}]}}