{"id":14449,"date":"2024-11-06T14:31:35","date_gmt":"2024-11-06T17:31:35","guid":{"rendered":"https:\/\/exigreenseeds.com\/new\/?post_type=product&#038;p=14449"},"modified":"2024-11-06T14:31:52","modified_gmt":"2024-11-06T17:31:52","slug":"gorilla-lemon-automaticas-3-unidades","status":"publish","type":"product","link":"https:\/\/exigreen.com\/en\/product\/gorilla-lemon-automaticas-3-unidades\/","title":{"rendered":"Gorilla Lemon Autom\u00e1ticas \u2013 3 Unidades"},"content":{"rendered":"<p>Estamos diante de um cl\u00e1ssico aprimorado, nossa Gorilla Lemon Haze Auto \u00e9 uma planta com domin\u00e2ncia Sativa (70%) e um perfil terp\u00eanico muito c\u00edtrico.<\/p>\n<p>Conseguimos manter forte a ess\u00eancia da cl\u00e1ssica Super Lemon Haze, mas melhoramos tanto sua capacidade resinosa quanto sua capacidade de produ\u00e7\u00e3o gra\u00e7as \u00e0 tremenda contribui\u00e7\u00e3o da Gorilla Glue #4 Auto.<\/p>\n<p>Em resumo, o resultado \u00e9 uma cepa muito produtiva, especialmente adequada para os amantes de Sativas e dos sabores cl\u00e1ssicos de lim\u00e3o e incenso.<\/p>\n<p><strong>Cultivo e rendimento<\/strong><\/p>\n<p>Gorilla Lemon Haze Auto \u00e9 uma variedade autoflorescente que exala qualidade por todos os lados, uma joia de domin\u00e2ncia Sativa que conquistar\u00e1 seu paladar.<\/p>\n<p>Estamos falando de uma planta que cresce rapidamente e forma uma estrutura forte e aberta, t\u00edpica das Sativas, sobre a qual desenvolver\u00e1 uma exuberante flora\u00e7\u00e3o.<\/p>\n<p>A altura desta variedade pode variar entre 60 e 130 cent\u00edmetros, dependendo das condi\u00e7\u00f5es de cultivo oferecidas, obtendo os melhores rendimentos quando cultivada diretamente no solo, onde as ra\u00edzes n\u00e3o t\u00eam limites para crescer.<\/p>\n<p>Gorilla Lemon Haze Auto \u00e9 relativamente r\u00e1pida para uma Sativa de grande produ\u00e7\u00e3o, com um ciclo de vida completo de cerca de 75 dias a partir da germina\u00e7\u00e3o.<\/p>\n<p>Como explicamos, \u00e9 uma grande produtora que, em jardins internos, pode alcan\u00e7ar um rendimento m\u00e1ximo de 450 gramas por metro quadrado e, em ambientes externos, at\u00e9 180 gramas por planta.<\/p>","protected":false},"excerpt":{"rendered":"<p>Estamos diante de um cl\u00e1ssico aprimorado, nossa Gorilla Lemon Haze Auto \u00e9 uma planta com domin\u00e2ncia Sativa (70%) e um perfil terp\u00eanico muito c\u00edtrico. Conseguimos manter forte a ess\u00eancia da cl\u00e1ssica Super Lemon Haze, mas melhoramos tanto sua capacidade resinosa quanto sua capacidade de produ\u00e7\u00e3o gra\u00e7as \u00e0 tremenda contribui\u00e7\u00e3o da Gorilla Glue #4 Auto. Em [&hellip;]<\/p>\n","protected":false},"featured_media":14460,"template":"","meta":{"_acf_changed":false,"_joinchat":[]},"product_brand":[],"product_cat":[72,89,83,87],"product_tag":[],"class_list":{"0":"post-14449","1":"product","2":"type-product","3":"status-publish","4":"has-post-thumbnail","6":"product_cat-automatica","7":"product_cat-exi-green","8":"product_cat-lemon","9":"product_cat-sativa","11":"first","12":"outofstock","13":"sale","14":"shipping-taxable","15":"purchasable","16":"product-type-simple"},"acf":[],"_links":{"self":[{"href":"https:\/\/exigreen.com\/en\/wp-json\/wp\/v2\/product\/14449","targetHints":{"allow":["GET"]}}],"collection":[{"href":"https:\/\/exigreen.com\/en\/wp-json\/wp\/v2\/product"}],"about":[{"href":"https:\/\/exigreen.com\/en\/wp-json\/wp\/v2\/types\/product"}],"wp:featuredmedia":[{"embeddable":true,"href":"https:\/\/exigreen.com\/en\/wp-json\/wp\/v2\/media\/14460"}],"wp:attachment":[{"href":"https:\/\/exigreen.com\/en\/wp-json\/wp\/v2\/media?parent=14449"}],"wp:term":[{"taxonomy":"product_brand","embeddable":true,"href":"https:\/\/exigreen.com\/en\/wp-json\/wp\/v2\/product_brand?post=14449"},{"taxonomy":"product_cat","embeddable":true,"href":"https:\/\/exigreen.com\/en\/wp-json\/wp\/v2\/product_cat?post=14449"},{"taxonomy":"product_tag","embeddable":true,"href":"https:\/\/exigreen.com\/en\/wp-json\/wp\/v2\/product_tag?post=14449"}],"curies":[{"name":"wp","href":"https:\/\/api.w.org\/{rel}","templated":true}]}}