{"id":14462,"date":"2024-11-06T14:31:56","date_gmt":"2024-11-06T17:31:56","guid":{"rendered":"https:\/\/exigreenseeds.com\/new\/?post_type=product&#038;p=14462"},"modified":"2024-11-21T13:50:39","modified_gmt":"2024-11-21T16:50:39","slug":"crystal-candy-automatica-1-unidade","status":"publish","type":"product","link":"https:\/\/exigreen.com\/en\/product\/crystal-candy-automatica-1-unidade\/","title":{"rendered":"Crystal Candy Automatic \u2013 1 Unit"},"content":{"rendered":"<p>Cepa autoflorescente de 4\u00aa gera\u00e7\u00e3o. Esta \u00e9 o resultado do cruzamento entre nossa Crystal Candy\u00ae (SWS58) e uma cepa autoflorescente com tons arom\u00e1ticos muito semelhantes, a Sweet Special Auto\u00ae (SWS35).<\/p>\n<p>Essa cepa foi desenvolvida dentro de um programa especial do Departamento de P&amp;D da Sweet Seeds\u00ae, focado na busca de aromas curiosos, requintados e sutis que evocam sensa\u00e7\u00f5es arom\u00e1ticas de uma loja de doces. O aroma dessa cepa \u00e9 doce e frutado, com tons de chiclete e geleias de frutas, misturados com toques de morango \u00e1cido e mel\u00e3o maduro.<\/p>\n<p>Esta cepa \u00e9 uma grande produtora de cristais de resina arom\u00e1tica e tamb\u00e9m de lindos bot\u00f5es. Ela se destaca pelo seu grande tamanho para uma cepa autoflorescente, produzindo plantas que facilmente ultrapassam um metro de altura.<\/p>","protected":false},"excerpt":{"rendered":"<p>Cepa autoflorescente de 4\u00aa gera\u00e7\u00e3o. Esta \u00e9 o resultado do cruzamento entre nossa Crystal Candy\u00ae (SWS58) e uma cepa autoflorescente com tons arom\u00e1ticos muito semelhantes, a Sweet Special Auto\u00ae (SWS35). Essa cepa foi desenvolvida dentro de um programa especial do Departamento de P&amp;D da Sweet Seeds\u00ae, focado na busca de aromas curiosos, requintados e sutis [&hellip;]<\/p>\n","protected":false},"featured_media":14492,"template":"","meta":{"_acf_changed":false,"_joinchat":[]},"product_brand":[],"product_cat":[72,89,81],"product_tag":[],"class_list":{"0":"post-14462","1":"product","2":"type-product","3":"status-publish","4":"has-post-thumbnail","6":"product_cat-automatica","7":"product_cat-exi-green","8":"product_cat-indica","10":"first","11":"outofstock","12":"sale","13":"shipping-taxable","14":"purchasable","15":"product-type-simple"},"acf":[],"_links":{"self":[{"href":"https:\/\/exigreen.com\/en\/wp-json\/wp\/v2\/product\/14462","targetHints":{"allow":["GET"]}}],"collection":[{"href":"https:\/\/exigreen.com\/en\/wp-json\/wp\/v2\/product"}],"about":[{"href":"https:\/\/exigreen.com\/en\/wp-json\/wp\/v2\/types\/product"}],"wp:featuredmedia":[{"embeddable":true,"href":"https:\/\/exigreen.com\/en\/wp-json\/wp\/v2\/media\/14492"}],"wp:attachment":[{"href":"https:\/\/exigreen.com\/en\/wp-json\/wp\/v2\/media?parent=14462"}],"wp:term":[{"taxonomy":"product_brand","embeddable":true,"href":"https:\/\/exigreen.com\/en\/wp-json\/wp\/v2\/product_brand?post=14462"},{"taxonomy":"product_cat","embeddable":true,"href":"https:\/\/exigreen.com\/en\/wp-json\/wp\/v2\/product_cat?post=14462"},{"taxonomy":"product_tag","embeddable":true,"href":"https:\/\/exigreen.com\/en\/wp-json\/wp\/v2\/product_tag?post=14462"}],"curies":[{"name":"wp","href":"https:\/\/api.w.org\/{rel}","templated":true}]}}