{"id":14509,"date":"2024-11-06T14:32:18","date_gmt":"2024-11-06T17:32:18","guid":{"rendered":"https:\/\/exigreenseeds.com\/new\/?post_type=product&#038;p=14509"},"modified":"2024-11-06T14:32:38","modified_gmt":"2024-11-06T17:32:38","slug":"amnesia-haze-feminizadas-3-unidades","status":"publish","type":"product","link":"https:\/\/exigreen.com\/en\/product\/amnesia-haze-feminizadas-3-unidades\/","title":{"rendered":"Amnesia Haze Feminizadas \u2013 3 Unidades"},"content":{"rendered":"<p>A Amnesia Haze \u00e9 uma de nossas cepas mais rent\u00e1veis, produzindo 70-80g por planta com mais de 650g por metro quadrado sob uma luz de 600W. Pode produzir bastante ao ar livre, rendendo 700g por planta. Entretanto \u00e9 preciso cuidado, pois trata-se de uma planta sens\u00edvel, podendo surgir problemas com o clima, insetos ou irriga\u00e7\u00e3o, que podem afetar a colheita.<\/p>\n<p>O lado ruim da Amnesia \u00e9 seu longo per\u00edodo de flora, 12 semanas. Embora seja longo o suficiente para afastar os cultivadores comerciais, os apreciadores de cannabis v\u00e3o aguardar, pois valer\u00e1 a pena. Ela \u00e9 adequada tanto para sistemas hidro quanto para solo, al\u00e9m de SOG e SCROG.<\/p>\n<p>Ent\u00e3o ap\u00f3s 4 meses de cultivo, 2 semanas de secagem e cura e a Amnesia Haze est\u00e1 finalmente pronta para ser fumada. Depois da primeira tragada, o usu\u00e1rio vai perceber que valeu a pena toda a espera. Trata-se, sem d\u00favidas, de uma das melhores plantas existentes.<\/p>\n<p>Thc 25%<\/p>\n<p>Sativa<\/p>","protected":false},"excerpt":{"rendered":"<p>A Amnesia Haze \u00e9 uma de nossas cepas mais rent\u00e1veis, produzindo 70-80g por planta com mais de 650g por metro quadrado sob uma luz de 600W. Pode produzir bastante ao ar livre, rendendo 700g por planta. Entretanto \u00e9 preciso cuidado, pois trata-se de uma planta sens\u00edvel, podendo surgir problemas com o clima, insetos ou irriga\u00e7\u00e3o, [&hellip;]<\/p>\n","protected":false},"featured_media":14528,"template":"","meta":{"_acf_changed":false,"_joinchat":[]},"product_brand":[],"product_cat":[89,90,79,81,86],"product_tag":[],"class_list":{"0":"post-14509","1":"product","2":"type-product","3":"status-publish","4":"has-post-thumbnail","6":"product_cat-exi-green","7":"product_cat-feminizadas-fotos","8":"product_cat-hibrida","9":"product_cat-indica","10":"product_cat-regulares","12":"first","13":"outofstock","14":"sale","15":"shipping-taxable","16":"purchasable","17":"product-type-simple"},"acf":[],"_links":{"self":[{"href":"https:\/\/exigreen.com\/en\/wp-json\/wp\/v2\/product\/14509","targetHints":{"allow":["GET"]}}],"collection":[{"href":"https:\/\/exigreen.com\/en\/wp-json\/wp\/v2\/product"}],"about":[{"href":"https:\/\/exigreen.com\/en\/wp-json\/wp\/v2\/types\/product"}],"wp:featuredmedia":[{"embeddable":true,"href":"https:\/\/exigreen.com\/en\/wp-json\/wp\/v2\/media\/14528"}],"wp:attachment":[{"href":"https:\/\/exigreen.com\/en\/wp-json\/wp\/v2\/media?parent=14509"}],"wp:term":[{"taxonomy":"product_brand","embeddable":true,"href":"https:\/\/exigreen.com\/en\/wp-json\/wp\/v2\/product_brand?post=14509"},{"taxonomy":"product_cat","embeddable":true,"href":"https:\/\/exigreen.com\/en\/wp-json\/wp\/v2\/product_cat?post=14509"},{"taxonomy":"product_tag","embeddable":true,"href":"https:\/\/exigreen.com\/en\/wp-json\/wp\/v2\/product_tag?post=14509"}],"curies":[{"name":"wp","href":"https:\/\/api.w.org\/{rel}","templated":true}]}}