{"id":16688,"date":"2024-11-26T22:11:12","date_gmt":"2024-11-27T01:11:12","guid":{"rendered":"https:\/\/exigreen.com\/?post_type=product&#038;p=16688"},"modified":"2026-04-25T22:23:13","modified_gmt":"2026-04-26T01:23:13","slug":"lemon-haze-automaticas","status":"publish","type":"product","link":"https:\/\/exigreen.com\/en\/product\/lemon-haze-automaticas\/","title":{"rendered":"Lemon Haze Autom\u00e1ticas"},"content":{"rendered":"<p>Concentra\u00e7\u00e3o de THC: 24%+-<\/p>\n<p>Concentra\u00e7\u00e3o de CBD: 0,1%+-<\/p>\n<p>Predomin\u00e2ncia: 80% Sativa 20% Indica<\/p>\n<p>Gen\u00e9tica: Super Silver Haze x Lemon Skunk<\/p>\n<p>Medicinal: \u00datil contra a ansiedade, dores cr\u00f4nicas, estresse e fadiga<\/p>\n<p>Sabor\/Aroma: Toranja, Limao,<br \/>\nPirao<\/p>\n<p>Efeitos: Felicidade, Eleva\u00e7\u00e3o, Energ\u00e9tico, Euforia, Criatividade<\/p>\n<p>Altura: 60-120 cm<\/p>\n<p>Rendimento: 50 \u2013 220 gramas por metro quadrado<\/p>\n<p>Andamento: 70 \u2013 90 slides<\/p>\n<p>Pr\u00eamios: 1\u00baLugar HTCC 2008 e 2009, 1\u00baLugar IC420 Growers Cup 2010, 2\u00baLugar HTCC 2010, 1\u00baLugar ap\u00f3s Seattle Medical Cup 2012, 2\u00baLugar ap\u00f3s Expogrow-irun 2012, 1\u00baLugar ap\u00f3s Expogrow-irun 2013<\/p>","protected":false},"excerpt":{"rendered":"<p>Concentra\u00e7\u00e3o de THC: 24%+- Concentra\u00e7\u00e3o de CBD: 0,1%+- Predomin\u00e2ncia: 80% Sativa 20% Indica Gen\u00e9tica: Super Silver Haze x Lemon Skunk Medicinal: \u00datil contra a ansiedade, dores cr\u00f4nicas, estresse e fadiga Sabor\/Aroma: Toranja, Limao, Pirao Efeitos: Felicidade, Eleva\u00e7\u00e3o, Energ\u00e9tico, Euforia, Criatividade Altura: 60-120 cm Rendimento: 50 \u2013 220 gramas por metro quadrado Andamento: 70 \u2013 90 [&hellip;]<\/p>\n","protected":false},"featured_media":16689,"template":"","meta":{"_acf_changed":false,"_joinchat":[]},"product_brand":[],"product_cat":[72,89,79],"product_tag":[],"class_list":{"0":"post-16688","1":"product","2":"type-product","3":"status-publish","4":"has-post-thumbnail","6":"product_cat-automatica","7":"product_cat-exi-green","8":"product_cat-hibrida","10":"first","11":"instock","12":"sale","13":"shipping-taxable","14":"purchasable","15":"product-type-variable"},"acf":[],"_links":{"self":[{"href":"https:\/\/exigreen.com\/en\/wp-json\/wp\/v2\/product\/16688","targetHints":{"allow":["GET"]}}],"collection":[{"href":"https:\/\/exigreen.com\/en\/wp-json\/wp\/v2\/product"}],"about":[{"href":"https:\/\/exigreen.com\/en\/wp-json\/wp\/v2\/types\/product"}],"wp:featuredmedia":[{"embeddable":true,"href":"https:\/\/exigreen.com\/en\/wp-json\/wp\/v2\/media\/16689"}],"wp:attachment":[{"href":"https:\/\/exigreen.com\/en\/wp-json\/wp\/v2\/media?parent=16688"}],"wp:term":[{"taxonomy":"product_brand","embeddable":true,"href":"https:\/\/exigreen.com\/en\/wp-json\/wp\/v2\/product_brand?post=16688"},{"taxonomy":"product_cat","embeddable":true,"href":"https:\/\/exigreen.com\/en\/wp-json\/wp\/v2\/product_cat?post=16688"},{"taxonomy":"product_tag","embeddable":true,"href":"https:\/\/exigreen.com\/en\/wp-json\/wp\/v2\/product_tag?post=16688"}],"curies":[{"name":"wp","href":"https:\/\/api.w.org\/{rel}","templated":true}]}}