{"id":888,"date":"2020-12-22T05:57:09","date_gmt":"2020-12-22T05:57:09","guid":{"rendered":"http:\/\/sw-themes.com\/porto_dummy\/?page_id=888"},"modified":"2024-11-20T22:31:42","modified_gmt":"2024-11-21T01:31:42","slug":"entre-em-contato","status":"publish","type":"page","link":"https:\/\/exigreen.com\/es\/entre-em-contato\/","title":{"rendered":"Entre em contato"},"content":{"rendered":"<div data-elementor-type=\"wp-page\" data-elementor-id=\"888\" class=\"elementor elementor-888\">\n\t\t\t\t\t\t<section class=\"elementor-section elementor-top-section elementor-element elementor-element-c485627 p-t-xl mt-1 elementor-section-boxed elementor-section-height-default elementor-section-height-default\" data-id=\"c485627\" data-element_type=\"section\" data-e-type=\"section\">\r\n\t\t\r\n\t\t\t\t\t\t\t<div class=\"elementor-container elementor-column-gap-default\">\r\n\t\t\t\t\t\t\t\t\t\t\t<div class=\"elementor-column elementor-col-50 elementor-top-column elementor-element elementor-element-900942d\" data-id=\"900942d\" data-element_type=\"column\" data-e-type=\"column\">\r\n\t\t\t\t\t<div class=\"elementor-widget-wrap elementor-element-populated\">\r\n\t\t\t\t\t\t\t\t<div class=\"elementor-element elementor-element-5ee7ec1 elementor-widget elementor-widget-porto_ultimate_heading\" data-id=\"5ee7ec1\" data-element_type=\"widget\" data-e-type=\"widget\" data-widget_type=\"porto_ultimate_heading.default\">\n\t\t\t\t<div class=\"elementor-widget-container\">\n\t\t\t\t\t<div class=\"porto-u-heading  porto-u-7cde7bb859728a21207628191890e260\"><div class=\"porto-u-main-heading\"><h2    style=\"margin-bottom: 5px;\">Fale conosco!<\/h2><\/div><div class=\"porto-u-sub-heading\" style=\"margin-bottom:30px;\"><p>Suporte humanizado 24h estamos prontos para te atender!<\/p><p>Trabalhamos com produtos da mais alta qualidade para fornecer o melhor aos nossos clientes<\/p><\/div><style>.porto-u-7cde7bb859728a21207628191890e260.porto-u-heading{text-align:left}<\/style><\/div>\t\t\t\t<\/div>\n\t\t\t\t<\/div>\n\t\t\t\t<section class=\"elementor-section elementor-inner-section elementor-element elementor-element-77072b7 elementor-section-boxed elementor-section-height-default elementor-section-height-default\" data-id=\"77072b7\" data-element_type=\"section\" data-e-type=\"section\">\r\n\t\t\r\n\t\t\t\t\t\t\t<div class=\"elementor-container elementor-column-gap-default\">\r\n\t\t\t\t\t\t\t\t\t\t\t<div class=\"elementor-column elementor-col-50 elementor-inner-column elementor-element elementor-element-3875e5c\" data-id=\"3875e5c\" data-element_type=\"column\" data-e-type=\"column\">\r\n\t\t\t\t\t<div class=\"elementor-widget-wrap elementor-element-populated\">\r\n\t\t\t\t\t\t\t\t<div class=\"elementor-element elementor-element-00d639d elementor-widget elementor-widget-porto_info_box\" data-id=\"00d639d\" data-element_type=\"widget\" data-e-type=\"widget\" data-widget_type=\"porto_info_box.default\">\n\t\t\t\t<div class=\"elementor-widget-container\">\n\t\t\t\t\t<div class=\"porto-sicon-box style_1 top-icon\"><div class=\"porto-sicon-top\"><div class=\"porto-just-icon-wrapper porto-icon none\" style=\"margin-bottom:20px;\"><i class=\"fab fa-whatsapp\"><\/i><\/div><\/div><div class=\"porto-sicon-header\"><h3 class=\"porto-sicon-title\" style=\"\">WhatsApp<\/h3><p >(11) 91163-8489<\/p><\/div> <!-- header --><\/div><!-- porto-sicon-box -->\t\t\t\t<\/div>\n\t\t\t\t<\/div>\n\t\t\t\t\t<\/div>\r\n\t\t\t\t<\/div>\r\n\t\t\t\t<div class=\"elementor-column elementor-col-50 elementor-inner-column elementor-element elementor-element-418666f\" data-id=\"418666f\" data-element_type=\"column\" data-e-type=\"column\">\r\n\t\t\t\t\t<div class=\"elementor-widget-wrap elementor-element-populated\">\r\n\t\t\t\t\t\t\t\t<div class=\"elementor-element elementor-element-6ff3b85 elementor-widget elementor-widget-porto_info_box\" data-id=\"6ff3b85\" data-element_type=\"widget\" data-e-type=\"widget\" data-widget_type=\"porto_info_box.default\">\n\t\t\t\t<div class=\"elementor-widget-container\">\n\t\t\t\t\t<div class=\"porto-sicon-box style_1 top-icon\"><div class=\"porto-sicon-top\"><div class=\"porto-just-icon-wrapper porto-icon none\" style=\"margin-bottom:20px;\"><i class=\"far fa-envelope\"><\/i><\/div><\/div><div class=\"porto-sicon-header\"><h3 class=\"porto-sicon-title\" style=\"\">E-mail<\/h3><p >contato@exigreenseeds.com<\/p><\/div> <!-- header --><\/div><!-- porto-sicon-box -->\t\t\t\t<\/div>\n\t\t\t\t<\/div>\n\t\t\t\t\t<\/div>\r\n\t\t\t\t<\/div>\r\n\t\t\t\t\t<\/div>\r\n\t\t\t\t<\/section>\r\n\t\t\t\t<div class=\"elementor-element elementor-element-169e4f9 elementor-widget-divider--view-line elementor-widget elementor-widget-divider\" data-id=\"169e4f9\" data-element_type=\"widget\" data-e-type=\"widget\" data-widget_type=\"divider.default\">\n\t\t\t\t<div class=\"elementor-widget-container\">\n\t\t\t\t\t\t\t<div class=\"elementor-divider\">\n\t\t\t<span class=\"elementor-divider-separator\">\n\t\t\t\t\t\t<\/span>\n\t\t<\/div>\n\t\t\t\t\t\t<\/div>\n\t\t\t\t<\/div>\n\t\t\t\t\t<\/div>\r\n\t\t\t\t<\/div>\r\n\t\t\t\t<div class=\"elementor-column elementor-col-50 elementor-top-column elementor-element elementor-element-9ece831\" data-id=\"9ece831\" data-element_type=\"column\" data-e-type=\"column\">\r\n\t\t\t\t\t<div class=\"elementor-widget-wrap elementor-element-populated\">\r\n\t\t\t\t\t\t\t\t<div class=\"elementor-element elementor-element-99df7a2 elementor-widget elementor-widget-heading\" data-id=\"99df7a2\" data-element_type=\"widget\" data-e-type=\"widget\" data-widget_type=\"heading.default\">\n\t\t\t\t<div class=\"elementor-widget-container\">\n\t\t\t\t\t<h2 class=\"elementor-heading-title elementor-size-default\">Perguntas Frequentes<\/h2>\t\t\t\t<\/div>\n\t\t\t\t<\/div>\n\t\t\t\t<div class=\"elementor-element elementor-element-a55daf2 custom-faq-1 elementor-widget elementor-widget-porto_faqs\" data-id=\"a55daf2\" data-element_type=\"widget\" data-e-type=\"widget\" data-widget_type=\"porto_faqs.default\">\n\t\t\t\t<div class=\"elementor-widget-container\">\n\t\t\t\t\t<div class=\"porto-faqs porto-faqsqrg2 wpb_content_element\">\r\n\t<div class=\"page-faqs clearfix\" id=\"porto_faqs_1ibo\">\r\n\r\n\t\t\r\n\t\t\r\n\t\t<div class=\"faq-row faqs-container\">\r\n\t\t\t\r\n<div class=\"faq post-16508 type-faq status-publish hentry\">\r\n\t<section class=\"toggle\">\r\n\t\t<label>Como fa\u00e7o para entrar em contato com sua equipe de suporte ao cliente?<\/label>\r\n\t\t<div class=\"toggle-content\">\r\n\t\t<h3 class=\"entry-title\" style=\"display: none;\">Como fa\u00e7o para entrar em contato com sua equipe de suporte ao cliente?<\/h3><span class=\"vcard\" style=\"display: none;\"><span class=\"fn\"><a href=\"https:\/\/exigreen.com\/es\/author\/devcube\/\" title=\"Entradas de devcube\" rel=\"author\">devcubo<\/a><\/span><\/span><span class=\"updated\" style=\"display:none\">2024-11-20T22:29:55-03:00<\/span>\n<p>Voc\u00ea pode entrar em contato com nossa equipe de suporte ao cliente atrav\u00e9s do WhatsApp ou E-mail.<\/p>\n\t\t<\/div>\r\n\t<\/section>\r\n<\/div>\r\n\r\n<div class=\"faq post-16507 type-faq status-publish hentry\">\r\n\t<section class=\"toggle\">\r\n\t\t<label>Como voc\u00ea protege minha privacidade ao comprar sementes de cannabis em seu site?<\/label>\r\n\t\t<div class=\"toggle-content\">\r\n\t\t<h3 class=\"entry-title\" style=\"display: none;\">Como voc\u00ea protege minha privacidade ao comprar sementes de cannabis em seu site?<\/h3><span class=\"vcard\" style=\"display: none;\"><span class=\"fn\"><a href=\"https:\/\/exigreen.com\/es\/author\/devcube\/\" title=\"Entradas de devcube\" rel=\"author\">devcubo<\/a><\/span><\/span><span class=\"updated\" style=\"display:none\">2024-11-20T22:29:40-03:00<\/span>\n<p>Levamos a privacidade dos nossos clientes a s\u00e9rio. Para saber mais sobre como coletamos, usamos e protegemos suas informa\u00e7\u00f5es pessoais, consulte nossa Pol\u00edtica de Privacidade completa.<\/p>\n\t\t<\/div>\r\n\t<\/section>\r\n<\/div>\r\n\r\n<div class=\"faq post-16506 type-faq status-publish hentry\">\r\n\t<section class=\"toggle\">\r\n\t\t<label>Oferecem reembolsos?<\/label>\r\n\t\t<div class=\"toggle-content\">\r\n\t\t<h3 class=\"entry-title\" style=\"display: none;\">Oferecem reembolsos?<\/h3><span class=\"vcard\" style=\"display: none;\"><span class=\"fn\"><a href=\"https:\/\/exigreen.com\/es\/author\/devcube\/\" title=\"Entradas de devcube\" rel=\"author\">devcubo<\/a><\/span><\/span><span class=\"updated\" style=\"display:none\">2024-11-20T22:29:26-03:00<\/span>\n<p>Sim, se um produto estiver defeituoso ou n\u00e3o atender \u00e0s suas expectativas, entre em contato conosco dentro de 30 dias a partir da data da compra. Avaliaremos e, se for eleg\u00edvel, processaremos o reembolso ou substitui\u00e7\u00e3o do produto, a crit\u00e9rio do cliente.<\/p>\n\t\t<\/div>\r\n\t<\/section>\r\n<\/div>\r\n\r\n<div class=\"faq post-16505 type-faq status-publish hentry\">\r\n\t<section class=\"toggle\">\r\n\t\t<label>Qual \u00e9 a pol\u00edtica de devolu\u00e7\u00e3o?<\/label>\r\n\t\t<div class=\"toggle-content\">\r\n\t\t<h3 class=\"entry-title\" style=\"display: none;\">Qual \u00e9 a pol\u00edtica de devolu\u00e7\u00e3o?<\/h3><span class=\"vcard\" style=\"display: none;\"><span class=\"fn\"><a href=\"https:\/\/exigreen.com\/es\/author\/devcube\/\" title=\"Entradas de devcube\" rel=\"author\">devcubo<\/a><\/span><\/span><span class=\"updated\" style=\"display:none\">2024-11-20T22:29:09-03:00<\/span>\n<p>Quando voc\u00ea entrar em contato conosco e explicar o problema encontrado, nossa equipe dedicada avaliar\u00e1 a situa\u00e7\u00e3o. Em muitos casos, enviaremos um pacote adicional de sementes sem custos adicionais, sem a necessidade de devolu\u00e7\u00e3o das sementes problem\u00e1ticas.<\/p>\n\n\n\n<p>Estamos empenhados em garantir que todos os nossos clientes desfrutem de uma experi\u00eancia positiva ao fazer compras em nosso site. Sua satisfa\u00e7\u00e3o \u00e9 nossa prioridade, e estamos prontos para ajudar a resolver qualquer problema que possa surgir durante o processo de germina\u00e7\u00e3o.<\/p>\n\t\t<\/div>\r\n\t<\/section>\r\n<\/div>\r\n\r\n<div class=\"faq post-897 type-faq status-publish hentry\">\r\n\t<section class=\"toggle\">\r\n\t\t<label>INFORMA\u00c7\u00d5ES DE ENTREGA<\/label>\r\n\t\t<div class=\"toggle-content\">\r\n\t\t<h3 class=\"entry-title\" style=\"display: none;\">INFORMA\u00c7\u00d5ES DE ENTREGA<\/h3><span class=\"vcard\" style=\"display: none;\"><span class=\"fn\"><a href=\"https:\/\/exigreen.com\/es\/author\/devcube\/\" title=\"Entradas de devcube\" rel=\"author\">devcubo<\/a><\/span><\/span><span class=\"updated\" style=\"display:none\">2024-11-20T22:26:27-03:00<\/span>\n<p>Os envios s\u00e3o realizados todos os dias \u00fateis at\u00e9 as 14h. Pedidos feitos ap\u00f3s esse hor\u00e1rio ser\u00e3o postados somente no dia seguinte. Utilizamos o servi\u00e7o de Transportadoras, e o tempo m\u00e9dio de entrega varia de 5 a 7 dias \u00fateis, podendo ocorrer entregas mais r\u00e1pidas.<\/p>\n\n\n\n<p>C\u00f3digo de Rastreamento<\/p>\n\n\n\n<p>Envio R\u00e1pido e Discreto<\/p>\n\n\n\n<p>Armazenamento Organizado e Climatizado<\/p>\n\t\t<\/div>\r\n\t<\/section>\r\n<\/div>\r\n\r\n<div class=\"faq post-896 type-faq status-publish hentry\">\r\n\t<section class=\"toggle\">\r\n\t\t<label>RESTRI\u00c7\u00c3O DE IDADE<\/label>\r\n\t\t<div class=\"toggle-content\">\r\n\t\t<h3 class=\"entry-title\" style=\"display: none;\">RESTRI\u00c7\u00c3O DE IDADE<\/h3><span class=\"vcard\" style=\"display: none;\"><span class=\"fn\"><a href=\"https:\/\/exigreen.com\/es\/author\/devcube\/\" title=\"Entradas de devcube\" rel=\"author\">devcubo<\/a><\/span><\/span><span class=\"updated\" style=\"display:none\">2024-11-20T22:26:43-03:00<\/span>\n<p>Por favor, note que todos os produtos dispon\u00edveis em nosso site s\u00e3o estritamente proibidos para menores de 18 anos. Levamos a s\u00e9rio a responsabilidade de promover o uso respons\u00e1vel de nossos produtos.<\/p>\n\n\n\n<p>Al\u00e9m disso, oferecemos sementes de cannabis como itens de cole\u00e7\u00e3o em pa\u00edses onde o cultivo de cannabis \u00e9 ilegal. \u00c9 importante ressaltar que a germina\u00e7\u00e3o de sementes de cannabis pode ser ilegal em muitos pa\u00edses. As sementes de cannabis vendidas pela Exi Green Seeds destinam-se exclusivamente a fins colecion\u00e1veis e n\u00e3o devem ser utilizadas para promover atividades ilegais.<\/p>\n\t\t<\/div>\r\n\t<\/section>\r\n<\/div>\r\n\r\n<div class=\"faq post-895 type-faq status-publish hentry\">\r\n\t<section class=\"toggle\">\r\n\t\t<label>PRE\u00c7O E TRANSPORTE<\/label>\r\n\t\t<div class=\"toggle-content\">\r\n\t\t<h3 class=\"entry-title\" style=\"display: none;\">PRE\u00c7O E TRANSPORTE<\/h3><span class=\"vcard\" style=\"display: none;\"><span class=\"fn\"><a href=\"https:\/\/exigreen.com\/es\/author\/devcube\/\" title=\"Entradas de devcube\" rel=\"author\">devcubo<\/a><\/span><\/span><span class=\"updated\" style=\"display:none\">2024-11-20T22:27:20-03:00<\/span>\n<p><br>Nossas taxas de entrega via Transportadora oferecem uma solu\u00e7\u00e3o r\u00e1pida e confi\u00e1vel para envios em todo o Brasil.\u00a0<\/p>\n\n\n\n<p><\/p>\n\t\t<\/div>\r\n\t<\/section>\r\n<\/div>\r\n\r\n<div class=\"faq post-894 type-faq status-publish hentry\">\r\n\t<section class=\"toggle\">\r\n\t\t<label>Quais s\u00e3o as restri\u00e7\u00f5es de idade para comprar sementes de cannabis em seu site?<\/label>\r\n\t\t<div class=\"toggle-content\">\r\n\t\t<h3 class=\"entry-title\" style=\"display: none;\">Quais s\u00e3o as restri\u00e7\u00f5es de idade para comprar sementes de cannabis em seu site?<\/h3><span class=\"vcard\" style=\"display: none;\"><span class=\"fn\"><a href=\"https:\/\/exigreen.com\/es\/author\/devcube\/\" title=\"Entradas de devcube\" rel=\"author\">devcubo<\/a><\/span><\/span><span class=\"updated\" style=\"display:none\">2024-11-20T22:27:39-03:00<\/span>\n<p>Todos os compradores devem ter pelo menos 18 anos de idade para adquirir sementes de cannabis em nosso site. Levamos a s\u00e9rio a promo\u00e7\u00e3o do uso respons\u00e1vel de nossos produtos.<\/p>\n\t\t<\/div>\r\n\t<\/section>\r\n<\/div>\r\n\t\t<\/div>\r\n\r\n\t\t\r\n\t<\/div>\r\n\r\n\t\r\n\t<\/div>\t\t\t\t<\/div>\n\t\t\t\t<\/div>\n\t\t\t\t\t<\/div>\r\n\t\t\t\t<\/div>\r\n\t\t\t\t\t<\/div>\r\n\t\t\t\t<\/section>\r\n\t\t\t\t<section class=\"elementor-section elementor-top-section elementor-element elementor-element-7337f71 m-b-xxl elementor-section-boxed elementor-section-height-default elementor-section-height-default\" data-id=\"7337f71\" data-element_type=\"section\" data-e-type=\"section\">\r\n\t\t\r\n\t\t\t\t\t\t\t<div class=\"elementor-container elementor-column-gap-default\">\r\n\t\t\t\t\t\t\t\t\t\t\t<div class=\"elementor-column elementor-col-100 elementor-top-column elementor-element elementor-element-ad5405c\" data-id=\"ad5405c\" data-element_type=\"column\" data-e-type=\"column\">\r\n\t\t\t\t\t<div class=\"elementor-widget-wrap\">\r\n\t\t\t\t\t\t\t\t\t<\/div>\r\n\t\t\t\t<\/div>\r\n\t\t\t\t\t<\/div>\r\n\t\t\t\t<\/section>\r\n\t\t\t\t<\/div>","protected":false},"excerpt":{"rendered":"<p>Fale conosco! Suporte humanizado 24h estamos prontos para te atender! Trabalhamos com produtos da mais alta qualidade para fornecer o melhor aos nossos clientes WhatsApp (11) 91163-8489 E-mail contato@exigreenseeds.com Perguntas Frequentes Como fa\u00e7o para entrar em contato com sua equipe de suporte ao cliente? Como fa\u00e7o para entrar em contato com sua equipe de suporte [&hellip;]<\/p>\n","protected":false},"author":1,"featured_media":0,"parent":0,"menu_order":0,"comment_status":"closed","ping_status":"closed","template":"","meta":{"_acf_changed":false,"_joinchat":[],"footnotes":""},"class_list":["post-888","page","type-page","status-publish","hentry"],"acf":[],"_links":{"self":[{"href":"https:\/\/exigreen.com\/es\/wp-json\/wp\/v2\/pages\/888","targetHints":{"allow":["GET"]}}],"collection":[{"href":"https:\/\/exigreen.com\/es\/wp-json\/wp\/v2\/pages"}],"about":[{"href":"https:\/\/exigreen.com\/es\/wp-json\/wp\/v2\/types\/page"}],"author":[{"embeddable":true,"href":"https:\/\/exigreen.com\/es\/wp-json\/wp\/v2\/users\/1"}],"replies":[{"embeddable":true,"href":"https:\/\/exigreen.com\/es\/wp-json\/wp\/v2\/comments?post=888"}],"version-history":[{"count":3,"href":"https:\/\/exigreen.com\/es\/wp-json\/wp\/v2\/pages\/888\/revisions"}],"predecessor-version":[{"id":16511,"href":"https:\/\/exigreen.com\/es\/wp-json\/wp\/v2\/pages\/888\/revisions\/16511"}],"wp:attachment":[{"href":"https:\/\/exigreen.com\/es\/wp-json\/wp\/v2\/media?parent=888"}],"curies":[{"name":"wp","href":"https:\/\/api.w.org\/{rel}","templated":true}]}}