{"id":13706,"date":"2024-11-06T14:18:39","date_gmt":"2024-11-06T17:18:39","guid":{"rendered":"https:\/\/exigreenseeds.com\/new\/?post_type=product&#038;p=13706"},"modified":"2026-04-08T15:37:37","modified_gmt":"2026-04-08T18:37:37","slug":"northern-lights","status":"publish","type":"product","link":"https:\/\/exigreen.com\/es\/product\/northern-lights\/","title":{"rendered":"Northern Lights"},"content":{"rendered":"<p>Uma lend\u00e1ria gen\u00e9tica da velha guarda, originada na Am\u00e9rica do Norte nos anos 1980 e depois trazida para a Holanda, onde se tornou uma queridinha dos caf\u00e9s da regi\u00e3o e deu origem a muitos cruzamentos famosos comeram hoje. A sua estrutura compacta e horizontal deve-se ao seu dom\u00ednio de 100%, sendo originalmente criada para a produ\u00e7\u00e3o de haxixe. Seu sabor e aroma s\u00e3o suaves, com toques de lavanda, amaciante e grama \u00famida. Seus efeitos corporais e radiantes s\u00e3o extremamente intensos e equilibrados, perfeitos para quem prefere n\u00edveis moderados de THC. Uma planta lend\u00e1ria que ser\u00e1 uma \u00f3tima adi\u00e7\u00e3o ao seu jardim ou estufa, especialmente se voc\u00ea se preocupar com o excesso de odores e vive horas em um clima frio com poucas de luz.<\/p>","protected":false},"excerpt":{"rendered":"<h3><strong>Ficha T\u00e9cnica<\/strong><\/h3>\n<hr \/>\n<p><strong class=\"x-el x-el-span c2-1d c2-1e c2-3 c2-63 c2-1n c2-5f c2-64\">Concentra\u00e7\u00e3o de THC:<\/strong>\u00a00,3% + \u2013<\/p>\n<p><strong class=\"x-el x-el-span c2-1d c2-1e c2-3 c2-63 c2-1n c2-5f c2-64\">Concentra\u00e7\u00e3o de CBD:<\/strong>\u00a012% + \u2013<\/p>\n<p><strong class=\"x-el x-el-span c2-1d c2-1e c2-3 c2-63 c2-1n c2-5f c2-64\">Predomin\u00e2ncia:<\/strong>\u00a0100% indica<\/p>\n<p><strong class=\"x-el x-el-span c2-1d c2-1e c2-3 c2-63 c2-1n c2-5f c2-64\">Gen\u00e9tica:<\/strong>\u00a0Northern Lights x Afghani x Haze<\/p>\n<p><strong class=\"x-el x-el-span c2-1d c2-1e c2-3 c2-63 c2-1n c2-5f c2-64\">Medicinal:<\/strong>\u00a0\u00fatil contra dor cr\u00f4nica, depress\u00e3o, falta de apetite, ins\u00f4nia e estresse<\/p>\n<p><strong class=\"x-el x-el-span c2-1d c2-1e c2-3 c2-63 c2-1n c2-5f c2-64\">Efeitos:<\/strong>\u00a0relaxamento, felicidade, euforia, sonol\u00eancia, sa\u00edda<\/p>\n<p><strong class=\"x-el x-el-span c2-1d c2-1e c2-3 c2-63 c2-1n c2-5f c2-64\">Altura:<\/strong>\u00a0170-210 cm<\/p>\n<p><strong class=\"x-el x-el-span c2-1d c2-1e c2-3 c2-63 c2-1n c2-5f c2-64\">Rendimento:<\/strong>\u00a0150 a 500 gramas por metro quadrado<\/p>\n<p><strong class=\"x-el x-el-span c2-1d c2-1e c2-3 c2-63 c2-1n c2-5f c2-64\">Tempo de flora\u00e7\u00e3o:<\/strong>\u00a08 semanas (colheita ao ar livre entre agosto e outubro)<\/p>\n<p><strong class=\"x-el x-el-span c2-1d c2-1e c2-3 c2-63 c2-1n c2-5f c2-64\">Pr\u00eamios:<\/strong>\u00a0THC mais alto testado em laborat\u00f3rio em uma Copa HT Cannabis: 18,71 por cento (Denver, 2013)<\/p>\n<p><strong class=\"x-el x-el-span c2-1d c2-1e c2-3 c2-63 c2-1n c2-5f c2-64\">Sabor \/ Aroma:<\/strong>\u00a0Lavanda, Amaciante, Grama<\/p>\n<hr \/>\n<p>&nbsp;<\/p>","protected":false},"featured_media":13774,"template":"","meta":{"_acf_changed":false,"_joinchat":[]},"product_brand":[],"product_cat":[195,72,89,81],"product_tag":[],"class_list":{"0":"post-13706","1":"product","2":"type-product","3":"status-publish","4":"has-post-thumbnail","6":"product_cat-5-unidades","7":"product_cat-automatica","8":"product_cat-exi-green","9":"product_cat-indica","11":"first","12":"instock","13":"sale","14":"shipping-taxable","15":"purchasable","16":"product-type-simple"},"acf":[],"_links":{"self":[{"href":"https:\/\/exigreen.com\/es\/wp-json\/wp\/v2\/product\/13706","targetHints":{"allow":["GET"]}}],"collection":[{"href":"https:\/\/exigreen.com\/es\/wp-json\/wp\/v2\/product"}],"about":[{"href":"https:\/\/exigreen.com\/es\/wp-json\/wp\/v2\/types\/product"}],"wp:featuredmedia":[{"embeddable":true,"href":"https:\/\/exigreen.com\/es\/wp-json\/wp\/v2\/media\/13774"}],"wp:attachment":[{"href":"https:\/\/exigreen.com\/es\/wp-json\/wp\/v2\/media?parent=13706"}],"wp:term":[{"taxonomy":"product_brand","embeddable":true,"href":"https:\/\/exigreen.com\/es\/wp-json\/wp\/v2\/product_brand?post=13706"},{"taxonomy":"product_cat","embeddable":true,"href":"https:\/\/exigreen.com\/es\/wp-json\/wp\/v2\/product_cat?post=13706"},{"taxonomy":"product_tag","embeddable":true,"href":"https:\/\/exigreen.com\/es\/wp-json\/wp\/v2\/product_tag?post=13706"}],"curies":[{"name":"wp","href":"https:\/\/api.w.org\/{rel}","templated":true}]}}