{"id":13800,"date":"2024-11-06T14:20:26","date_gmt":"2024-11-06T17:20:26","guid":{"rendered":"https:\/\/exigreenseeds.com\/new\/?post_type=product&#038;p=13800"},"modified":"2024-11-06T14:21:12","modified_gmt":"2024-11-06T17:21:12","slug":"cherry-og-feminizadas-5-unidades","status":"publish","type":"product","link":"https:\/\/exigreen.com\/es\/product\/cherry-og-feminizadas-5-unidades\/","title":{"rendered":"Cherry OG Feminizadas \u2013 5 Unidades"},"content":{"rendered":"<p>O grande clone de Mohan Thai foi usado para reverter o sexo e criar p\u00f3len. A planta receptora neste caso foi a OG 324, uma campe\u00e3 da OG 18 cujo potencial e caracter\u00edsticas favor\u00e1veis foram aumentados. Embora pare\u00e7a uma sativa devido ao seu porte que pode ultrapassar os 3 metros ao ar livre, a sele\u00e7\u00e3o da OG reduziu um pouco de sua natureza destruidora e, com a campe\u00e3 Mohan Ram no primeiro cruzamento e a OG 18 no segundo, conseguiram encurtar o tempo de flora\u00e7\u00e3o e o tamanho geral da grande Destroyer. Os buds das tr\u00eas plantas s\u00e3o muito compactos, duros como pedras brilhantes cobertas de resina, e a Cherry OG herda todas essas caracter\u00edsticas desej\u00e1veis e as expressa com sua pr\u00f3pria identidade. Sua estrutura \u00e9 como a de um pinheiro, com muitos ramos, mantendo uma estatura m\u00e9dia, ideal para o cultivador indoor que gosta de sativas, mas precisa de um crescimento vertical mais equilibrado para evitar um estiramento excessivo e permitir que a flora\u00e7\u00e3o termine em cerca de 9 semanas. A Cherry OG clona facilmente e \u00e9 bastante resistente a pragas como \u00e1caros vermelhos. Al\u00e9m disso, \u00e9 muito resistente ao mofo, sendo mais forte e robusta ao ar livre do que as OG Kush puras. Esta planta combina o melhor da OG, uma White de excel\u00eancia (a mesma usada na Flash), uma contribui\u00e7\u00e3o valiosa da S.A.D. (Sweet Afghani Delicious) e a invicta sativa campe\u00e3 das campe\u00e3s, a Destro, tamb\u00e9m conhecida como Desfr\u00e1n.<\/p>\n<p>Aroma:<\/p>\n<p>Cheira a cerejas com caf\u00e9 e um toque de gasolina adocicada. O Mohan Thai, com todo o seu aroma de delicatessen de embutidos, combina-se com essa del\u00edcia, acrescentando ingredientes como caf\u00e9 torrado que se destacam entre tanta lingui\u00e7a com anis e cereja selvagem.<\/p>\n<p>Sabor:<\/p>\n<p>Tem um sabor de combust\u00edvel \u00e1cido de cerejas e caf\u00e9. Uma boa tragada \u00e9 suficiente para inundar o paladar com essa mistura agridoce de sabores, que lembram desde uma barra de chocolate su\u00ed\u00e7o recheada com cerejas at\u00e9, se fosse uma bebida, uma margarita com frutas vermelhas e extrato de aspargos com enxaguante bucal.<\/p>\n<p>Pot\u00eancia:<\/p>\n<p>THC: 21% a 25% CBD: 0,7%<\/p>\n<p>A pot\u00eancia deste produto supera os limites das variedades de maconha convencionais. Medimos um fen\u00f3tipo com 27% de THC, mas, em geral, eles est\u00e3o em torno de 23%. Tr\u00eas das plantas mais potentes do planeta se unem para real\u00e7ar os benef\u00edcios do THC, que havia perdido um pouco de destaque devido aos avan\u00e7os cient\u00edficos que deram mais import\u00e2ncia ao CBD. No entanto, os amantes das variedades antigas e potentes de maconha podem se alegrar com a chegada da Cherry letal.<\/p>\n<p>Efeito:<\/p>\n<p>Al\u00e9m de ser muito potente, \u00e0s vezes, pode ir em ambas as dire\u00e7\u00f5es. Uma sativa pura potente \u00e9 estimulante, mas tamb\u00e9m pode elevar muito. Esta Cherry tem duas armas infal\u00edveis para relaxamento, medita\u00e7\u00e3o, al\u00edvio do estresse e ins\u00f4nia: a Mohan que te deixa em um estado de relaxamento profundo e a OG que envolve sua mente em um turbilh\u00e3o de pensamentos. Al\u00e9m de toda a energia cin\u00e9tica fornecida pela Destro, ela compete com dois tit\u00e3s extremamente confort\u00e1veis no campo dos videogames e s\u00e9ries de TV. \u00c9 \u00f3tima para a tarde, mas tamb\u00e9m pode ser considerada para um in\u00edcio de dia na praia durante as f\u00e9rias, quando n\u00e3o h\u00e1 muitas responsabilidades que exijam aten\u00e7\u00e3o ou foco n\u00edtido.<\/p>","protected":false},"excerpt":{"rendered":"<h3><strong>Ficha T\u00e9cnica<\/strong><\/h3>\n<hr \/>\n<p>Gen\u00e9tica: OG Kush 324 x Mohan Thai<\/p>\n<p>Per\u00edodo de floraci\u00f3n: 60 d\u00edas<\/p>\n<p>Aroma: Notas de cerejas com caf\u00e9 e toques de gasolina adocicada. Lembran\u00e7a de salame agridoce.<\/p>\n<p>Sabor: Sabor \u00e1cido e combust\u00edvel com tons de frutas vermelhas, espargos e enxaguante bucal.<\/p>\n<p>Sativa 60% | Indica 40%<\/p>\n<p>Altura: Interior: 1,60 m<\/p>\n<p>Exterior: 3 m<\/p>\n<p>Produ\u00e7\u00e3o: Interior: 480g\/m\u00b2<\/p>\n<p>Exterior: 950g por planta<\/p>\n<p>THC: 21% &#8211; 25% CBD: 0,7%<\/p>\n<hr \/>\n<p>&nbsp;<\/p>","protected":false},"featured_media":13851,"template":"","meta":{"_acf_changed":false,"_joinchat":[]},"product_brand":[],"product_cat":[90,79],"product_tag":[],"class_list":{"0":"post-13800","1":"product","2":"type-product","3":"status-publish","4":"has-post-thumbnail","6":"product_cat-feminizadas-fotos","7":"product_cat-hibrida","9":"first","10":"outofstock","11":"sale","12":"shipping-taxable","13":"purchasable","14":"product-type-simple"},"acf":[],"_links":{"self":[{"href":"https:\/\/exigreen.com\/es\/wp-json\/wp\/v2\/product\/13800","targetHints":{"allow":["GET"]}}],"collection":[{"href":"https:\/\/exigreen.com\/es\/wp-json\/wp\/v2\/product"}],"about":[{"href":"https:\/\/exigreen.com\/es\/wp-json\/wp\/v2\/types\/product"}],"wp:featuredmedia":[{"embeddable":true,"href":"https:\/\/exigreen.com\/es\/wp-json\/wp\/v2\/media\/13851"}],"wp:attachment":[{"href":"https:\/\/exigreen.com\/es\/wp-json\/wp\/v2\/media?parent=13800"}],"wp:term":[{"taxonomy":"product_brand","embeddable":true,"href":"https:\/\/exigreen.com\/es\/wp-json\/wp\/v2\/product_brand?post=13800"},{"taxonomy":"product_cat","embeddable":true,"href":"https:\/\/exigreen.com\/es\/wp-json\/wp\/v2\/product_cat?post=13800"},{"taxonomy":"product_tag","embeddable":true,"href":"https:\/\/exigreen.com\/es\/wp-json\/wp\/v2\/product_tag?post=13800"}],"curies":[{"name":"wp","href":"https:\/\/api.w.org\/{rel}","templated":true}]}}