{"id":13884,"date":"2024-11-06T14:21:56","date_gmt":"2024-11-06T17:21:56","guid":{"rendered":"https:\/\/exigreenseeds.com\/new\/?post_type=product&#038;p=13884"},"modified":"2025-08-23T19:27:24","modified_gmt":"2025-08-23T22:27:24","slug":"organicas-misteriosas-3-unidades","status":"publish","type":"product","link":"https:\/\/exigreen.com\/es\/product\/organicas-misteriosas-3-unidades\/","title":{"rendered":"Org\u00e2nicas Misteriosas &#8211; 3 Unidades"},"content":{"rendered":"<p>As sementes dispon\u00edveis neste an\u00fancio s\u00e3o todas as que est\u00e3o em nosso site. A \u00fanica diferen\u00e7a \u00e9 que n\u00e3o \u00e9 poss\u00edvel escolher o tipo e a variedade, apenas a quantidade.<\/p>\n<p>Todas t\u00eam a mesma qualidade que as outras em nosso site e podem ser enviadas aleatoriamente, qualquer uma delas.<\/p>\n<p>&nbsp;<\/p>\n<p>Esta \u00e9 apenas uma brincadeira para comprar sem saber o que vai receber, experimentar novas variedades.<\/p>\n<p>Espero que gostem.<\/p>","protected":false},"excerpt":{"rendered":"<hr \/>\n<p><strong>Variedade Aleat\u00f3ria<\/strong><\/p>\n<p><strong>Gen\u00e9tica Aleat\u00f3ria<\/strong><\/p>\n<p><strong>Tipo Aleat\u00f3rio<\/strong><\/p>\n<hr \/>\n<p>&nbsp;<\/p>","protected":false},"featured_media":13905,"template":"","meta":{"_acf_changed":false,"_joinchat":[]},"product_brand":[],"product_cat":[88],"product_tag":[],"class_list":{"0":"post-13884","1":"product","2":"type-product","3":"status-publish","4":"has-post-thumbnail","6":"product_cat-sementes-misteriosas","8":"first","9":"instock","10":"shipping-taxable","11":"purchasable","12":"product-type-simple"},"acf":[],"_links":{"self":[{"href":"https:\/\/exigreen.com\/es\/wp-json\/wp\/v2\/product\/13884","targetHints":{"allow":["GET"]}}],"collection":[{"href":"https:\/\/exigreen.com\/es\/wp-json\/wp\/v2\/product"}],"about":[{"href":"https:\/\/exigreen.com\/es\/wp-json\/wp\/v2\/types\/product"}],"wp:featuredmedia":[{"embeddable":true,"href":"https:\/\/exigreen.com\/es\/wp-json\/wp\/v2\/media\/13905"}],"wp:attachment":[{"href":"https:\/\/exigreen.com\/es\/wp-json\/wp\/v2\/media?parent=13884"}],"wp:term":[{"taxonomy":"product_brand","embeddable":true,"href":"https:\/\/exigreen.com\/es\/wp-json\/wp\/v2\/product_brand?post=13884"},{"taxonomy":"product_cat","embeddable":true,"href":"https:\/\/exigreen.com\/es\/wp-json\/wp\/v2\/product_cat?post=13884"},{"taxonomy":"product_tag","embeddable":true,"href":"https:\/\/exigreen.com\/es\/wp-json\/wp\/v2\/product_tag?post=13884"}],"curies":[{"name":"wp","href":"https:\/\/api.w.org\/{rel}","templated":true}]}}