{"id":13987,"date":"2024-11-06T14:24:36","date_gmt":"2024-11-06T17:24:36","guid":{"rendered":"https:\/\/exigreenseeds.com\/new\/?post_type=product&#038;p=13987"},"modified":"2024-11-06T14:25:30","modified_gmt":"2024-11-06T17:25:30","slug":"gellato-automaticas-5-unidades","status":"publish","type":"product","link":"https:\/\/exigreen.com\/es\/product\/gellato-automaticas-5-unidades\/","title":{"rendered":"Gellato Autom\u00e1ticas \u2013 5 Unidades"},"content":{"rendered":"<p>A Gelato \u00e9 uma gen\u00e9tica h\u00edbrida, resultado de um cruzamento das variedades Sunset Sherbet e Thin Mint Girl Scout Cookies. Essa strain ficou muito conhecida por suas caracter\u00edsticas sensoriais bastante \u00fanicas e seu aroma que \u00e9 marcado por uma combina\u00e7\u00e3o de notas doces e c\u00edtricas com um toque de notas terrosas. O seu sabor, tamb\u00e9m n\u00e3o deixa a desejar, com muitos usu\u00e1rios descrevendo as similaridades dessa strain com um\u00a0sorvete cremoso.<\/p>\n<p>Um outro ponto interessante sobre essa strain \u00e9 quando analisamos o perfil de canabinoides dessa strain, pois ela geralmente apresenta teores vari\u00e1veis de\u00a0THC\u00a0e\u00a0CBD, sendo na maioria das vezes uma quantidade baix\u00edssima de CBD. As quantidades espec\u00edficas podem variar dependendo do fen\u00f3tipo e do processo de cultivo, mas em geral, a Gelato tende a ter um teor moderado de THC, entre 15 e 25%, o que traz uma sensa\u00e7\u00e3o moderada psicoativa.<\/p>","protected":false},"excerpt":{"rendered":"<p>A Gelato \u00e9 uma gen\u00e9tica h\u00edbrida, resultado de um cruzamento das variedades Sunset Sherbet e Thin Mint Girl Scout Cookies. Essa strain ficou muito conhecida por suas caracter\u00edsticas sensoriais bastante \u00fanicas e seu aroma que \u00e9 marcado por uma combina\u00e7\u00e3o de notas doces e c\u00edtricas com um toque de notas terrosas. O seu sabor, tamb\u00e9m [&hellip;]<\/p>\n","protected":false},"featured_media":13992,"template":"","meta":{"_acf_changed":false,"_joinchat":[]},"product_brand":[],"product_cat":[72,89,79],"product_tag":[],"class_list":{"0":"post-13987","1":"product","2":"type-product","3":"status-publish","4":"has-post-thumbnail","6":"product_cat-automatica","7":"product_cat-exi-green","8":"product_cat-hibrida","10":"first","11":"outofstock","12":"sale","13":"shipping-taxable","14":"purchasable","15":"product-type-simple"},"acf":[],"_links":{"self":[{"href":"https:\/\/exigreen.com\/es\/wp-json\/wp\/v2\/product\/13987","targetHints":{"allow":["GET"]}}],"collection":[{"href":"https:\/\/exigreen.com\/es\/wp-json\/wp\/v2\/product"}],"about":[{"href":"https:\/\/exigreen.com\/es\/wp-json\/wp\/v2\/types\/product"}],"wp:featuredmedia":[{"embeddable":true,"href":"https:\/\/exigreen.com\/es\/wp-json\/wp\/v2\/media\/13992"}],"wp:attachment":[{"href":"https:\/\/exigreen.com\/es\/wp-json\/wp\/v2\/media?parent=13987"}],"wp:term":[{"taxonomy":"product_brand","embeddable":true,"href":"https:\/\/exigreen.com\/es\/wp-json\/wp\/v2\/product_brand?post=13987"},{"taxonomy":"product_cat","embeddable":true,"href":"https:\/\/exigreen.com\/es\/wp-json\/wp\/v2\/product_cat?post=13987"},{"taxonomy":"product_tag","embeddable":true,"href":"https:\/\/exigreen.com\/es\/wp-json\/wp\/v2\/product_tag?post=13987"}],"curies":[{"name":"wp","href":"https:\/\/api.w.org\/{rel}","templated":true}]}}