{"id":13989,"date":"2024-11-06T14:24:36","date_gmt":"2024-11-06T17:24:36","guid":{"rendered":"https:\/\/exigreenseeds.com\/new\/?post_type=product&#038;p=13989"},"modified":"2024-11-06T14:25:30","modified_gmt":"2024-11-06T17:25:30","slug":"original-cinderela-automaticas-5-unidades","status":"publish","type":"product","link":"https:\/\/exigreen.com\/es\/product\/original-cinderela-automaticas-5-unidades\/","title":{"rendered":"Original Cinderela Autom\u00e1ticas \u2013 5 Unidades"},"content":{"rendered":"<p>Cinderella Auto \u00e9 uma h\u00edbrida de domin\u00e2ncia Sativa, grande mas compacta, com um efeito potente que vai te deixar desejando mais. Ela foi projetada para produzir muitas flores e poucas folhas, o que significa que sua planta ir\u00e1 desenvolver flores grandes e ser\u00e1 muito mais f\u00e1cil de manicurar. Esta variedade pode render at\u00e9 550gr\/m2 gra\u00e7as aos m\u00faltiplos ramos laterais que podem crescer tanto quanto o ramo principal. Apesar de atingir uma altura de 120cm, esta variedade ainda se mant\u00e9m compacta. \u00c9 a escolha perfeita para os amantes de Sativa com espa\u00e7o de cultivo limitado. O efeito Sativa \u00e9 potente, deixando voc\u00ea motivado e alegre, com uma sensa\u00e7\u00e3o de bem-estar. O perfil de terpenos tem notas frutadas de p\u00eassego doce e abacaxi maduro, tornando-a ainda mais deliciosa.<\/p>\n<p>As buds da Cinderella Auto produzem flores densas de cor verde-escuro, com c\u00e1lices alongados e muitos pelos \u00e2mbar longos por toda parte. Apesar da densidade, as flores t\u00eam uma apar\u00eancia leve devido aos pelos excepcionalmente largos, dando-lhes uma apar\u00eancia fofa. Voc\u00ea pode esperar uma produ\u00e7\u00e3o de tricomas not\u00e1vel, fazendo com que as flores pare\u00e7am ter sido polvilhadas com a\u00e7\u00facar em p\u00f3. Al\u00e9m disso, o aroma \u00e9 uma deliciosa mistura de abacaxi e p\u00eassego, resultando em um aroma tropical irresist\u00edvel.<\/p>","protected":false},"excerpt":{"rendered":"<p>Cinderella Auto \u00e9 uma h\u00edbrida de domin\u00e2ncia Sativa, grande mas compacta, com um efeito potente que vai te deixar desejando mais. Ela foi projetada para produzir muitas flores e poucas folhas, o que significa que sua planta ir\u00e1 desenvolver flores grandes e ser\u00e1 muito mais f\u00e1cil de manicurar. Esta variedade pode render at\u00e9 550gr\/m2 gra\u00e7as [&hellip;]<\/p>\n","protected":false},"featured_media":13993,"template":"","meta":{"_acf_changed":false,"_joinchat":[]},"product_brand":[],"product_cat":[72,89,87],"product_tag":[],"class_list":{"0":"post-13989","1":"product","2":"type-product","3":"status-publish","4":"has-post-thumbnail","6":"product_cat-automatica","7":"product_cat-exi-green","8":"product_cat-sativa","10":"first","11":"outofstock","12":"sale","13":"shipping-taxable","14":"purchasable","15":"product-type-simple"},"acf":[],"_links":{"self":[{"href":"https:\/\/exigreen.com\/es\/wp-json\/wp\/v2\/product\/13989","targetHints":{"allow":["GET"]}}],"collection":[{"href":"https:\/\/exigreen.com\/es\/wp-json\/wp\/v2\/product"}],"about":[{"href":"https:\/\/exigreen.com\/es\/wp-json\/wp\/v2\/types\/product"}],"wp:featuredmedia":[{"embeddable":true,"href":"https:\/\/exigreen.com\/es\/wp-json\/wp\/v2\/media\/13993"}],"wp:attachment":[{"href":"https:\/\/exigreen.com\/es\/wp-json\/wp\/v2\/media?parent=13989"}],"wp:term":[{"taxonomy":"product_brand","embeddable":true,"href":"https:\/\/exigreen.com\/es\/wp-json\/wp\/v2\/product_brand?post=13989"},{"taxonomy":"product_cat","embeddable":true,"href":"https:\/\/exigreen.com\/es\/wp-json\/wp\/v2\/product_cat?post=13989"},{"taxonomy":"product_tag","embeddable":true,"href":"https:\/\/exigreen.com\/es\/wp-json\/wp\/v2\/product_tag?post=13989"}],"curies":[{"name":"wp","href":"https:\/\/api.w.org\/{rel}","templated":true}]}}