{"id":14019,"date":"2024-11-06T14:25:31","date_gmt":"2024-11-06T17:25:31","guid":{"rendered":"https:\/\/exigreenseeds.com\/new\/?post_type=product&#038;p=14019"},"modified":"2024-11-06T14:25:33","modified_gmt":"2024-11-06T17:25:33","slug":"jack-47-feminizadas-3-unidades","status":"publish","type":"product","link":"https:\/\/exigreen.com\/es\/product\/jack-47-feminizadas-3-unidades\/","title":{"rendered":"Jack 47 Feminizadas \u2013 3 Unidades"},"content":{"rendered":"<p>Jack 47 \u00e9 uma variedade de maconha feminizada h\u00edbrida com predomin\u00e2ncia sativa, criada a partir de duas das gen\u00e9ticas mais potentes da hist\u00f3ria: Jack Herer e AK-47.<\/p>\n<p>A Jack 47 foi desenvolvida pela Sweet Seeds com o objetivo de criar uma planta extremamente potente, combinando suas caracter\u00edsticas tanto indicas quanto sativas, tanto em termos de cultivo quanto, principalmente, em termos de experi\u00eancia, resultando em maconha com uma concentra\u00e7\u00e3o de THC que pode atingir at\u00e9 24%.<\/p>\n<p>Como era de se esperar, o efeito produzido pela Jack 47 \u00e9 inesquec\u00edvel, com um efeito cerebral potente e tamb\u00e9m no corpo, incorporando as propriedades lend\u00e1rias da gen\u00e9tica Jack Herer, proporcionando uma experi\u00eancia de alta voltagem, mesmo para os fumantes mais experientes.<\/p>\n<p>Quanto \u00e0 planta, devido \u00e0 excelente qualidade de seus genes, a Jack 47 \u00e9 altamente resistente a diversos tipos de doen\u00e7as e fungos, sendo adequada para todos os tipos de cultivo. \u00c0 medida que se desenvolve, voc\u00ea obter\u00e1 uma planta com caracter\u00edsticas predominantemente sativas, vigorosa e excepcionalmente alta, com cabe\u00e7as cobertas de resina que permanecem arom\u00e1ticas durante todo o per\u00edodo de flora\u00e7\u00e3o.<\/p>\n<p>As produ\u00e7\u00f5es tamb\u00e9m s\u00e3o not\u00e1veis. Em ambientes internos, ap\u00f3s uma espera de 9,5 semanas, voc\u00ea pode colher at\u00e9 600 gramas por metro quadrado, e em ambientes externos, at\u00e9 o final de outubro, voc\u00ea pode desfrutar de rendimentos de at\u00e9 700 gramas por planta.<\/p>","protected":false},"excerpt":{"rendered":"<p>Jack 47 \u00e9 uma variedade de maconha feminizada h\u00edbrida com predomin\u00e2ncia sativa, criada a partir de duas das gen\u00e9ticas mais potentes da hist\u00f3ria: Jack Herer e AK-47. A Jack 47 foi desenvolvida pela Sweet Seeds com o objetivo de criar uma planta extremamente potente, combinando suas caracter\u00edsticas tanto indicas quanto sativas, tanto em termos de [&hellip;]<\/p>\n","protected":false},"featured_media":13965,"template":"","meta":{"_acf_changed":false,"_joinchat":[]},"product_brand":[],"product_cat":[89,90,79],"product_tag":[],"class_list":{"0":"post-14019","1":"product","2":"type-product","3":"status-publish","4":"has-post-thumbnail","6":"product_cat-exi-green","7":"product_cat-feminizadas-fotos","8":"product_cat-hibrida","10":"first","11":"outofstock","12":"sale","13":"shipping-taxable","14":"purchasable","15":"product-type-simple"},"acf":[],"_links":{"self":[{"href":"https:\/\/exigreen.com\/es\/wp-json\/wp\/v2\/product\/14019","targetHints":{"allow":["GET"]}}],"collection":[{"href":"https:\/\/exigreen.com\/es\/wp-json\/wp\/v2\/product"}],"about":[{"href":"https:\/\/exigreen.com\/es\/wp-json\/wp\/v2\/types\/product"}],"wp:featuredmedia":[{"embeddable":true,"href":"https:\/\/exigreen.com\/es\/wp-json\/wp\/v2\/media\/13965"}],"wp:attachment":[{"href":"https:\/\/exigreen.com\/es\/wp-json\/wp\/v2\/media?parent=14019"}],"wp:term":[{"taxonomy":"product_brand","embeddable":true,"href":"https:\/\/exigreen.com\/es\/wp-json\/wp\/v2\/product_brand?post=14019"},{"taxonomy":"product_cat","embeddable":true,"href":"https:\/\/exigreen.com\/es\/wp-json\/wp\/v2\/product_cat?post=14019"},{"taxonomy":"product_tag","embeddable":true,"href":"https:\/\/exigreen.com\/es\/wp-json\/wp\/v2\/product_tag?post=14019"}],"curies":[{"name":"wp","href":"https:\/\/api.w.org\/{rel}","templated":true}]}}