{"id":14069,"date":"2024-11-06T14:25:59","date_gmt":"2024-11-06T17:25:59","guid":{"rendered":"https:\/\/exigreenseeds.com\/new\/?post_type=product&#038;p=14069"},"modified":"2024-11-06T14:26:52","modified_gmt":"2024-11-06T17:26:52","slug":"gas-x-feminizada-1-unidade","status":"publish","type":"product","link":"https:\/\/exigreen.com\/es\/product\/gas-x-feminizada-1-unidade\/","title":{"rendered":"Gas X Feminizada &#8211; 1 Unidade"},"content":{"rendered":"<p>A G\u00e1s X \u00e9 verdadeiramente uma obra-prima no mundo da cannabis, originada da uni\u00e3o perfeita entre Mac 1 e G\u00e1s Basket. \ud83c\udf3f Sua beleza \u00e9 estonteante, com flores que parecem esculpidas \u00e0 m\u00e3o, exibindo uma paleta de cores que hipnotiza qualquer observador. \ud83c\udfa8 Os tricomas, como pequenos cristais, adornam cada cent\u00edmetro, resplandecendo em uma sinfonia de brilho. \ud83d\udc8e\u2728 Al\u00e9m da sua est\u00e9tica deslumbrante, a G\u00e1s X \u00e9 um presente para os cultivadores, proporcionando um rendimento generoso que faz jus \u00e0 sua linhagem de prest\u00edgio. \ud83c\udf33\ud83d\udcb0 Em resumo, a G\u00e1s X \u00e9 mais do que uma cepa de cannabis; \u00e9 uma experi\u00eancia sensorial e visual que eleva o padr\u00e3o da cultura cann\u00e1bica. \ud83d\udc4c\ud83d\ude80<\/p>","protected":false},"excerpt":{"rendered":"<p>A G\u00e1s X \u00e9 verdadeiramente uma obra-prima no mundo da cannabis, originada da uni\u00e3o perfeita entre Mac 1 e G\u00e1s Basket. \ud83c\udf3f Sua beleza \u00e9 estonteante, com flores que parecem esculpidas \u00e0 m\u00e3o, exibindo uma paleta de cores que hipnotiza qualquer observador. \ud83c\udfa8 Os tricomas, como pequenos cristais, adornam cada cent\u00edmetro, resplandecendo em uma sinfonia [&hellip;]<\/p>\n","protected":false},"featured_media":14110,"template":"","meta":{"_acf_changed":false,"_joinchat":[]},"product_brand":[],"product_cat":[76,90,79],"product_tag":[],"class_list":{"0":"post-14069","1":"product","2":"type-product","3":"status-publish","4":"has-post-thumbnail","6":"product_cat-exi-green-exotics","7":"product_cat-feminizadas-fotos","8":"product_cat-hibrida","10":"first","11":"outofstock","12":"sale","13":"shipping-taxable","14":"purchasable","15":"product-type-simple"},"acf":[],"_links":{"self":[{"href":"https:\/\/exigreen.com\/es\/wp-json\/wp\/v2\/product\/14069","targetHints":{"allow":["GET"]}}],"collection":[{"href":"https:\/\/exigreen.com\/es\/wp-json\/wp\/v2\/product"}],"about":[{"href":"https:\/\/exigreen.com\/es\/wp-json\/wp\/v2\/types\/product"}],"wp:featuredmedia":[{"embeddable":true,"href":"https:\/\/exigreen.com\/es\/wp-json\/wp\/v2\/media\/14110"}],"wp:attachment":[{"href":"https:\/\/exigreen.com\/es\/wp-json\/wp\/v2\/media?parent=14069"}],"wp:term":[{"taxonomy":"product_brand","embeddable":true,"href":"https:\/\/exigreen.com\/es\/wp-json\/wp\/v2\/product_brand?post=14069"},{"taxonomy":"product_cat","embeddable":true,"href":"https:\/\/exigreen.com\/es\/wp-json\/wp\/v2\/product_cat?post=14069"},{"taxonomy":"product_tag","embeddable":true,"href":"https:\/\/exigreen.com\/es\/wp-json\/wp\/v2\/product_tag?post=14069"}],"curies":[{"name":"wp","href":"https:\/\/api.w.org\/{rel}","templated":true}]}}