{"id":14094,"date":"2024-11-06T14:26:47","date_gmt":"2024-11-06T17:26:47","guid":{"rendered":"https:\/\/exigreenseeds.com\/new\/?post_type=product&#038;p=14094"},"modified":"2026-04-03T22:11:48","modified_gmt":"2026-04-04T01:11:48","slug":"gas-basket-feminizadas-5-unidades","status":"publish","type":"product","link":"https:\/\/exigreen.com\/es\/product\/gas-basket-feminizadas-5-unidades\/","title":{"rendered":"Gas Basket Feminizadas \u2013 5 Unidades"},"content":{"rendered":"<p>\u00c9 uma cepa de Cannabis h\u00edbrida de domin\u00e2ncia indica feita a partir de um cruzamento gen\u00e9tico entre Gary Payton e Bakers Dozen. Esta cepa \u00e9 30% sativa e 70% indica. Gas Basket foi criado pela Exotic Genetix em 2022 e selecionado pela LUVLI em 2022\/23. Gas Basket tem 24% de THC, tornando esta variedade uma escolha ideal para consumidores experientes de cannabis. Os clientes nos dizem que os efeitos do Gas Basket incluem se sentir relaxado, feliz e euf\u00f3rico. Pacientes com maconha medicinal geralmente escolhem Gas Basket ao lidar com sintomas associados a estresse, dor e ins\u00f4nia. Gerado pela Exotic Genetix, o Gas Basket apresenta sabores como baunilha, baga e iogurte. O terpeno dominante desta cepa \u00e9 o mirceno, que \u00e9 conhecido por suas propriedades anti-inflamat\u00f3rias e sedativas.Gas Basket \u00e9 uma variedade rara e ex\u00f3tica que oferece uma experi\u00eancia potente e deliciosa. Se voc\u00ea fumou, dabbed ou consumiu Gas Basket, conte-nos sobre sua experi\u00eancia deixando uma revis\u00e3o de cepa.<\/p>","protected":false},"excerpt":{"rendered":"<p>\u00c9 uma cepa de Cannabis h\u00edbrida de domin\u00e2ncia indica feita a partir de um cruzamento gen\u00e9tico entre Gary Payton e Bakers Dozen. Esta cepa \u00e9 30% sativa e 70% indica. Gas Basket foi criado pela Exotic Genetix em 2022 e selecionado pela LUVLI em 2022\/23. Gas Basket tem 24% de THC, tornando esta variedade uma [&hellip;]<\/p>\n","protected":false},"featured_media":14115,"template":"","meta":{"_acf_changed":false,"_joinchat":[]},"product_brand":[],"product_cat":[195,76,77,90,81],"product_tag":[],"class_list":{"0":"post-14094","1":"product","2":"type-product","3":"status-publish","4":"has-post-thumbnail","6":"product_cat-5-unidades","7":"product_cat-exi-green-exotics","8":"product_cat-fast-flowering","9":"product_cat-feminizadas-fotos","10":"product_cat-indica","12":"first","13":"instock","14":"sale","15":"shipping-taxable","16":"purchasable","17":"product-type-simple"},"acf":[],"_links":{"self":[{"href":"https:\/\/exigreen.com\/es\/wp-json\/wp\/v2\/product\/14094","targetHints":{"allow":["GET"]}}],"collection":[{"href":"https:\/\/exigreen.com\/es\/wp-json\/wp\/v2\/product"}],"about":[{"href":"https:\/\/exigreen.com\/es\/wp-json\/wp\/v2\/types\/product"}],"wp:featuredmedia":[{"embeddable":true,"href":"https:\/\/exigreen.com\/es\/wp-json\/wp\/v2\/media\/14115"}],"wp:attachment":[{"href":"https:\/\/exigreen.com\/es\/wp-json\/wp\/v2\/media?parent=14094"}],"wp:term":[{"taxonomy":"product_brand","embeddable":true,"href":"https:\/\/exigreen.com\/es\/wp-json\/wp\/v2\/product_brand?post=14094"},{"taxonomy":"product_cat","embeddable":true,"href":"https:\/\/exigreen.com\/es\/wp-json\/wp\/v2\/product_cat?post=14094"},{"taxonomy":"product_tag","embeddable":true,"href":"https:\/\/exigreen.com\/es\/wp-json\/wp\/v2\/product_tag?post=14094"}],"curies":[{"name":"wp","href":"https:\/\/api.w.org\/{rel}","templated":true}]}}