{"id":14123,"date":"2024-11-06T14:27:10","date_gmt":"2024-11-06T17:27:10","guid":{"rendered":"https:\/\/exigreenseeds.com\/new\/?post_type=product&#038;p=14123"},"modified":"2024-11-06T14:27:32","modified_gmt":"2024-11-06T17:27:32","slug":"rainbow-runtz-feminizadas-5-unidades","status":"publish","type":"product","link":"https:\/\/exigreen.com\/es\/product\/rainbow-runtz-feminizadas-5-unidades\/","title":{"rendered":"Rainbow Runtz Feminizadas \u2013 5 Unidades"},"content":{"rendered":"<p>Aparentemente, esta \u00e9 uma daquelas cepas em que mais de um criador escolheu o mesmo nome. Apar\u00eancia &#8211; As cores s\u00e3o roxo, verde escuro profundo, um brilho tric\u00f4mo prateado, um pouco de vermelho e v\u00e1rios outros tons de verde. \u00c9 FROSTY com tricomas. Os bot\u00f5es s\u00e3o densos &#8211; n\u00e3o insanamente, mas boa densidade s\u00f3lida. Denso o suficiente para que voc\u00ea definitivamente queira mo\u00ea-los, e voc\u00ea quer os tricomas na base do seu moedor. Sasgenetics fez um trabalho primoroso nessa magn\u00edfica planta . Cheiro &#8211; WHOA o cheiro. Dois mundos aqui: Um &#8211; pr\u00e9-moagem, em forma de broto &#8211; o cheiro do saco \u00e9 imediatamente forte, pungente, \u00famido, frutado e principalmente lim\u00e3o\/c\u00edtrico. Dois &#8211; p\u00f3s-moagem &#8211; \u00e9 aqui que a magia acontece. O cheiro \u00e9 EXTREMAMENTE frutado, MUITO<\/p>\n<p>A fuma\u00e7a \u00e9 densa e cremosa. Nada duro. Golpes grandes sem tosse da pr\u00f3pria fuma\u00e7a. \u00c9 suave. Tamb\u00e9m \u00e9 expansivo, e isso me deu uma vez. Lol. \u00d3timo, agrad\u00e1vel na paleta de fuma\u00e7a que \u00e9 suave o suficiente para soprar do seu nariz, o que eu fa\u00e7o para me ajudar a avaliar o sabor. Fora do nariz, at\u00e9 lhe d\u00e1 um pequeno elemento apimentado, muito sutil. A fuma\u00e7a em si tamb\u00e9m n\u00e3o \u00e9 bem branca &#8211; apenas um leve tom de creme do branco normal. Interessante.<\/p>","protected":false},"excerpt":{"rendered":"<p>Aparentemente, esta \u00e9 uma daquelas cepas em que mais de um criador escolheu o mesmo nome. Apar\u00eancia &#8211; As cores s\u00e3o roxo, verde escuro profundo, um brilho tric\u00f4mo prateado, um pouco de vermelho e v\u00e1rios outros tons de verde. \u00c9 FROSTY com tricomas. Os bot\u00f5es s\u00e3o densos &#8211; n\u00e3o insanamente, mas boa densidade s\u00f3lida. Denso [&hellip;]<\/p>\n","protected":false},"featured_media":14145,"template":"","meta":{"_acf_changed":false,"_joinchat":[]},"product_brand":[],"product_cat":[76,90,79],"product_tag":[],"class_list":{"0":"post-14123","1":"product","2":"type-product","3":"status-publish","4":"has-post-thumbnail","6":"product_cat-exi-green-exotics","7":"product_cat-feminizadas-fotos","8":"product_cat-hibrida","10":"first","11":"outofstock","12":"sale","13":"shipping-taxable","14":"purchasable","15":"product-type-simple"},"acf":[],"_links":{"self":[{"href":"https:\/\/exigreen.com\/es\/wp-json\/wp\/v2\/product\/14123","targetHints":{"allow":["GET"]}}],"collection":[{"href":"https:\/\/exigreen.com\/es\/wp-json\/wp\/v2\/product"}],"about":[{"href":"https:\/\/exigreen.com\/es\/wp-json\/wp\/v2\/types\/product"}],"wp:featuredmedia":[{"embeddable":true,"href":"https:\/\/exigreen.com\/es\/wp-json\/wp\/v2\/media\/14145"}],"wp:attachment":[{"href":"https:\/\/exigreen.com\/es\/wp-json\/wp\/v2\/media?parent=14123"}],"wp:term":[{"taxonomy":"product_brand","embeddable":true,"href":"https:\/\/exigreen.com\/es\/wp-json\/wp\/v2\/product_brand?post=14123"},{"taxonomy":"product_cat","embeddable":true,"href":"https:\/\/exigreen.com\/es\/wp-json\/wp\/v2\/product_cat?post=14123"},{"taxonomy":"product_tag","embeddable":true,"href":"https:\/\/exigreen.com\/es\/wp-json\/wp\/v2\/product_tag?post=14123"}],"curies":[{"name":"wp","href":"https:\/\/api.w.org\/{rel}","templated":true}]}}