{"id":14131,"date":"2024-11-06T14:27:10","date_gmt":"2024-11-06T17:27:10","guid":{"rendered":"https:\/\/exigreenseeds.com\/new\/?post_type=product&#038;p=14131"},"modified":"2024-11-06T14:27:39","modified_gmt":"2024-11-06T17:27:39","slug":"gas-monkey-feminizadas-1-unidade","status":"publish","type":"product","link":"https:\/\/exigreen.com\/es\/product\/gas-monkey-feminizadas-1-unidade\/","title":{"rendered":"Gas MOnkey Feminizadas \u2013 1 Unidade"},"content":{"rendered":"<p>Gas Monkey \u00e9 uma cepa h\u00edbrida indica dominante criada atrav\u00e9s do cruzamento das variedades cl\u00e1ssicas Grease Monkey X Gas Basket . Prepare-se para um n\u00edvel insano de pot\u00eancia e pung\u00eancia &#8211; este bot\u00e3o tem os dois. Gas Monkey traz os efeitos pesados gra\u00e7as ao seu n\u00edvel de THC super alto de 28-31%. Voc\u00ea sentir\u00e1 um levantamento pesado no in\u00edcio da alta, correndo para sua mente com uma euforia em r\u00e1pida expans\u00e3o que espalha suas gavenhas entorpecentes rapidamente, for\u00e7ando quaisquer pensamentos negativos ou acelerados quase imediatamente. Esse efeito entorpecente logo escapar\u00e1 da sua cabe\u00e7a e infectar\u00e1 o resto do seu corpo, deixando voc\u00ea se sentindo um pouco trancado no sof\u00e1 e sedado, totalmente \u00e0 vontade com o mundo ao seu redor. Gra\u00e7as a esses efeitos, o Gas Monkey \u00e9 frequentemente escolhido para tratar condi\u00e7\u00f5es como ins\u00f4nia, dor cr\u00f4nica, depress\u00e3o, espasmos musculares e perda de apetite ou n\u00e1usea. Este bot\u00e3o tem um cheiro pungente super pesado de terra skunky e diesel que pode preencher qualquer sala assim que voc\u00ea tocar. O sabor \u00e9 muito semelhante, com uma pung\u00eancia de tor\u00e7\u00e3o da l\u00edngua que o deixar\u00e1 ofegando por ar. Os bot\u00f5es Gas Monkey t\u00eam nugs verde-oliva em forma de pipoca com pequenos p\u00ealos laranja e uma camada de min\u00fasculos tricomas de cristal claro.<\/p>","protected":false},"excerpt":{"rendered":"<p>Gas Monkey \u00e9 uma cepa h\u00edbrida indica dominante criada atrav\u00e9s do cruzamento das variedades cl\u00e1ssicas Grease Monkey X Gas Basket . Prepare-se para um n\u00edvel insano de pot\u00eancia e pung\u00eancia &#8211; este bot\u00e3o tem os dois. Gas Monkey traz os efeitos pesados gra\u00e7as ao seu n\u00edvel de THC super alto de 28-31%. Voc\u00ea sentir\u00e1 um [&hellip;]<\/p>\n","protected":false},"featured_media":14164,"template":"","meta":{"_acf_changed":false,"_joinchat":[]},"product_brand":[],"product_cat":[76,90,79],"product_tag":[],"class_list":{"0":"post-14131","1":"product","2":"type-product","3":"status-publish","4":"has-post-thumbnail","6":"product_cat-exi-green-exotics","7":"product_cat-feminizadas-fotos","8":"product_cat-hibrida","10":"first","11":"outofstock","12":"sale","13":"shipping-taxable","14":"purchasable","15":"product-type-simple"},"acf":[],"_links":{"self":[{"href":"https:\/\/exigreen.com\/es\/wp-json\/wp\/v2\/product\/14131","targetHints":{"allow":["GET"]}}],"collection":[{"href":"https:\/\/exigreen.com\/es\/wp-json\/wp\/v2\/product"}],"about":[{"href":"https:\/\/exigreen.com\/es\/wp-json\/wp\/v2\/types\/product"}],"wp:featuredmedia":[{"embeddable":true,"href":"https:\/\/exigreen.com\/es\/wp-json\/wp\/v2\/media\/14164"}],"wp:attachment":[{"href":"https:\/\/exigreen.com\/es\/wp-json\/wp\/v2\/media?parent=14131"}],"wp:term":[{"taxonomy":"product_brand","embeddable":true,"href":"https:\/\/exigreen.com\/es\/wp-json\/wp\/v2\/product_brand?post=14131"},{"taxonomy":"product_cat","embeddable":true,"href":"https:\/\/exigreen.com\/es\/wp-json\/wp\/v2\/product_cat?post=14131"},{"taxonomy":"product_tag","embeddable":true,"href":"https:\/\/exigreen.com\/es\/wp-json\/wp\/v2\/product_tag?post=14131"}],"curies":[{"name":"wp","href":"https:\/\/api.w.org\/{rel}","templated":true}]}}