{"id":14134,"date":"2024-11-06T14:27:10","date_gmt":"2024-11-06T17:27:10","guid":{"rendered":"https:\/\/exigreenseeds.com\/new\/?post_type=product&#038;p=14134"},"modified":"2024-11-06T14:27:39","modified_gmt":"2024-11-06T17:27:39","slug":"dirty-little-secret-f3-feminizadas-1-unidade","status":"publish","type":"product","link":"https:\/\/exigreen.com\/es\/product\/dirty-little-secret-f3-feminizadas-1-unidade\/","title":{"rendered":"Dirty Little Secret f3 Feminizadas \u2013 1 Unidade"},"content":{"rendered":"<p>Dirty Little Secret \u00e9 uma cepa h\u00edbrida sativa dominante (70% sativa\/30% indica) criada pela sasgeneticsjr atrav\u00e9s do cruzamento das deliciosas cepas DLSF2 x DSLF2. Depois de apenas um sabor desta deliciosa sativa, voc\u00ea se encontrar\u00e1 mantendo um pequeno segredo sujo para que possa guardar tudo para si mesmo. Este bot\u00e3o tem um sabor de cereja super doce e frutado com toques de flores frescas e picantes em abund\u00e2ncia. O aroma \u00e9 muito semelhante, com um tom de baga de cereja agridoce acentuado por um soco de pimenta preta picante e terra florida. The Dirty Little Secret atinge voc\u00ea quase assim que voc\u00ea expira, enchendo seu c\u00e9rebro com uma euforia criativa expansiva que empurra quaisquer pensamentos negativos ou acelerados imediatamente. Um senso de foco acompanha esse elevador inestivante, ajudando voc\u00ea a trabalhar em qualquer tarefa criativa que voc\u00ea possa ter \u00e0 m\u00e3o. Em combina\u00e7\u00e3o com seu alto n\u00edvel m\u00e9dio de THC de 27% esses efeitos tornam o Dirty Little Secret uma \u00f3tima escolha para tratar aqueles que sofrem de condi\u00e7\u00f5es como perda de apetite ou n\u00e1usea, estresse cr\u00f4nico, depress\u00e3o, fadiga cr\u00f4nica e mudan\u00e7as de humor. Este bot\u00e3o tem nugs verdes-oliva escuros longos e c\u00f4nicos em forma de p\u00e1 com tons azuis, cabelos vermelho-laranja brilhantes e um revestimento de tricomas de cristal branco tingidos de azul gelado.<\/p>","protected":false},"excerpt":{"rendered":"<p>Dirty Little Secret \u00e9 uma cepa h\u00edbrida sativa dominante (70% sativa\/30% indica) criada pela sasgeneticsjr atrav\u00e9s do cruzamento das deliciosas cepas DLSF2 x DSLF2. Depois de apenas um sabor desta deliciosa sativa, voc\u00ea se encontrar\u00e1 mantendo um pequeno segredo sujo para que possa guardar tudo para si mesmo. Este bot\u00e3o tem um sabor de cereja [&hellip;]<\/p>\n","protected":false},"featured_media":14165,"template":"","meta":{"_acf_changed":false,"_joinchat":[]},"product_brand":[],"product_cat":[76,90,87],"product_tag":[],"class_list":{"0":"post-14134","1":"product","2":"type-product","3":"status-publish","4":"has-post-thumbnail","6":"product_cat-exi-green-exotics","7":"product_cat-feminizadas-fotos","8":"product_cat-sativa","10":"first","11":"outofstock","12":"sale","13":"shipping-taxable","14":"purchasable","15":"product-type-simple"},"acf":[],"_links":{"self":[{"href":"https:\/\/exigreen.com\/es\/wp-json\/wp\/v2\/product\/14134","targetHints":{"allow":["GET"]}}],"collection":[{"href":"https:\/\/exigreen.com\/es\/wp-json\/wp\/v2\/product"}],"about":[{"href":"https:\/\/exigreen.com\/es\/wp-json\/wp\/v2\/types\/product"}],"wp:featuredmedia":[{"embeddable":true,"href":"https:\/\/exigreen.com\/es\/wp-json\/wp\/v2\/media\/14165"}],"wp:attachment":[{"href":"https:\/\/exigreen.com\/es\/wp-json\/wp\/v2\/media?parent=14134"}],"wp:term":[{"taxonomy":"product_brand","embeddable":true,"href":"https:\/\/exigreen.com\/es\/wp-json\/wp\/v2\/product_brand?post=14134"},{"taxonomy":"product_cat","embeddable":true,"href":"https:\/\/exigreen.com\/es\/wp-json\/wp\/v2\/product_cat?post=14134"},{"taxonomy":"product_tag","embeddable":true,"href":"https:\/\/exigreen.com\/es\/wp-json\/wp\/v2\/product_tag?post=14134"}],"curies":[{"name":"wp","href":"https:\/\/api.w.org\/{rel}","templated":true}]}}