{"id":14175,"date":"2024-11-06T14:27:53","date_gmt":"2024-11-06T17:27:53","guid":{"rendered":"https:\/\/exigreenseeds.com\/new\/?post_type=product&#038;p=14175"},"modified":"2024-11-06T14:27:57","modified_gmt":"2024-11-06T17:27:57","slug":"mandarin-cookies-feminizadas-3-unidades","status":"publish","type":"product","link":"https:\/\/exigreen.com\/es\/product\/mandarin-cookies-feminizadas-3-unidades\/","title":{"rendered":"Mandarin Cookies Feminizadas &#8211; 3 Unidades"},"content":{"rendered":"<p>Exi Green Seeds tem o prazer de apresentar a Mandarin Cookies uma variedade altamente apreciada gra\u00e7as \u00e0 qualidade da colheita, riqueza de tricomes e terpenos e aroma c\u00edtrico .<\/p>\n<p>Mandarin Cookies \u00e9 um h\u00edbrido Indica Sativa equilibrado<\/p>\n<p>\u00c9 uma planta vigorosa e forte, com uma estrutura de comprimento m\u00e9dio, preenchendo facilmente o espa\u00e7o de crescimento dispon\u00edvel.<\/p>\n<p>Apresenta um per\u00edodo de flora\u00e7\u00e3o de cerca de 56-63 dias, bastante r\u00e1pido, considerando os rendimentos generosos oferecidos pelo Mandarin Cookies.<\/p>\n<p>Biscoitos de mandarim originais, colheita de cannabis muito resinosa e arom\u00e1tica<\/p>\n<p>Mandarin Cookies produz flores gordas e duras com c\u00e1lices grandes e inchados que s\u00e3o completamente envoltos em resina. \u00c9 rico em canabin\u00f3ides, com um n\u00edvel de THC de 25-30%, com um poderoso efeito cerebral e criativo no n\u00edvel mental e calmo e relaxado no n\u00edvel f\u00edsico.<\/p>\n<p>Oferece um perfil de terpenos que combina notas de tangerina c\u00edtrica \u00e1cida e doce e clementina, com um fundo diesel a gasolina que proporciona uma \u00f3tima presen\u00e7a.<\/p>","protected":false},"excerpt":{"rendered":"<p>Exi Green Seeds tem o prazer de apresentar a Mandarin Cookies uma variedade altamente apreciada gra\u00e7as \u00e0 qualidade da colheita, riqueza de tricomes e terpenos e aroma c\u00edtrico . Mandarin Cookies \u00e9 um h\u00edbrido Indica Sativa equilibrado \u00c9 uma planta vigorosa e forte, com uma estrutura de comprimento m\u00e9dio, preenchendo facilmente o espa\u00e7o de crescimento [&hellip;]<\/p>\n","protected":false},"featured_media":14202,"template":"","meta":{"_acf_changed":false,"_joinchat":[]},"product_brand":[],"product_cat":[89,76,90,87],"product_tag":[],"class_list":{"0":"post-14175","1":"product","2":"type-product","3":"status-publish","4":"has-post-thumbnail","6":"product_cat-exi-green","7":"product_cat-exi-green-exotics","8":"product_cat-feminizadas-fotos","9":"product_cat-sativa","11":"first","12":"outofstock","13":"sale","14":"shipping-taxable","15":"purchasable","16":"product-type-simple"},"acf":[],"_links":{"self":[{"href":"https:\/\/exigreen.com\/es\/wp-json\/wp\/v2\/product\/14175","targetHints":{"allow":["GET"]}}],"collection":[{"href":"https:\/\/exigreen.com\/es\/wp-json\/wp\/v2\/product"}],"about":[{"href":"https:\/\/exigreen.com\/es\/wp-json\/wp\/v2\/types\/product"}],"wp:featuredmedia":[{"embeddable":true,"href":"https:\/\/exigreen.com\/es\/wp-json\/wp\/v2\/media\/14202"}],"wp:attachment":[{"href":"https:\/\/exigreen.com\/es\/wp-json\/wp\/v2\/media?parent=14175"}],"wp:term":[{"taxonomy":"product_brand","embeddable":true,"href":"https:\/\/exigreen.com\/es\/wp-json\/wp\/v2\/product_brand?post=14175"},{"taxonomy":"product_cat","embeddable":true,"href":"https:\/\/exigreen.com\/es\/wp-json\/wp\/v2\/product_cat?post=14175"},{"taxonomy":"product_tag","embeddable":true,"href":"https:\/\/exigreen.com\/es\/wp-json\/wp\/v2\/product_tag?post=14175"}],"curies":[{"name":"wp","href":"https:\/\/api.w.org\/{rel}","templated":true}]}}