{"id":14198,"date":"2024-11-06T14:27:54","date_gmt":"2024-11-06T17:27:54","guid":{"rendered":"https:\/\/exigreenseeds.com\/new\/?post_type=product&#038;p=14198"},"modified":"2024-11-06T14:28:51","modified_gmt":"2024-11-06T17:28:51","slug":"hulk-berry-automatica-1-unidade","status":"publish","type":"product","link":"https:\/\/exigreen.com\/es\/product\/hulk-berry-automatica-1-unidade\/","title":{"rendered":"Hulk Berry Autom\u00e1tica \u2013 1 Unidade"},"content":{"rendered":"<p>HulkBerry Automatic \u00e9 a vers\u00e3o autoflorescente refor\u00e7ada que Exi Green Seeds traz do premiado Bruce Banner #3. Com not\u00e1veis 21% de THC, \u00e9 uma das autoflorescentes mais potentes que voc\u00ea pode cultivar, superando muitos de seus concorrentes de fotoper\u00edodo!<\/p>\n<p>Efeitos e perfil de sabor do Hulkberry Automatic<\/p>\n<p>HulkBerry Automatic\u00a0pode parecer inocente, mas n\u00e3o a subestime!\u00a0Suas flores compactas e geladas fornecem um teor de\u00a0THC\u00a0de at\u00e9\u00a021%\u00a0, o suficiente para satisfazer os fumantes mais experientes.\u00a0Espere uma onda de euforia cair sobre voc\u00ea depois de um vape hit ou bong bowl de\u00a0HulkBerry Automatic\u00a0.\u00a0A tens\u00e3o \u00e9 motivadora, aumenta o estado de alerta e faz fluir a criatividade.\u00a0Ela fuma muito bem quando ouve m\u00fasica e assiste a filmes, ou quando se entrega \u00e0 sua pr\u00f3pria criatividade.\u00a0No geral, ela \u00e9 uma variedade excelente para uso diurno.\u00a0Desfrute dela pela manh\u00e3 junto com uma x\u00edcara de caf\u00e9 fresco para come\u00e7ar o dia com uma sacudida energizante.<\/p>","protected":false},"excerpt":{"rendered":"<p>HulkBerry Automatic \u00e9 a vers\u00e3o autoflorescente refor\u00e7ada que Exi Green Seeds traz do premiado Bruce Banner #3. Com not\u00e1veis 21% de THC, \u00e9 uma das autoflorescentes mais potentes que voc\u00ea pode cultivar, superando muitos de seus concorrentes de fotoper\u00edodo! Efeitos e perfil de sabor do Hulkberry Automatic HulkBerry Automatic\u00a0pode parecer inocente, mas n\u00e3o a subestime!\u00a0Suas [&hellip;]<\/p>\n","protected":false},"featured_media":14223,"template":"","meta":{"_acf_changed":false,"_joinchat":[]},"product_brand":[],"product_cat":[72,89,87],"product_tag":[],"class_list":{"0":"post-14198","1":"product","2":"type-product","3":"status-publish","4":"has-post-thumbnail","6":"product_cat-automatica","7":"product_cat-exi-green","8":"product_cat-sativa","10":"first","11":"outofstock","12":"sale","13":"shipping-taxable","14":"purchasable","15":"product-type-simple"},"acf":[],"_links":{"self":[{"href":"https:\/\/exigreen.com\/es\/wp-json\/wp\/v2\/product\/14198","targetHints":{"allow":["GET"]}}],"collection":[{"href":"https:\/\/exigreen.com\/es\/wp-json\/wp\/v2\/product"}],"about":[{"href":"https:\/\/exigreen.com\/es\/wp-json\/wp\/v2\/types\/product"}],"wp:featuredmedia":[{"embeddable":true,"href":"https:\/\/exigreen.com\/es\/wp-json\/wp\/v2\/media\/14223"}],"wp:attachment":[{"href":"https:\/\/exigreen.com\/es\/wp-json\/wp\/v2\/media?parent=14198"}],"wp:term":[{"taxonomy":"product_brand","embeddable":true,"href":"https:\/\/exigreen.com\/es\/wp-json\/wp\/v2\/product_brand?post=14198"},{"taxonomy":"product_cat","embeddable":true,"href":"https:\/\/exigreen.com\/es\/wp-json\/wp\/v2\/product_cat?post=14198"},{"taxonomy":"product_tag","embeddable":true,"href":"https:\/\/exigreen.com\/es\/wp-json\/wp\/v2\/product_tag?post=14198"}],"curies":[{"name":"wp","href":"https:\/\/api.w.org\/{rel}","templated":true}]}}