{"id":14213,"date":"2024-11-06T14:28:19","date_gmt":"2024-11-06T17:28:19","guid":{"rendered":"https:\/\/exigreenseeds.com\/new\/?post_type=product&#038;p=14213"},"modified":"2024-11-06T14:28:59","modified_gmt":"2024-11-06T17:28:59","slug":"purple-x-og-kush-feminizadas-3-unidades","status":"publish","type":"product","link":"https:\/\/exigreen.com\/es\/product\/purple-x-og-kush-feminizadas-3-unidades\/","title":{"rendered":"Purple x Og Kush Feminizadas \u2013 3 Unidades"},"content":{"rendered":"<p>Purple OG Kush \u00e9 uma potente variedade de maconha indica feita pelo cruzamento de OG Kush com Purple Kush. Purple OG Kush produz efeitos sedativos intensos que envolvem a mente e o corpo rapidamente. O aroma desta variedade \u00e9 espesso e bolorento, com notas de frutos silvestres e pinho. Como Purple OG Kush vai fazer voc\u00ea se sentir extremamente sonolento e sem foco, esta variedade \u00e9 ideal para uso noturno. Esta cepa n\u00e3o \u00e9 recomendada para consumidores com baixa toler\u00e2ncia ao THC. Pacientes de maconha medicinal escolhem Purple OG Kush para aliviar os sintomas associados \u00e0 ins\u00f4nia.<\/p>","protected":false},"excerpt":{"rendered":"<p>Purple OG Kush \u00e9 uma potente variedade de maconha indica feita pelo cruzamento de OG Kush com Purple Kush. Purple OG Kush produz efeitos sedativos intensos que envolvem a mente e o corpo rapidamente. O aroma desta variedade \u00e9 espesso e bolorento, com notas de frutos silvestres e pinho. Como Purple OG Kush vai fazer [&hellip;]<\/p>\n","protected":false},"featured_media":14226,"template":"","meta":{"_acf_changed":false,"_joinchat":[]},"product_brand":[],"product_cat":[89,77,90,81,85],"product_tag":[],"class_list":{"0":"post-14213","1":"product","2":"type-product","3":"status-publish","4":"has-post-thumbnail","6":"product_cat-exi-green","7":"product_cat-fast-flowering","8":"product_cat-feminizadas-fotos","9":"product_cat-indica","10":"product_cat-purple","12":"first","13":"outofstock","14":"sale","15":"shipping-taxable","16":"purchasable","17":"product-type-simple"},"acf":[],"_links":{"self":[{"href":"https:\/\/exigreen.com\/es\/wp-json\/wp\/v2\/product\/14213","targetHints":{"allow":["GET"]}}],"collection":[{"href":"https:\/\/exigreen.com\/es\/wp-json\/wp\/v2\/product"}],"about":[{"href":"https:\/\/exigreen.com\/es\/wp-json\/wp\/v2\/types\/product"}],"wp:featuredmedia":[{"embeddable":true,"href":"https:\/\/exigreen.com\/es\/wp-json\/wp\/v2\/media\/14226"}],"wp:attachment":[{"href":"https:\/\/exigreen.com\/es\/wp-json\/wp\/v2\/media?parent=14213"}],"wp:term":[{"taxonomy":"product_brand","embeddable":true,"href":"https:\/\/exigreen.com\/es\/wp-json\/wp\/v2\/product_brand?post=14213"},{"taxonomy":"product_cat","embeddable":true,"href":"https:\/\/exigreen.com\/es\/wp-json\/wp\/v2\/product_cat?post=14213"},{"taxonomy":"product_tag","embeddable":true,"href":"https:\/\/exigreen.com\/es\/wp-json\/wp\/v2\/product_tag?post=14213"}],"curies":[{"name":"wp","href":"https:\/\/api.w.org\/{rel}","templated":true}]}}