{"id":14316,"date":"2024-11-06T14:29:47","date_gmt":"2024-11-06T17:29:47","guid":{"rendered":"https:\/\/exigreenseeds.com\/new\/?post_type=product&#038;p=14316"},"modified":"2025-08-27T20:45:00","modified_gmt":"2025-08-27T23:45:00","slug":"gelato-black-automatica-5-unidades","status":"publish","type":"product","link":"https:\/\/exigreen.com\/es\/product\/gelato-black-automatica-5-unidades\/","title":{"rendered":"Gelato Black Autom\u00e1tica \u2013 5 Unidades"},"content":{"rendered":"<p>Gelato Black \u00e9 um cruzamento de (Sunset Sherbet Black x Thin Mint Girl Scout Cookies x Ruderalis) com a linha de Black Skull. Isso produz uma cepa de 55% Indica com 23% de THC. Esta cepa \u00e9 conhecida por seu sabor, bem como pelos efeitos de empacotamento que carrega com o alto n\u00edvel de THC. Os bot\u00f5es colhidos de Gelato Black ter\u00e3o gosto de sorvete doce com notas e tons de mirtilo e laranja. Durante o ciclo de vida da planta, sua sala de cultivo cheira a frutas vermelhas, lavanda e frutas c\u00edtricas. Mesmo que haja uma ligeira predomin\u00e2ncia do Indica, a alta \u00e9 edificante mentalmente, ent\u00e3o a influ\u00eancia Sativa ajuda a manter o sof\u00e1 bloqueado. A euforia come\u00e7a com uma explos\u00e3o cerebral e leva a uma euforia edificante e a uma sensa\u00e7\u00e3o de concentra\u00e7\u00e3o.<\/p>","protected":false},"excerpt":{"rendered":"<p>Gelato Black \u00e9 um cruzamento de (Sunset Sherbet Black x Thin Mint Girl Scout Cookies x Ruderalis) com a linha de Black Skull. Isso produz uma cepa de 55% Indica com 23% de THC. Esta cepa \u00e9 conhecida por seu sabor, bem como pelos efeitos de empacotamento que carrega com o alto n\u00edvel de THC. [&hellip;]<\/p>\n","protected":false},"featured_media":14332,"template":"","meta":{"_acf_changed":false,"_joinchat":[]},"product_brand":[],"product_cat":[195,72,89,76,79],"product_tag":[],"class_list":{"0":"post-14316","1":"product","2":"type-product","3":"status-publish","4":"has-post-thumbnail","6":"product_cat-5-unidades","7":"product_cat-automatica","8":"product_cat-exi-green","9":"product_cat-exi-green-exotics","10":"product_cat-hibrida","12":"first","13":"outofstock","14":"sale","15":"shipping-taxable","16":"purchasable","17":"product-type-simple"},"acf":[],"_links":{"self":[{"href":"https:\/\/exigreen.com\/es\/wp-json\/wp\/v2\/product\/14316","targetHints":{"allow":["GET"]}}],"collection":[{"href":"https:\/\/exigreen.com\/es\/wp-json\/wp\/v2\/product"}],"about":[{"href":"https:\/\/exigreen.com\/es\/wp-json\/wp\/v2\/types\/product"}],"wp:featuredmedia":[{"embeddable":true,"href":"https:\/\/exigreen.com\/es\/wp-json\/wp\/v2\/media\/14332"}],"wp:attachment":[{"href":"https:\/\/exigreen.com\/es\/wp-json\/wp\/v2\/media?parent=14316"}],"wp:term":[{"taxonomy":"product_brand","embeddable":true,"href":"https:\/\/exigreen.com\/es\/wp-json\/wp\/v2\/product_brand?post=14316"},{"taxonomy":"product_cat","embeddable":true,"href":"https:\/\/exigreen.com\/es\/wp-json\/wp\/v2\/product_cat?post=14316"},{"taxonomy":"product_tag","embeddable":true,"href":"https:\/\/exigreen.com\/es\/wp-json\/wp\/v2\/product_tag?post=14316"}],"curies":[{"name":"wp","href":"https:\/\/api.w.org\/{rel}","templated":true}]}}