{"id":14415,"date":"2024-11-06T14:31:14","date_gmt":"2024-11-06T17:31:14","guid":{"rendered":"https:\/\/exigreenseeds.com\/new\/?post_type=product&#038;p=14415"},"modified":"2026-04-22T21:41:39","modified_gmt":"2026-04-23T00:41:39","slug":"zkittlez-automatica","status":"publish","type":"product","link":"https:\/\/exigreen.com\/es\/product\/zkittlez-automatica\/","title":{"rendered":"Zkittlez Autom\u00e1tica"},"content":{"rendered":"<p>Explore a Zkittlez, uma strain de cannabis com alto THC, aroma doce e frutado, e efeitos equilibrados. Saiba mais sobre suas caracter\u00edsticas, benef\u00edcios medicinais e dicas de cultivo.<\/p>\n<p>\u00c9 uma strain h\u00edbrida com uma leve predomin\u00e2ncia Indica, apresentando uma propor\u00e7\u00e3o de aproximadamente 60% Indica e 40% Sativa. Este equil\u00edbrio resulta em uma planta que oferece o melhor dos dois mundos, combinando efeitos relaxantes e euf\u00f3ricos. O aroma da Zkittlez \u00e9 uma de suas caracter\u00edsticas mais marcantes, misturando notas doces e frutadas com um toque c\u00edtrico. O sabor segue o mesmo perfil, proporcionando uma experi\u00eancia gustativa rica e deliciosa que lembra uma mistura de frutas tropicais e bagas.<\/p>\n<p>Em termos de pot\u00eancia, a Zkittlez \u00e9 bastante impressionante. Com n\u00edveis de THC que variam entre 15% e 23%, esta strain \u00e9 conhecida por seus efeitos fortes e duradouros. O CBD, por outro lado, \u00e9 baixo, geralmente abaixo de 1%. A origem da Zkittlez remonta a v\u00e1\u2026<\/p>\n<p>Os efeitos da Zkittlez podem variar dependendo do usu\u00e1rio, pois o sistema endocanabinoide de cada pessoa \u00e9 \u00fanico. No entanto, alguns efeitos s\u00e3o comumente relatados. A predomin\u00e2ncia Indica proporciona uma sensa\u00e7\u00e3o relaxante e calmante, ideal para momentos de descanso ou para aliviar o estresse ap\u00f3s um longo dia. Ao mesmo tempo, a presen\u00e7a de Sativa garante uma leve euforia que melhora o humor e a criatividade<\/p>","protected":false},"excerpt":{"rendered":"<p>Explore a Zkittlez, uma strain de cannabis com alto THC, aroma doce e frutado, e efeitos equilibrados. Saiba mais sobre suas caracter\u00edsticas, benef\u00edcios medicinais e dicas de cultivo. \u00c9 uma strain h\u00edbrida com uma leve predomin\u00e2ncia Indica, apresentando uma propor\u00e7\u00e3o de aproximadamente 60% Indica e 40% Sativa. Este equil\u00edbrio resulta em uma planta que oferece [&hellip;]<\/p>\n","protected":false},"featured_media":14452,"template":"","meta":{"_acf_changed":false,"_joinchat":[]},"product_brand":[],"product_cat":[89,81],"product_tag":[],"class_list":{"0":"post-14415","1":"product","2":"type-product","3":"status-publish","4":"has-post-thumbnail","6":"product_cat-exi-green","7":"product_cat-indica","9":"first","10":"instock","11":"sale","12":"shipping-taxable","13":"purchasable","14":"product-type-variable"},"acf":[],"_links":{"self":[{"href":"https:\/\/exigreen.com\/es\/wp-json\/wp\/v2\/product\/14415","targetHints":{"allow":["GET"]}}],"collection":[{"href":"https:\/\/exigreen.com\/es\/wp-json\/wp\/v2\/product"}],"about":[{"href":"https:\/\/exigreen.com\/es\/wp-json\/wp\/v2\/types\/product"}],"wp:featuredmedia":[{"embeddable":true,"href":"https:\/\/exigreen.com\/es\/wp-json\/wp\/v2\/media\/14452"}],"wp:attachment":[{"href":"https:\/\/exigreen.com\/es\/wp-json\/wp\/v2\/media?parent=14415"}],"wp:term":[{"taxonomy":"product_brand","embeddable":true,"href":"https:\/\/exigreen.com\/es\/wp-json\/wp\/v2\/product_brand?post=14415"},{"taxonomy":"product_cat","embeddable":true,"href":"https:\/\/exigreen.com\/es\/wp-json\/wp\/v2\/product_cat?post=14415"},{"taxonomy":"product_tag","embeddable":true,"href":"https:\/\/exigreen.com\/es\/wp-json\/wp\/v2\/product_tag?post=14415"}],"curies":[{"name":"wp","href":"https:\/\/api.w.org\/{rel}","templated":true}]}}