{"id":16605,"date":"2024-11-24T16:46:42","date_gmt":"2024-11-24T19:46:42","guid":{"rendered":"https:\/\/exigreen.com\/?post_type=product&#038;p=16605"},"modified":"2025-02-24T18:58:30","modified_gmt":"2025-02-24T21:58:30","slug":"zombie-kush-x-the-white-feminizada-3-unidades","status":"publish","type":"product","link":"https:\/\/exigreen.com\/es\/product\/zombie-kush-x-the-white-feminizada-3-unidades\/","title":{"rendered":"Zombie Kush x The White Feminizada \u2013 3 Unidades"},"content":{"rendered":"<p>Esta cepa tem um per\u00edodo de vegeta\u00e7\u00e3o de 2 a 4 semanas &#8211; no entanto, a Ripper Seeds recomenda deix\u00e1-la vegetar totalmente por 4 semanas antes de acender suas luzes em 12\/12. Isso ajudar\u00e1 a planta a obter crescimento suficiente de caules e galhos e a desenvolver totalmente seus bot\u00f5es grossos de qualidade, literalmente revestidos de resina, al\u00e9m de uma apar\u00eancia de tricoma doce e a\u00e7ucarado. Zombie Kush estar\u00e1 pronto para a colheita ap\u00f3s apenas 55-60 dias de flora\u00e7\u00e3o &#8211; permitindo rendimentos incrivelmente grandes para terrenos internos e externos. Ao cultivar ao ar livre, experimente plantar diretamente no solo com solo denso em nutrientes para obter o m\u00e1ximo de bot\u00f5es por planta.<\/p>\n<p>Usamos nosso clone Zombie Kush vencedor da ta\u00e7a para oferecer outra vers\u00e3o diferente de nossa variedade vencedora.<\/p>\n<p>O macho utilizado \u00e9 a revers\u00e3o de The White.<\/p>\n<p>80% Indica 20% Sativa<br \/>\nPer\u00edodo de flora\u00e7\u00e3o super r\u00e1pido<br \/>\n7 vezes vencedor da Cannabis Cup<br \/>\nApar\u00eancia bonita: folias lilases e tricomas a\u00e7ucarados em todas as plantas<br \/>\nIndica intensamente poderosa<\/p>\n<p>Com um alto teor de 80% de \u00edndica, esta cepa \u00e9 ideal para quem procura uma variedade de cannabis com sabores e aromas incrivelmente saborosos, que lembram os ancestrais Sideral e Bubba Kush. Produz uma pedra indica intensamente poderosa e alguns benef\u00edcios medicinais, como controle da dor e do estresse.<\/p>","protected":false},"excerpt":{"rendered":"<p>Esta cepa tem um per\u00edodo de vegeta\u00e7\u00e3o de 2 a 4 semanas &#8211; no entanto, a Ripper Seeds recomenda deix\u00e1-la vegetar totalmente por 4 semanas antes de acender suas luzes em 12\/12. Isso ajudar\u00e1 a planta a obter crescimento suficiente de caules e galhos e a desenvolver totalmente seus bot\u00f5es grossos de qualidade, literalmente revestidos [&hellip;]<\/p>\n","protected":false},"featured_media":16606,"template":"","meta":{"_acf_changed":false,"_joinchat":[]},"product_brand":[],"product_cat":[90,79,86,191],"product_tag":[],"class_list":{"0":"post-16605","1":"product","2":"type-product","3":"status-publish","4":"has-post-thumbnail","6":"product_cat-feminizadas-fotos","7":"product_cat-hibrida","8":"product_cat-regulares","9":"product_cat-ripper-seeds","11":"first","12":"outofstock","13":"sale","14":"shipping-taxable","15":"purchasable","16":"product-type-simple"},"acf":[],"_links":{"self":[{"href":"https:\/\/exigreen.com\/es\/wp-json\/wp\/v2\/product\/16605","targetHints":{"allow":["GET"]}}],"collection":[{"href":"https:\/\/exigreen.com\/es\/wp-json\/wp\/v2\/product"}],"about":[{"href":"https:\/\/exigreen.com\/es\/wp-json\/wp\/v2\/types\/product"}],"wp:featuredmedia":[{"embeddable":true,"href":"https:\/\/exigreen.com\/es\/wp-json\/wp\/v2\/media\/16606"}],"wp:attachment":[{"href":"https:\/\/exigreen.com\/es\/wp-json\/wp\/v2\/media?parent=16605"}],"wp:term":[{"taxonomy":"product_brand","embeddable":true,"href":"https:\/\/exigreen.com\/es\/wp-json\/wp\/v2\/product_brand?post=16605"},{"taxonomy":"product_cat","embeddable":true,"href":"https:\/\/exigreen.com\/es\/wp-json\/wp\/v2\/product_cat?post=16605"},{"taxonomy":"product_tag","embeddable":true,"href":"https:\/\/exigreen.com\/es\/wp-json\/wp\/v2\/product_tag?post=16605"}],"curies":[{"name":"wp","href":"https:\/\/api.w.org\/{rel}","templated":true}]}}