{"id":16695,"date":"2024-11-26T22:28:28","date_gmt":"2024-11-27T01:28:28","guid":{"rendered":"https:\/\/exigreen.com\/?post_type=product&#038;p=16695"},"modified":"2026-04-22T22:02:19","modified_gmt":"2026-04-23T01:02:19","slug":"mobydick-automaticas","status":"publish","type":"product","link":"https:\/\/exigreen.com\/es\/product\/mobydick-automaticas\/","title":{"rendered":"Mobydick Autom\u00e1ticas"},"content":{"rendered":"<p>Moby Dick Auto \u00e9 uma cepa inspirada em Amsterd\u00e3, trazendo uma experi\u00eancia literalmente gigante para os cultivadores. Resultado do cruzamento entre a h\u00edbrida White Widow e a sativa Haze, a Moby Dick n\u00e3o \u00e9 grande apenas no nome.<\/p>\n<p>A Moby Dick Auto possui um perfil de terpenos que apresenta notas de frutas c\u00edtricas, madeira e especiarias. Seus flavonoides proporcionam um sabor c\u00edtrico com toques de baunilha e eucalipto. Em termos de efeitos, esta variedade oferece um relaxamento corporal profundo, mantendo o foco e expandindo a criatividade. \u00c9 uma excelente op\u00e7\u00e3o para aliviar o estresse e desfrutar de uma experi\u00eancia sativa intensa. Com um teor de THC elevado, a Moby Dick Auto \u00e9 considerada uma das sativas mais fortes dispon\u00edveis.<\/p>\n<p>&nbsp;<\/p>\n<p>Com um tempo de flora\u00e7\u00e3o de 9 a 11 semanas a partir da germina\u00e7\u00e3o, a Moby Dick Auto produz plantas medianas e robustas, que podem variar de 75 a 160 cm de altura. Sua caracter\u00edstica mais marcante \u00e9 a generosa colheita de flores robustas e densas, repletas de resina.<\/p>\n<p>70% sativa<br \/>\n30 % indica<br \/>\n23% thc<\/p>","protected":false},"excerpt":{"rendered":"<p>Moby Dick Auto \u00e9 uma cepa inspirada em Amsterd\u00e3, trazendo uma experi\u00eancia literalmente gigante para os cultivadores. Resultado do cruzamento entre a h\u00edbrida White Widow e a sativa Haze, a Moby Dick n\u00e3o \u00e9 grande apenas no nome. A Moby Dick Auto possui um perfil de terpenos que apresenta notas de frutas c\u00edtricas, madeira e [&hellip;]<\/p>\n","protected":false},"featured_media":16696,"template":"","meta":{"_acf_changed":false,"_joinchat":[]},"product_brand":[],"product_cat":[72,89,79],"product_tag":[],"class_list":{"0":"post-16695","1":"product","2":"type-product","3":"status-publish","4":"has-post-thumbnail","6":"product_cat-automatica","7":"product_cat-exi-green","8":"product_cat-hibrida","10":"first","11":"instock","12":"sale","13":"shipping-taxable","14":"purchasable","15":"product-type-variable"},"acf":[],"_links":{"self":[{"href":"https:\/\/exigreen.com\/es\/wp-json\/wp\/v2\/product\/16695","targetHints":{"allow":["GET"]}}],"collection":[{"href":"https:\/\/exigreen.com\/es\/wp-json\/wp\/v2\/product"}],"about":[{"href":"https:\/\/exigreen.com\/es\/wp-json\/wp\/v2\/types\/product"}],"wp:featuredmedia":[{"embeddable":true,"href":"https:\/\/exigreen.com\/es\/wp-json\/wp\/v2\/media\/16696"}],"wp:attachment":[{"href":"https:\/\/exigreen.com\/es\/wp-json\/wp\/v2\/media?parent=16695"}],"wp:term":[{"taxonomy":"product_brand","embeddable":true,"href":"https:\/\/exigreen.com\/es\/wp-json\/wp\/v2\/product_brand?post=16695"},{"taxonomy":"product_cat","embeddable":true,"href":"https:\/\/exigreen.com\/es\/wp-json\/wp\/v2\/product_cat?post=16695"},{"taxonomy":"product_tag","embeddable":true,"href":"https:\/\/exigreen.com\/es\/wp-json\/wp\/v2\/product_tag?post=16695"}],"curies":[{"name":"wp","href":"https:\/\/api.w.org\/{rel}","templated":true}]}}