{"id":16700,"date":"2024-11-27T10:32:41","date_gmt":"2024-11-27T13:32:41","guid":{"rendered":"https:\/\/exigreen.com\/?post_type=product&#038;p=16700"},"modified":"2025-02-24T18:52:59","modified_gmt":"2025-02-24T21:52:59","slug":"tangerine-haze-feminizadas","status":"publish","type":"product","link":"https:\/\/exigreen.com\/es\/product\/tangerine-haze-feminizadas\/","title":{"rendered":"Tangerine Haze Feminizadas"},"content":{"rendered":"<p>Tangerine Haze \u00e9 um h\u00edbrido com predomin\u00e2ncia sativa que \u00e9 apreciado por seu cheiro e sabor c\u00edtrico distintos. Esta sativa apenas clone originou-se na Holanda com a uni\u00e3o de G13 Haze e NYC Diesel, e desde ent\u00e3o sua popularidade se espalhou pelo Canad\u00e1, Colorado e Costa Oeste. O aroma picante de tangerina acentuado com notas florais pode ser a marca registrada desta variedade, mas seus efeitos de eleva\u00e7\u00e3o e al\u00edvio do estresse tamb\u00e9m s\u00e3o apreciados por pacientes e consumidores recreativos. Tangerine Haze \u00e9 a melhor escolha para desfrutar durante o dia, pois seus efeitos estimulam a mente e permitem a funcionalidade. Os produtores recomendam um per\u00edodo de flora\u00e7\u00e3o de 70 dias para Tangerine Haze, quando seu sabor c\u00edtrico atinge o pico.<\/p>\n<p>17% thc<br \/>\nsativa<br \/>\n70 dias flora<\/p>","protected":false},"excerpt":{"rendered":"<p>Tangerine Haze \u00e9 um h\u00edbrido com predomin\u00e2ncia sativa que \u00e9 apreciado por seu cheiro e sabor c\u00edtrico distintos. Esta sativa apenas clone originou-se na Holanda com a uni\u00e3o de G13 Haze e NYC Diesel, e desde ent\u00e3o sua popularidade se espalhou pelo Canad\u00e1, Colorado e Costa Oeste. O aroma picante de tangerina acentuado com notas [&hellip;]<\/p>\n","protected":false},"featured_media":16701,"template":"","meta":{"_acf_changed":false,"_joinchat":[]},"product_brand":[],"product_cat":[89,90,79],"product_tag":[],"class_list":{"0":"post-16700","1":"product","2":"type-product","3":"status-publish","4":"has-post-thumbnail","6":"product_cat-exi-green","7":"product_cat-feminizadas-fotos","8":"product_cat-hibrida","10":"first","11":"outofstock","12":"sale","13":"shipping-taxable","14":"purchasable","15":"product-type-variable"},"acf":[],"_links":{"self":[{"href":"https:\/\/exigreen.com\/es\/wp-json\/wp\/v2\/product\/16700","targetHints":{"allow":["GET"]}}],"collection":[{"href":"https:\/\/exigreen.com\/es\/wp-json\/wp\/v2\/product"}],"about":[{"href":"https:\/\/exigreen.com\/es\/wp-json\/wp\/v2\/types\/product"}],"wp:featuredmedia":[{"embeddable":true,"href":"https:\/\/exigreen.com\/es\/wp-json\/wp\/v2\/media\/16701"}],"wp:attachment":[{"href":"https:\/\/exigreen.com\/es\/wp-json\/wp\/v2\/media?parent=16700"}],"wp:term":[{"taxonomy":"product_brand","embeddable":true,"href":"https:\/\/exigreen.com\/es\/wp-json\/wp\/v2\/product_brand?post=16700"},{"taxonomy":"product_cat","embeddable":true,"href":"https:\/\/exigreen.com\/es\/wp-json\/wp\/v2\/product_cat?post=16700"},{"taxonomy":"product_tag","embeddable":true,"href":"https:\/\/exigreen.com\/es\/wp-json\/wp\/v2\/product_tag?post=16700"}],"curies":[{"name":"wp","href":"https:\/\/api.w.org\/{rel}","templated":true}]}}