{"id":16786,"date":"2024-11-27T21:34:22","date_gmt":"2024-11-28T00:34:22","guid":{"rendered":"https:\/\/exigreen.com\/?post_type=product&#038;p=16786"},"modified":"2025-04-02T16:46:20","modified_gmt":"2025-04-02T19:46:20","slug":"super-cheese","status":"publish","type":"product","link":"https:\/\/exigreen.com\/es\/product\/super-cheese\/","title":{"rendered":"Super Cheese"},"content":{"rendered":"<p>Con esta variedad volver\u00e1s a los sabores de la vieja escuela, traslad\u00e1ndote a los ancestros del Skunk, con su penetrante y marcado sabor a l\u00e1cteos, dulce y agradable. Nuestra\u00a0<strong>Supercheese, galardonada con el 1er. Premio en Interior Bio en Spannabis Barcelona 2015,\u00a0<\/strong>te sorprender\u00e1 por ser una planta de reducido tama\u00f1o y por su olor caracter\u00edstico a queso curado.<\/p>\n<h2><strong>Cultivo de Supercheese<\/strong><\/h2>\n<p>El resultado de estas\u00a0<strong>semillas de marihuana\u00a0<\/strong>es una producci\u00f3n envidiable y de sencillo cultivo. Las plantas que producen son robustas, con patr\u00f3n piramidal de media altura. Son ideales para alcanzar una alta y r\u00e1pida cosecha en sitios discretos d\u00f3nde la altura es un problema. Sus flores, que pueden adquirir tonalidades p\u00farpuras, se cubren de resina quedando casi blancas por completo.<\/p>\n<p><strong>Floraci\u00f3n indoor\/outdoor:\u00a0<\/strong>60\/65 d\u00edas<\/p>\n<p><strong>Aroma:<\/strong>\u00a0su aroma nos recuerda a los nost\u00e1lgicos a\u00f1os 80, pestilente e intenso, con toques dulces y l\u00e1cticos.<\/p>\n<p><strong>Sabor:<\/strong>\u00a0su sabor es tan fuerte que impregna todo tu paladar. Comparte con los pioneros este ancestral y particular sabor tan apreciado y exclusivo.<\/p>\n<p><strong>Desde\u00a0<\/strong><a href=\"https:\/\/positronicsseeds.eu\/\"><strong>Positronics Seeds<\/strong><\/a><strong>\u00a0te recordamos que estas semillas de cannabis son de uso exclusivo para coleccionismo. Para cultivar semillas de marihuana consulta la legislaci\u00f3n vigente sobre el cultivo de marihuana en tu lugar de residencia. No somos responsables del uso il\u00edcito que se pueda hacer de estas semillas.<\/strong><\/p>","protected":false},"excerpt":{"rendered":"<p>Con esta variedad volver\u00e1s a los sabores de la vieja escuela, traslad\u00e1ndote a los ancestros del Skunk, con su penetrante y marcado sabor a l\u00e1cteos, dulce y agradable. Nuestra\u00a0Supercheese, galardonada con el 1er. Premio en Interior Bio en Spannabis Barcelona 2015,\u00a0te sorprender\u00e1 por ser una planta de reducido tama\u00f1o y por su olor caracter\u00edstico a [&hellip;]<\/p>\n","protected":false},"featured_media":16787,"template":"","meta":{"_acf_changed":false,"_joinchat":[]},"product_brand":[],"product_cat":[90,81,193],"product_tag":[],"class_list":{"0":"post-16786","1":"product","2":"type-product","3":"status-publish","4":"has-post-thumbnail","6":"product_cat-feminizadas-fotos","7":"product_cat-indica","8":"product_cat-positronics","10":"first","11":"outofstock","12":"sale","13":"shipping-taxable","14":"purchasable","15":"product-type-simple"},"acf":[],"_links":{"self":[{"href":"https:\/\/exigreen.com\/es\/wp-json\/wp\/v2\/product\/16786","targetHints":{"allow":["GET"]}}],"collection":[{"href":"https:\/\/exigreen.com\/es\/wp-json\/wp\/v2\/product"}],"about":[{"href":"https:\/\/exigreen.com\/es\/wp-json\/wp\/v2\/types\/product"}],"wp:featuredmedia":[{"embeddable":true,"href":"https:\/\/exigreen.com\/es\/wp-json\/wp\/v2\/media\/16787"}],"wp:attachment":[{"href":"https:\/\/exigreen.com\/es\/wp-json\/wp\/v2\/media?parent=16786"}],"wp:term":[{"taxonomy":"product_brand","embeddable":true,"href":"https:\/\/exigreen.com\/es\/wp-json\/wp\/v2\/product_brand?post=16786"},{"taxonomy":"product_cat","embeddable":true,"href":"https:\/\/exigreen.com\/es\/wp-json\/wp\/v2\/product_cat?post=16786"},{"taxonomy":"product_tag","embeddable":true,"href":"https:\/\/exigreen.com\/es\/wp-json\/wp\/v2\/product_tag?post=16786"}],"curies":[{"name":"wp","href":"https:\/\/api.w.org\/{rel}","templated":true}]}}