{"id":16818,"date":"2024-11-28T15:26:40","date_gmt":"2024-11-28T18:26:40","guid":{"rendered":"https:\/\/exigreen.com\/?post_type=product&#038;p=16818"},"modified":"2025-08-23T19:28:41","modified_gmt":"2025-08-23T22:28:41","slug":"purple-haze-feminizada","status":"publish","type":"product","link":"https:\/\/exigreen.com\/es\/product\/purple-haze-feminizada\/","title":{"rendered":"Purple Haze Feminizadas"},"content":{"rendered":"<p>Uma erva com tonalidades de roxo, conhecida por efeitos de entusiasmo e euforia. Ela ficou famosa em 1967, gra\u00e7as \u00e0 m\u00fasica psicod\u00e9lica do Jimi Hendrix que leva o nome \u201cPurple Haze\u201d. Segundo o cantor, ele n\u00e3o a conhecia. Para o Rei da guitarra, express\u00e3o que d\u00e1 nome \u00e0 sonzeira foi apresentada a ele em um sonho.<\/p>\n<p>Esse \u00e9 mais um tipo de maconha e \u00e9 uma das favoritas de quem curte uma viagem psicod\u00e9lica, com muita criatividade e energia para fazer v\u00e1rias atividades! Conhe\u00e7a mais sobre a strain, seus efeitos, informa\u00e7\u00f5es sobre o cultivo e dicas.<\/p>\n<p>O QUE \u00c9 A PURPLE HAZE? CARACTER\u00cdSTICAS E CURIOSIDADES<\/p>\n<p>Acredita-se que a Purple Haze surgiu a partir do cruzamento da Purple Thai e Haze. Ela \u00e9 popularmente conhecida como maconha roxa e suas cepas s\u00e3o origin\u00e1rias da Col\u00f4mbia.<\/p>\n<p>A Purple Haze \u00e9 conhecida por ser uma sativa dominante, com 85% sativa e 15% indica. Por isso, \u00e9 conhecida pelo efeito estimulante. Veja mais sobre a diferen\u00e7a da sativa e indica, e entenda os diferentes efeitos no corpo, mente, sono e varia\u00e7\u00e3o na trip.<\/p>\n<p>A haze roxinha tem alta produ\u00e7\u00e3o de THC, cerca de 14% e 19%, e CBD a 1%, sendo mais prop\u00edcia a sensa\u00e7\u00f5es psicoativas. O THC j\u00e1 \u00e9 nosso conhecido, n\u00e9? Ele \u00e9 o ativo psicoativo da planta, ele causa sensa\u00e7\u00e3o de bem-estar e causar a larica.<\/p>","protected":false},"excerpt":{"rendered":"<p>Uma erva com tonalidades de roxo, conhecida por efeitos de entusiasmo e euforia. Ela ficou famosa em 1967, gra\u00e7as \u00e0 m\u00fasica psicod\u00e9lica do Jimi Hendrix que leva o nome \u201cPurple Haze\u201d. Segundo o cantor, ele n\u00e3o a conhecia. Para o Rei da guitarra, express\u00e3o que d\u00e1 nome \u00e0 sonzeira foi apresentada a ele em um [&hellip;]<\/p>\n","protected":false},"featured_media":16823,"template":"","meta":{"_acf_changed":false,"_joinchat":[]},"product_brand":[],"product_cat":[89,90,79,85],"product_tag":[],"class_list":{"0":"post-16818","1":"product","2":"type-product","3":"status-publish","4":"has-post-thumbnail","6":"product_cat-exi-green","7":"product_cat-feminizadas-fotos","8":"product_cat-hibrida","9":"product_cat-purple","11":"first","12":"outofstock","13":"shipping-taxable","14":"product-type-variable"},"acf":[],"_links":{"self":[{"href":"https:\/\/exigreen.com\/es\/wp-json\/wp\/v2\/product\/16818","targetHints":{"allow":["GET"]}}],"collection":[{"href":"https:\/\/exigreen.com\/es\/wp-json\/wp\/v2\/product"}],"about":[{"href":"https:\/\/exigreen.com\/es\/wp-json\/wp\/v2\/types\/product"}],"wp:featuredmedia":[{"embeddable":true,"href":"https:\/\/exigreen.com\/es\/wp-json\/wp\/v2\/media\/16823"}],"wp:attachment":[{"href":"https:\/\/exigreen.com\/es\/wp-json\/wp\/v2\/media?parent=16818"}],"wp:term":[{"taxonomy":"product_brand","embeddable":true,"href":"https:\/\/exigreen.com\/es\/wp-json\/wp\/v2\/product_brand?post=16818"},{"taxonomy":"product_cat","embeddable":true,"href":"https:\/\/exigreen.com\/es\/wp-json\/wp\/v2\/product_cat?post=16818"},{"taxonomy":"product_tag","embeddable":true,"href":"https:\/\/exigreen.com\/es\/wp-json\/wp\/v2\/product_tag?post=16818"}],"curies":[{"name":"wp","href":"https:\/\/api.w.org\/{rel}","templated":true}]}}